{"id":4537,"date":"2024-03-14T19:39:27","date_gmt":"2024-03-14T19:39:27","guid":{"rendered":"https:\/\/consortium.ascentia.top\/?post_type=product&#038;p=4537"},"modified":"2025-05-07T14:00:17","modified_gmt":"2025-05-07T14:00:17","slug":"tytan-profi-ljepilo-za-gips-ploce-840-ml","status":"publish","type":"product","link":"http:\/\/consortium.ascentia.top\/sl\/trgovina\/pu-pjene-ljepila-i-silikoni\/poliuretanske-pjene\/tytan-profi-ljepilo-za-gips-ploce-840-ml\/","title":{"rendered":"Tytan Profi lepilo za gips plo\u0161\u010de 840 ml"},"content":{"rendered":"<p>Profesionalno enokomponentno poliuretansko lepilo, namenjeno name\u0161\u010danju mav\u010dno-kartonskih plo\u0161\u010d (GK) in lesenih plo\u0161\u010d (OSB \/ 3) na beton, opeko, siporeks, XPS, OSB in druge gradbene materiale. Lepilo je zelo enostavno za nana\u0161anje, njegova uporaba pa mo\u010dno olaj\u0161a monta\u017eo. Edinstvena tehnologija 3D CONTROL omogo\u010da natan\u010dno in kontrolirano uporabo \u2013 omogo\u010da izravnavo in prilagoditev polo\u017eaja plo\u0161\u010de z ne\u017enim pritiskanjem ter name\u0161\u010danje plo\u0161\u010d na povr\u0161ine z neravninami do 20 mm.<\/p>","protected":false},"excerpt":{"rendered":"<p>Profesionalno jednokomponentno poliuretansko ljepilo namijenjeno postavljanje gipsano kartonskih plo\u010da (GK) i\u00a0drvenih (OSB \/ 3) na beton, opeku, siporeks, XPS, OSB i\u00a0druge gra\u0111evinske materijale. Ljepilo se vrlo jednostavno nanosi, a\u00a0zahvaljuju\u0107i njegovoj uporabi instalacija je puno lak\u0161a. Jedinstvena 3D CONTROL tehnologija omogu\u0107uje preciznu i\u00a0kontroliranu primjenu \u2013 omogu\u0107uje izravnavanje i\u00a0ispravljanje polo\u017eaja plo\u010de nje\u017enim pritiskanjem i\u00a0postavljanjem plo\u010da na povr\u0161ine [&hellip;]<\/p>","protected":false},"featured_media":4538,"template":"","meta":[],"product_brand":[],"product_cat":[198,197],"product_tag":[],"class_list":{"0":"post-4537","1":"product","2":"type-product","3":"status-publish","4":"has-post-thumbnail","6":"product_cat-poliuretanske-pjene","7":"product_cat-pu-pjene-ljepila-i-silikoni","9":"first","10":"outofstock","11":"shipping-taxable","12":"purchasable","13":"product-type-simple"},"acf":[],"_links":{"self":[{"href":"http:\/\/consortium.ascentia.top\/sl\/wp-json\/wp\/v2\/product\/4537","targetHints":{"allow":["GET"]}}],"collection":[{"href":"http:\/\/consortium.ascentia.top\/sl\/wp-json\/wp\/v2\/product"}],"about":[{"href":"http:\/\/consortium.ascentia.top\/sl\/wp-json\/wp\/v2\/types\/product"}],"wp:featuredmedia":[{"embeddable":true,"href":"http:\/\/consortium.ascentia.top\/sl\/wp-json\/wp\/v2\/media\/4538"}],"wp:attachment":[{"href":"http:\/\/consortium.ascentia.top\/sl\/wp-json\/wp\/v2\/media?parent=4537"}],"wp:term":[{"taxonomy":"product_brand","embeddable":true,"href":"http:\/\/consortium.ascentia.top\/sl\/wp-json\/wp\/v2\/product_brand?post=4537"},{"taxonomy":"product_cat","embeddable":true,"href":"http:\/\/consortium.ascentia.top\/sl\/wp-json\/wp\/v2\/product_cat?post=4537"},{"taxonomy":"product_tag","embeddable":true,"href":"http:\/\/consortium.ascentia.top\/sl\/wp-json\/wp\/v2\/product_tag?post=4537"}],"curies":[{"name":"wp","href":"https:\/\/api.w.org\/{rel}","templated":true}]}}