{"id":4533,"date":"2024-03-14T19:34:35","date_gmt":"2024-03-14T19:34:35","guid":{"rendered":"https:\/\/consortium.ascentia.top\/?post_type=product&#038;p=4533"},"modified":"2025-05-07T14:00:16","modified_gmt":"2025-05-07T14:00:16","slug":"tytan-profi-65-niskoekspandirajuca-pjena-750-ml","status":"publish","type":"product","link":"http:\/\/consortium.ascentia.top\/sl\/trgovina\/pu-pjene-ljepila-i-silikoni\/poliuretanske-pjene\/tytan-profi-65-niskoekspandirajuca-pjena-750-ml\/","title":{"rendered":"Tytan Profi 65 nizkoekspandiraju\u010da pena 750 ml"},"content":{"rendered":"<div id=\"mainContent\" class=\"container product__info\">\n<div class=\"row marginbottom\">\n<div class=\"col-sm-16 wow fadeIn\">\n<p>Kakovostna poliuretanska pena za pi\u0161tolo zagotavlja visok izkoristek \u2013 do 65 l in zmanj\u0161ano naknadno ekspanzijo. Hitro in udobno delo ter odli\u010dna zvo\u010dna izolacija.<\/p>\n<\/div>\n<\/div>\n<\/div>","protected":false},"excerpt":{"rendered":"<p>Kakovostna poliuretanska pena za pi\u0161tolo zagotavlja visok izkoristek \u2013 do 65 l in zmanj\u0161ano naknadno ekspanzijo. Hitro in udobno delo ter odli\u010dna zvo\u010dna izolacija.<\/p>","protected":false},"featured_media":4534,"template":"","meta":[],"product_brand":[],"product_cat":[198,197],"product_tag":[],"class_list":{"0":"post-4533","1":"product","2":"type-product","3":"status-publish","4":"has-post-thumbnail","6":"product_cat-poliuretanske-pjene","7":"product_cat-pu-pjene-ljepila-i-silikoni","9":"first","10":"outofstock","11":"shipping-taxable","12":"purchasable","13":"product-type-simple"},"acf":[],"_links":{"self":[{"href":"http:\/\/consortium.ascentia.top\/sl\/wp-json\/wp\/v2\/product\/4533","targetHints":{"allow":["GET"]}}],"collection":[{"href":"http:\/\/consortium.ascentia.top\/sl\/wp-json\/wp\/v2\/product"}],"about":[{"href":"http:\/\/consortium.ascentia.top\/sl\/wp-json\/wp\/v2\/types\/product"}],"wp:featuredmedia":[{"embeddable":true,"href":"http:\/\/consortium.ascentia.top\/sl\/wp-json\/wp\/v2\/media\/4534"}],"wp:attachment":[{"href":"http:\/\/consortium.ascentia.top\/sl\/wp-json\/wp\/v2\/media?parent=4533"}],"wp:term":[{"taxonomy":"product_brand","embeddable":true,"href":"http:\/\/consortium.ascentia.top\/sl\/wp-json\/wp\/v2\/product_brand?post=4533"},{"taxonomy":"product_cat","embeddable":true,"href":"http:\/\/consortium.ascentia.top\/sl\/wp-json\/wp\/v2\/product_cat?post=4533"},{"taxonomy":"product_tag","embeddable":true,"href":"http:\/\/consortium.ascentia.top\/sl\/wp-json\/wp\/v2\/product_tag?post=4533"}],"curies":[{"name":"wp","href":"https:\/\/api.w.org\/{rel}","templated":true}]}}