{"id":4494,"date":"2024-03-06T13:52:35","date_gmt":"2024-03-06T13:52:35","guid":{"rendered":"https:\/\/consortium.ascentia.top\/?post_type=product&#038;p=4494"},"modified":"2025-05-07T14:01:39","modified_gmt":"2025-05-07T14:01:39","slug":"signocol","status":"publish","type":"product","link":"http:\/\/consortium.ascentia.top\/sl\/trgovina\/boje-i-lakovi\/premazi-za-podove\/signocol\/","title":{"rendered":"Signocol"},"content":{"rendered":"<p><strong>Zra\u010dno su\u0161e\u010di premaz za horizontalno signalizacijo prometnih povr\u0161in, odporen na obrabo, motorna olja, sol in agresivne zimske razmere.<\/strong><\/p>","protected":false},"excerpt":{"rendered":"<p>Zra\u010dno su\u0161e\u010di premaz za horizontalno signalizacijo prometnih povr\u0161in, odporen na obrabo, motorna olja, sol in agresivne zimske razmere.<\/p>","protected":false},"featured_media":4498,"template":"","meta":[],"product_brand":[],"product_cat":[169,177],"product_tag":[],"class_list":{"0":"post-4494","1":"product","2":"type-product","3":"status-publish","4":"has-post-thumbnail","6":"product_cat-boje-i-lakovi","7":"product_cat-premazi-za-podove","9":"first","10":"instock","11":"shipping-taxable","12":"purchasable","13":"product-type-variable","14":"wvs-archive-product-wrapper"},"acf":[],"_links":{"self":[{"href":"http:\/\/consortium.ascentia.top\/sl\/wp-json\/wp\/v2\/product\/4494","targetHints":{"allow":["GET"]}}],"collection":[{"href":"http:\/\/consortium.ascentia.top\/sl\/wp-json\/wp\/v2\/product"}],"about":[{"href":"http:\/\/consortium.ascentia.top\/sl\/wp-json\/wp\/v2\/types\/product"}],"wp:featuredmedia":[{"embeddable":true,"href":"http:\/\/consortium.ascentia.top\/sl\/wp-json\/wp\/v2\/media\/4498"}],"wp:attachment":[{"href":"http:\/\/consortium.ascentia.top\/sl\/wp-json\/wp\/v2\/media?parent=4494"}],"wp:term":[{"taxonomy":"product_brand","embeddable":true,"href":"http:\/\/consortium.ascentia.top\/sl\/wp-json\/wp\/v2\/product_brand?post=4494"},{"taxonomy":"product_cat","embeddable":true,"href":"http:\/\/consortium.ascentia.top\/sl\/wp-json\/wp\/v2\/product_cat?post=4494"},{"taxonomy":"product_tag","embeddable":true,"href":"http:\/\/consortium.ascentia.top\/sl\/wp-json\/wp\/v2\/product_tag?post=4494"}],"curies":[{"name":"wp","href":"https:\/\/api.w.org\/{rel}","templated":true}]}}