{"id":4476,"date":"2024-03-06T13:28:55","date_gmt":"2024-03-06T13:28:55","guid":{"rendered":"https:\/\/consortium.ascentia.top\/?post_type=product&#038;p=4476"},"modified":"2025-05-07T14:01:12","modified_gmt":"2025-05-07T14:01:12","slug":"extra-grund","status":"publish","type":"product","link":"http:\/\/consortium.ascentia.top\/sl\/trgovina\/boje-i-lakovi\/impregnacije-za-zidove\/extra-grund\/","title":{"rendered":"Extra Grund"},"content":{"rendered":"<p><strong>Visoko prekrivni temeljni premaz za notranje stene, katerega u\u010dinkovitost se najbolj izka\u017ee na gips-kartonskih plo\u0161\u010dah, kjer je po nana\u0161anju temeljnega premaza v ve\u010dini primerov dovolj le ena plast barve.<\/strong><\/p>\n<p style=\"padding-left: 40px;\"><strong>\u2713\u00a0<\/strong>extra visoka pokrivnost<\/p>\n<p style=\"padding-left: 40px;\"><strong>\u2713\u00a0<\/strong>br\u017ee li\u010denje bez potrebe za drugim slojem boje<\/p>\n<p style=\"padding-left: 40px;\"><strong>\u2713\u00a0<\/strong>pove\u0107ava pokrivnost intenzivnih nijansi<\/p>","protected":false},"excerpt":{"rendered":"<p>Visoko pokrivni temeljni premaz za unutarnje zidove \u010dija se u\u010dinkovitost najvi\u0161e isti\u010de na gips-kartonskim plo\u010dama, gdje je nakon grundiranja u najve\u0107em broju slu\u010dajeva dovoljan samo jedan sloj boje. \u2713\u00a0extra visoka pokrivnost \u2713\u00a0br\u017ee li\u010denje bez potrebe za drugim slojem boje \u2713\u00a0pove\u0107ava pokrivnost intenzivnih nijansi<\/p>","protected":false},"featured_media":4479,"template":"","meta":[],"product_brand":[],"product_cat":[169,171],"product_tag":[],"class_list":{"0":"post-4476","1":"product","2":"type-product","3":"status-publish","4":"has-post-thumbnail","6":"product_cat-boje-i-lakovi","7":"product_cat-impregnacije-za-zidove","9":"first","10":"instock","11":"shipping-taxable","12":"purchasable","13":"product-type-variable","14":"wvs-archive-product-wrapper"},"acf":[],"_links":{"self":[{"href":"http:\/\/consortium.ascentia.top\/sl\/wp-json\/wp\/v2\/product\/4476","targetHints":{"allow":["GET"]}}],"collection":[{"href":"http:\/\/consortium.ascentia.top\/sl\/wp-json\/wp\/v2\/product"}],"about":[{"href":"http:\/\/consortium.ascentia.top\/sl\/wp-json\/wp\/v2\/types\/product"}],"wp:featuredmedia":[{"embeddable":true,"href":"http:\/\/consortium.ascentia.top\/sl\/wp-json\/wp\/v2\/media\/4479"}],"wp:attachment":[{"href":"http:\/\/consortium.ascentia.top\/sl\/wp-json\/wp\/v2\/media?parent=4476"}],"wp:term":[{"taxonomy":"product_brand","embeddable":true,"href":"http:\/\/consortium.ascentia.top\/sl\/wp-json\/wp\/v2\/product_brand?post=4476"},{"taxonomy":"product_cat","embeddable":true,"href":"http:\/\/consortium.ascentia.top\/sl\/wp-json\/wp\/v2\/product_cat?post=4476"},{"taxonomy":"product_tag","embeddable":true,"href":"http:\/\/consortium.ascentia.top\/sl\/wp-json\/wp\/v2\/product_tag?post=4476"}],"curies":[{"name":"wp","href":"https:\/\/api.w.org\/{rel}","templated":true}]}}