{"id":4438,"date":"2024-03-06T13:01:54","date_gmt":"2024-03-06T13:01:54","guid":{"rendered":"https:\/\/consortium.ascentia.top\/?post_type=product&#038;p=4438"},"modified":"2025-05-16T06:17:34","modified_gmt":"2025-05-16T06:17:34","slug":"disperal","status":"publish","type":"product","link":"http:\/\/consortium.ascentia.top\/sl\/trgovina\/boje-i-lakovi\/unutarnje-boje\/unutarnje-zidne-boje\/disperal\/","title":{"rendered":"Disperal"},"content":{"rendered":"<p><strong>Pralna barva za mo\u010dno obremenjene notranje zidne in stropne povr\u0161ine: odporna na mokro brisanje, izjemno visoke pokrivnosti in dobre paropropustnosti.<\/strong><\/p>\n<p style=\"padding-left: 40px;\"><strong>\u2713<\/strong> otpornost na mokro brisanje (razred 2)<br \/>\n<strong>\u2713<\/strong> iznimno visoka pokrivnost<br \/>\n<strong>\u2713<\/strong> visoka paropropusnost<br \/>\n<strong>\u2713<\/strong> naro\u010dito prikladna za prostorije s ve\u0107om vlagom<\/p>","protected":false},"excerpt":{"rendered":"<p>Periva boja za ja\u010de optere\u0107ene unutarnje zidne i stropne povr\u0161ine: otporna na mokro brisanje, iznimno visoke pokrivne mo\u0107i i dobre paropropusnosti. \u2713 otpornost na mokro brisanje (razred 2) \u2713 iznimno visoka pokrivnost \u2713 visoka paropropusnost \u2713 naro\u010dito prikladna za prostorije s ve\u0107om vlagom<\/p>","protected":false},"featured_media":4442,"template":"","meta":[],"product_brand":[],"product_cat":[169,170,181],"product_tag":[],"class_list":{"0":"post-4438","1":"product","2":"type-product","3":"status-publish","4":"has-post-thumbnail","6":"product_cat-boje-i-lakovi","7":"product_cat-unutarnje-boje","8":"product_cat-unutarnje-zidne-boje","10":"first","11":"instock","12":"shipping-taxable","13":"purchasable","14":"product-type-variable","15":"wvs-archive-product-wrapper"},"acf":[],"_links":{"self":[{"href":"http:\/\/consortium.ascentia.top\/sl\/wp-json\/wp\/v2\/product\/4438","targetHints":{"allow":["GET"]}}],"collection":[{"href":"http:\/\/consortium.ascentia.top\/sl\/wp-json\/wp\/v2\/product"}],"about":[{"href":"http:\/\/consortium.ascentia.top\/sl\/wp-json\/wp\/v2\/types\/product"}],"wp:featuredmedia":[{"embeddable":true,"href":"http:\/\/consortium.ascentia.top\/sl\/wp-json\/wp\/v2\/media\/4442"}],"wp:attachment":[{"href":"http:\/\/consortium.ascentia.top\/sl\/wp-json\/wp\/v2\/media?parent=4438"}],"wp:term":[{"taxonomy":"product_brand","embeddable":true,"href":"http:\/\/consortium.ascentia.top\/sl\/wp-json\/wp\/v2\/product_brand?post=4438"},{"taxonomy":"product_cat","embeddable":true,"href":"http:\/\/consortium.ascentia.top\/sl\/wp-json\/wp\/v2\/product_cat?post=4438"},{"taxonomy":"product_tag","embeddable":true,"href":"http:\/\/consortium.ascentia.top\/sl\/wp-json\/wp\/v2\/product_tag?post=4438"}],"curies":[{"name":"wp","href":"https:\/\/api.w.org\/{rel}","templated":true}]}}