{"id":4382,"date":"2024-03-05T17:38:16","date_gmt":"2024-03-05T17:38:16","guid":{"rendered":"https:\/\/consortium.ascentia.top\/?post_type=product&#038;p=4382"},"modified":"2025-03-27T12:46:23","modified_gmt":"2025-03-27T12:46:23","slug":"extra-grip","status":"publish","type":"product","link":"http:\/\/consortium.ascentia.top\/sl\/trgovina\/polaganje-keramike\/impregnacija\/extra-grip\/","title":{"rendered":"Extra Grip"},"content":{"rendered":"<p><strong>Ve\u010dnamenski osnovni premaz za gladke povr\u0161ine, ki bistveno izbolj\u0161a oprijem ometov, lepil in izravnalnih mas.<\/strong><\/p>\n<p>\u2713 idealen za vse, posebej za gladke in slabo vpojne povr\u0161ine<br \/>\n\u2713 za notranjo in zunanjo uporabo<br \/>\n\u2713 odli\u010den oprijem<br \/>\n\u2713 ustvarja hrapavo povr\u0161ino<\/p>","protected":false},"excerpt":{"rendered":"<p>Vi\u0161enamjenski temeljni premaz za glatke povr\u0161ine koji zna\u010dajno pobolj\u0161ava prijanjanje \u017ebuka, ljepila i masa za izravnavanje. \u2713 idealan za sve, a posebno za glatke i slabo upojne povr\u0161ine \u2713 za unutarnju i vanjsku primjenu \u2713 izvrsno prijanjanje \u2713 stvara hrapavu povr\u0161inu<\/p>","protected":false},"featured_media":4384,"template":"","meta":[],"product_brand":[],"product_cat":[189,343,192,214],"product_tag":[],"class_list":{"0":"post-4382","1":"product","2":"type-product","3":"status-publish","4":"has-post-thumbnail","6":"product_cat-fasadni-program","7":"product_cat-impregnacija","8":"product_cat-impregnacije-za-fasade","9":"product_cat-polaganje-keramike","11":"first","12":"instock","13":"shipping-taxable","14":"purchasable","15":"product-type-variable","16":"wvs-archive-product-wrapper"},"acf":[],"_links":{"self":[{"href":"http:\/\/consortium.ascentia.top\/sl\/wp-json\/wp\/v2\/product\/4382","targetHints":{"allow":["GET"]}}],"collection":[{"href":"http:\/\/consortium.ascentia.top\/sl\/wp-json\/wp\/v2\/product"}],"about":[{"href":"http:\/\/consortium.ascentia.top\/sl\/wp-json\/wp\/v2\/types\/product"}],"wp:featuredmedia":[{"embeddable":true,"href":"http:\/\/consortium.ascentia.top\/sl\/wp-json\/wp\/v2\/media\/4384"}],"wp:attachment":[{"href":"http:\/\/consortium.ascentia.top\/sl\/wp-json\/wp\/v2\/media?parent=4382"}],"wp:term":[{"taxonomy":"product_brand","embeddable":true,"href":"http:\/\/consortium.ascentia.top\/sl\/wp-json\/wp\/v2\/product_brand?post=4382"},{"taxonomy":"product_cat","embeddable":true,"href":"http:\/\/consortium.ascentia.top\/sl\/wp-json\/wp\/v2\/product_cat?post=4382"},{"taxonomy":"product_tag","embeddable":true,"href":"http:\/\/consortium.ascentia.top\/sl\/wp-json\/wp\/v2\/product_tag?post=4382"}],"curies":[{"name":"wp","href":"https:\/\/api.w.org\/{rel}","templated":true}]}}