{"id":4247,"date":"2024-02-23T13:30:00","date_gmt":"2024-02-23T13:30:00","guid":{"rendered":"https:\/\/consortium.ascentia.top\/?post_type=product&#038;p=4247"},"modified":"2025-05-07T14:01:28","modified_gmt":"2025-05-07T14:01:28","slug":"pp-klizna-spojka","status":"publish","type":"product","link":"http:\/\/consortium.ascentia.top\/sl\/trgovina\/vodovod-i-sanitarije\/odvodnja-vode\/pp-cijevi-za-kanalizaciju\/pp-klizna-spojka\/","title":{"rendered":"PP drsna spojka"},"content":{"rendered":"<p><span lang=\"nl\">\t<\/p>\n<li>Proizvode se iz termoplasti\u010dnih materijala odnosno polipropilena (PP).<\/span><\/li>\n<p><span lang=\"nl\">\t<\/p>\n<li>Dobavijo se z vgrajenimi tesnili ali man\u0161etami, izdelani pa so v skladu s standardom EN 1451-1 (2017).<\/li>\n<p><\/span><\/p>\n<p><span lang=\"nl\">\t<\/p>\n<li>Vargokal spojevi pripadaju jednoslojnoj skupini proizvoda, imaju kompaktnu stijenku, a isporu\u010duju se u sivoj boji RAL 7037.<\/li>\n<p><\/span><\/p>","protected":false},"excerpt":{"rendered":"<p>Proizvode se iz termoplasti\u010dnih materijala odnosno polipropilena (PP). Isporu\u010duju se s ugra\u0111enim brtvama ili man\u017eetama, a proizvode u skladu s normom EN 1451-1 (2017). Vargokal spojevi pripadaju jednoslojnoj skupini proizvoda, imaju kompaktnu stijenku, a isporu\u010duju se u sivoj boji RAL 7037.<\/p>","protected":false},"featured_media":4248,"template":"","meta":[],"product_brand":[],"product_cat":[219,282,218],"product_tag":[],"class_list":{"0":"post-4247","1":"product","2":"type-product","3":"status-publish","4":"has-post-thumbnail","6":"product_cat-odvodnja-vode","7":"product_cat-pp-cijevi-za-kanalizaciju","8":"product_cat-vodovod-i-sanitarije","10":"first","11":"instock","12":"shipping-taxable","13":"purchasable","14":"product-type-variable","15":"wvs-archive-product-wrapper"},"acf":[],"_links":{"self":[{"href":"http:\/\/consortium.ascentia.top\/sl\/wp-json\/wp\/v2\/product\/4247","targetHints":{"allow":["GET"]}}],"collection":[{"href":"http:\/\/consortium.ascentia.top\/sl\/wp-json\/wp\/v2\/product"}],"about":[{"href":"http:\/\/consortium.ascentia.top\/sl\/wp-json\/wp\/v2\/types\/product"}],"wp:featuredmedia":[{"embeddable":true,"href":"http:\/\/consortium.ascentia.top\/sl\/wp-json\/wp\/v2\/media\/4248"}],"wp:attachment":[{"href":"http:\/\/consortium.ascentia.top\/sl\/wp-json\/wp\/v2\/media?parent=4247"}],"wp:term":[{"taxonomy":"product_brand","embeddable":true,"href":"http:\/\/consortium.ascentia.top\/sl\/wp-json\/wp\/v2\/product_brand?post=4247"},{"taxonomy":"product_cat","embeddable":true,"href":"http:\/\/consortium.ascentia.top\/sl\/wp-json\/wp\/v2\/product_cat?post=4247"},{"taxonomy":"product_tag","embeddable":true,"href":"http:\/\/consortium.ascentia.top\/sl\/wp-json\/wp\/v2\/product_tag?post=4247"}],"curies":[{"name":"wp","href":"https:\/\/api.w.org\/{rel}","templated":true}]}}