{"id":4168,"date":"2024-02-23T13:17:42","date_gmt":"2024-02-23T13:17:42","guid":{"rendered":"https:\/\/consortium.ascentia.top\/?post_type=product&#038;p=4168"},"modified":"2025-06-04T15:55:48","modified_gmt":"2025-06-04T15:55:48","slug":"pp-cijev","status":"publish","type":"product","link":"http:\/\/consortium.ascentia.top\/sl\/trgovina\/vodovod-i-sanitarije\/odvodnja-vode\/pp-cijevi-za-kanalizaciju\/pp-cijev\/","title":{"rendered":"PP cev"},"content":{"rendered":"<div>\n<p><span lang=\"nl\">\t<\/p>\n<li>Proizvode se iz termoplasti\u010dnih\u00a0materijala odnosno polipropilena (PP).<\/li>\n<p><\/span><\/p>\n<p><span lang=\"nl\">\t<\/p>\n<li>Dobavijo se z vgrajenimi tesnili ali man\u0161etami, izdelani pa so v skladu s standardom EN 1451-1 (2017).<\/li>\n<p><\/span><\/p>\n<p><span lang=\"nl\">\t<\/p>\n<li>Vargokal\u00a03S cijevi<\/span><span lang=\"nl\">\u00a0sodijo v kompozitno skupino izdelkov, imajo kompaktno steno, sestavljeno iz treh slojev.<\/li>\n<p><\/span><\/p>\n<\/div>\n<p><span lang=\"nl\">\t<\/p>\n<li>Zunanja in notranja stena cevi sta izdelani iz polipropilena (PP), srednji sloj pa vsebuje mineralna polnila (MF).<\/li>\n<p><\/span><\/p>\n<p><span lang=\"nl\">\t<\/p>\n<li>Zaradi vsebnosti mineralnih polnil v strukturi stene\u00a0<\/span><span lang=\"nl\">Vargokal\u00a0 3S\u00a0 cevi\u00a0<\/span><span lang=\"nl\">imajo manj\u0161o glasnost v primerjavi s standardnimi enoslojnimi cevmi.<\/li>\n<p><\/span><\/p>\n<p><span lang=\"nl\">\t<\/p>\n<li>Cevi so zunaj sive barve RAL 7037, znotraj pa bele barve RAL 9003.<\/li>\n<p><\/span><\/p>","protected":false},"excerpt":{"rendered":"<p>Proizvode se iz termoplasti\u010dnih\u00a0materijala odnosno polipropilena (PP). Isporu\u010duju se s ugra\u0111enim brtvama ili man\u017eetama, a proizvode u skladu s normom EN 1451-1 (2017). Vargokal\u00a03S cijevi\u00a0pripadaju kompozitnoj skupini proizvoda, imaju kompaktnu stijenku koja se sastoji od tri sloja. Vanjska i unutarnja stijenka cijevi proizvedene su iz polipropilena (PP), a u srednji sloj umije\u0161ana su mineralna punila [&hellip;]<\/p>","protected":false},"featured_media":4169,"template":"","meta":[],"product_brand":[],"product_cat":[219,282,218],"product_tag":[],"class_list":{"0":"post-4168","1":"product","2":"type-product","3":"status-publish","4":"has-post-thumbnail","6":"product_cat-odvodnja-vode","7":"product_cat-pp-cijevi-za-kanalizaciju","8":"product_cat-vodovod-i-sanitarije","10":"first","11":"instock","12":"shipping-taxable","13":"purchasable","14":"product-type-variable","15":"wvs-archive-product-wrapper"},"acf":[],"_links":{"self":[{"href":"http:\/\/consortium.ascentia.top\/sl\/wp-json\/wp\/v2\/product\/4168","targetHints":{"allow":["GET"]}}],"collection":[{"href":"http:\/\/consortium.ascentia.top\/sl\/wp-json\/wp\/v2\/product"}],"about":[{"href":"http:\/\/consortium.ascentia.top\/sl\/wp-json\/wp\/v2\/types\/product"}],"wp:featuredmedia":[{"embeddable":true,"href":"http:\/\/consortium.ascentia.top\/sl\/wp-json\/wp\/v2\/media\/4169"}],"wp:attachment":[{"href":"http:\/\/consortium.ascentia.top\/sl\/wp-json\/wp\/v2\/media?parent=4168"}],"wp:term":[{"taxonomy":"product_brand","embeddable":true,"href":"http:\/\/consortium.ascentia.top\/sl\/wp-json\/wp\/v2\/product_brand?post=4168"},{"taxonomy":"product_cat","embeddable":true,"href":"http:\/\/consortium.ascentia.top\/sl\/wp-json\/wp\/v2\/product_cat?post=4168"},{"taxonomy":"product_tag","embeddable":true,"href":"http:\/\/consortium.ascentia.top\/sl\/wp-json\/wp\/v2\/product_tag?post=4168"}],"curies":[{"name":"wp","href":"https:\/\/api.w.org\/{rel}","templated":true}]}}