{"id":4145,"date":"2024-02-23T13:04:01","date_gmt":"2024-02-23T13:04:01","guid":{"rendered":"https:\/\/consortium.ascentia.top\/?post_type=product&#038;p=4145"},"modified":"2025-05-07T14:00:56","modified_gmt":"2025-05-07T14:00:56","slug":"vodena-vaga-20m","status":"publish","type":"product","link":"http:\/\/consortium.ascentia.top\/sl\/trgovina\/alati\/zidarski-alati\/aluminijske-letve-i-libele\/vodena-vaga-20m\/","title":{"rendered":"Vodena te\u017ea 20 m"},"content":{"rendered":"<li>Vodena vaga (libela) s razinom vode s crijevom koristi se u gra\u0111evinskim i zavr\u0161nim radovima. <\/li>\n<li>Izra\u0111ena od PVC plastike.<\/li>\n<li>Ima dvije bo\u010dice s milimetrskom skalom za precizno izravnaanje i gumenim \u010depovima.<\/li>","protected":false},"excerpt":{"rendered":"<p>Vodena vaga (libela) s razinom vode s crijevom koristi se u gra\u0111evinskim i zavr\u0161nim radovima. Izra\u0111ena od PVC plastike. Ima dvije bo\u010dice s milimetrskom skalom za precizno izravnaanje i gumenim \u010depovima.<\/p>","protected":false},"featured_media":4146,"template":"","meta":[],"product_brand":[],"product_cat":[222,230,223],"product_tag":[],"class_list":{"0":"post-4145","1":"product","2":"type-product","3":"status-publish","4":"has-post-thumbnail","6":"product_cat-alati","7":"product_cat-aluminijske-letve-i-libele","8":"product_cat-zidarski-alati","10":"first","11":"instock","12":"shipping-taxable","13":"purchasable","14":"product-type-simple"},"acf":[],"_links":{"self":[{"href":"http:\/\/consortium.ascentia.top\/sl\/wp-json\/wp\/v2\/product\/4145","targetHints":{"allow":["GET"]}}],"collection":[{"href":"http:\/\/consortium.ascentia.top\/sl\/wp-json\/wp\/v2\/product"}],"about":[{"href":"http:\/\/consortium.ascentia.top\/sl\/wp-json\/wp\/v2\/types\/product"}],"wp:featuredmedia":[{"embeddable":true,"href":"http:\/\/consortium.ascentia.top\/sl\/wp-json\/wp\/v2\/media\/4146"}],"wp:attachment":[{"href":"http:\/\/consortium.ascentia.top\/sl\/wp-json\/wp\/v2\/media?parent=4145"}],"wp:term":[{"taxonomy":"product_brand","embeddable":true,"href":"http:\/\/consortium.ascentia.top\/sl\/wp-json\/wp\/v2\/product_brand?post=4145"},{"taxonomy":"product_cat","embeddable":true,"href":"http:\/\/consortium.ascentia.top\/sl\/wp-json\/wp\/v2\/product_cat?post=4145"},{"taxonomy":"product_tag","embeddable":true,"href":"http:\/\/consortium.ascentia.top\/sl\/wp-json\/wp\/v2\/product_tag?post=4145"}],"curies":[{"name":"wp","href":"https:\/\/api.w.org\/{rel}","templated":true}]}}