{"id":4141,"date":"2024-02-23T13:00:30","date_gmt":"2024-02-23T13:00:30","guid":{"rendered":"https:\/\/consortium.ascentia.top\/?post_type=product&#038;p=4141"},"modified":"2025-05-07T14:01:44","modified_gmt":"2025-05-07T14:01:44","slug":"trapez-profil","status":"publish","type":"product","link":"http:\/\/consortium.ascentia.top\/sl\/trgovina\/alati\/zidarski-alati\/aluminijske-letve-i-libele\/trapez-profil\/","title":{"rendered":"Trapezni profil"},"content":{"rendered":"<li>Letva izra\u0111ena od trapezoidnog profila<\/li>\n<li>Izra\u0111ena od aluminijske legure s pove\u0107anom tvrdo\u0107om<\/li>\n<li>Utor na profilu za prste radi lak\u0161eg dr\u017eanja letve<\/li>\n<li>Debljina profila 1,5 mm, te\u017eina profila 0,84 kg\/m<\/li>","protected":false},"excerpt":{"rendered":"<p>Letva izra\u0111ena od trapezoidnog profila Izra\u0111ena od aluminijske legure s pove\u0107anom tvrdo\u0107om Utor na profilu za prste radi lak\u0161eg dr\u017eanja letve Debljina profila 1,5 mm, te\u017eina profila 0,84 kg\/m<\/p>","protected":false},"featured_media":4142,"template":"","meta":[],"product_brand":[],"product_cat":[222,230,223],"product_tag":[],"class_list":{"0":"post-4141","1":"product","2":"type-product","3":"status-publish","4":"has-post-thumbnail","6":"product_cat-alati","7":"product_cat-aluminijske-letve-i-libele","8":"product_cat-zidarski-alati","10":"first","11":"instock","12":"shipping-taxable","13":"purchasable","14":"product-type-variable","15":"wvs-archive-product-wrapper"},"acf":[],"_links":{"self":[{"href":"http:\/\/consortium.ascentia.top\/sl\/wp-json\/wp\/v2\/product\/4141","targetHints":{"allow":["GET"]}}],"collection":[{"href":"http:\/\/consortium.ascentia.top\/sl\/wp-json\/wp\/v2\/product"}],"about":[{"href":"http:\/\/consortium.ascentia.top\/sl\/wp-json\/wp\/v2\/types\/product"}],"wp:featuredmedia":[{"embeddable":true,"href":"http:\/\/consortium.ascentia.top\/sl\/wp-json\/wp\/v2\/media\/4142"}],"wp:attachment":[{"href":"http:\/\/consortium.ascentia.top\/sl\/wp-json\/wp\/v2\/media?parent=4141"}],"wp:term":[{"taxonomy":"product_brand","embeddable":true,"href":"http:\/\/consortium.ascentia.top\/sl\/wp-json\/wp\/v2\/product_brand?post=4141"},{"taxonomy":"product_cat","embeddable":true,"href":"http:\/\/consortium.ascentia.top\/sl\/wp-json\/wp\/v2\/product_cat?post=4141"},{"taxonomy":"product_tag","embeddable":true,"href":"http:\/\/consortium.ascentia.top\/sl\/wp-json\/wp\/v2\/product_tag?post=4141"}],"curies":[{"name":"wp","href":"https:\/\/api.w.org\/{rel}","templated":true}]}}