{"id":4132,"date":"2024-02-23T12:58:34","date_gmt":"2024-02-23T12:58:34","guid":{"rendered":"https:\/\/consortium.ascentia.top\/?post_type=product&#038;p=4132"},"modified":"2025-05-07T14:01:19","modified_gmt":"2025-05-07T14:01:19","slug":"libela-profi","status":"publish","type":"product","link":"http:\/\/consortium.ascentia.top\/sl\/trgovina\/alati\/zidarski-alati\/aluminijske-letve-i-libele\/libela-profi\/","title":{"rendered":"Libela Profi"},"content":{"rendered":"<li>Red classic - naj\u010de\u0161\u0107e birana libela<\/li>\n<li>Precizni dizajn u najlak\u0161oj verziji<\/li>\n<li>Jednokomorni profil s utisnutim poja\u010danjima za pove\u0107anje krutosti profila<\/li>\n<li>Neodimijski magneti<\/li>\n<li>To\u010dnost libele: 0,5 mm\/m<\/li>\n<li>Dimenzije profila: 49 x 22 mm<\/li>\n<li>ERS+ sustav (Easy Reading System) - komora za libelu i ve\u0107a pove\u0107avaju\u0107a le\u0107a<\/li>\n<li>Masivna bo\u010dna utisnu\u0107a osiguravaju \u010dvrsto dr\u017eanje u ruci<\/li>\n<li>Monta\u017ea libele dizajnirana za minimalno rezanje profila<\/li>\n<li>Elastomerni zavr\u0161ni \u010depovi dizajnirani za apsorbiranje udarne sile u slu\u010daju okomitog pada libele<\/li>","protected":false},"excerpt":{"rendered":"<p>Red classic - naj\u010de\u0161\u0107e birana libela Precizni dizajn u najlak\u0161oj verziji Jednokomorni profil s utisnutim poja\u010danjima za pove\u0107anje krutosti profila Neodimijski magneti To\u010dnost libele: 0,5 mm\/m Dimenzije profila: 49 x 22 mm ERS+ sustav (Easy Reading System) - komora za libelu i ve\u0107a pove\u0107avaju\u0107a le\u0107a Masivna bo\u010dna utisnu\u0107a osiguravaju \u010dvrsto dr\u017eanje u ruci Monta\u017ea libele [&hellip;]<\/p>","protected":false},"featured_media":4133,"template":"","meta":[],"product_brand":[],"product_cat":[222,230,223],"product_tag":[],"class_list":{"0":"post-4132","1":"product","2":"type-product","3":"status-publish","4":"has-post-thumbnail","6":"product_cat-alati","7":"product_cat-aluminijske-letve-i-libele","8":"product_cat-zidarski-alati","10":"first","11":"instock","12":"shipping-taxable","13":"purchasable","14":"product-type-variable","15":"wvs-archive-product-wrapper"},"acf":[],"_links":{"self":[{"href":"http:\/\/consortium.ascentia.top\/sl\/wp-json\/wp\/v2\/product\/4132","targetHints":{"allow":["GET"]}}],"collection":[{"href":"http:\/\/consortium.ascentia.top\/sl\/wp-json\/wp\/v2\/product"}],"about":[{"href":"http:\/\/consortium.ascentia.top\/sl\/wp-json\/wp\/v2\/types\/product"}],"wp:featuredmedia":[{"embeddable":true,"href":"http:\/\/consortium.ascentia.top\/sl\/wp-json\/wp\/v2\/media\/4133"}],"wp:attachment":[{"href":"http:\/\/consortium.ascentia.top\/sl\/wp-json\/wp\/v2\/media?parent=4132"}],"wp:term":[{"taxonomy":"product_brand","embeddable":true,"href":"http:\/\/consortium.ascentia.top\/sl\/wp-json\/wp\/v2\/product_brand?post=4132"},{"taxonomy":"product_cat","embeddable":true,"href":"http:\/\/consortium.ascentia.top\/sl\/wp-json\/wp\/v2\/product_cat?post=4132"},{"taxonomy":"product_tag","embeddable":true,"href":"http:\/\/consortium.ascentia.top\/sl\/wp-json\/wp\/v2\/product_tag?post=4132"}],"curies":[{"name":"wp","href":"https:\/\/api.w.org\/{rel}","templated":true}]}}