{"id":4017,"date":"2024-02-21T13:08:10","date_gmt":"2024-02-21T13:08:10","guid":{"rendered":"https:\/\/consortium.ascentia.top\/?post_type=product&#038;p=4017"},"modified":"2025-05-24T09:27:10","modified_gmt":"2025-05-24T09:27:10","slug":"weber-beton-kontakt-25-kg","status":"publish","type":"product","link":"http:\/\/consortium.ascentia.top\/sl\/trgovina\/fasadni-program\/impregnacije-za-fasade\/weber-beton-kontakt-25-kg\/","title":{"rendered":"Weber Beton kontakt 25 kg"},"content":{"rendered":"<p><strong>Weber.prim beton kontakt je premaz za izravnavanje betonskih povr\u0161in.<\/strong><\/p>\n<p>Zaradi svoje posebne sestave lahko po nanosu in su\u0161enju brezskrbno obdelate \u017eelene povr\u0161ine, ne da bi se morali bati lo\u010devanja materialov.<\/p>\n<p><strong>Priprava in uporaba:<\/strong><\/p>\n<ul>\n<li>Podlaga mora biti \u010dista, suha in odma\u0161\u0107ena.<\/li>\n<li>Premaz za betonske povr\u0161ine se nanese s \u010dopi\u010dem, valj\u010dkom ali pr\u0161enjem, nerazred\u010den, na betonsko povr\u0161ino.<\/li>\n<li>Beton mora biti star vsaj 3 mesece in imeti najve\u010d 2,5 % vlage.<\/li>\n<li>Pri notranjih delih je nujno zagotoviti intenzivno prezra\u010devanje.<\/li>\n<li>\u010cas su\u0161enja je najmanj 3 ure.<\/li>\n<li>Shranjevati na mestu, za\u0161\u010ditenem pred zmrzaljo.<\/li>\n<\/ul>\n<p><strong>Karakteristike in prednosti:<\/strong><\/p>\n<ul>\n<li>Uporablja se pred nanosom ometov in mas za izravnavanje.<\/li>\n<li>Lahko se uporablja za mav\u010dne plo\u0161\u010de.<\/li>\n<li>Odli\u010den je pred kerami\u010darskimi deli.<\/li>\n<li>Primeren je pred fasadnimi deli.<\/li>\n<li>Poraba je od 0,15 kg\/m\u00b2 do 0,30 kg\/m\u00b2.<\/li>\n<\/ul>\n<p><strong>Omejitve uporabe:<\/strong><\/p>\n<ul>\n<li>Premaz za betonske povr\u0161ine ne sme se nanesti na vla\u017ene in mokre povr\u0161ine.<\/li>\n<li>Temperatura zraka in podlage za delo in su\u0161enje mora biti nad 5 \u02daC in pod 30 \u02daC.<\/li>\n<li>Nanositi brez neposrednega vpliva vetra, sonca in padavin \u2013 za\u0161\u010dita pred soncem in vetrom je lahko za\u0161\u010ditna fasadna mre\u017ea, vendar nezadostna, \u010de so ti vremenski dejavniki izraziti in mo\u010dni.<\/li>\n<\/ul>","protected":false},"excerpt":{"rendered":"<p>Weber.prim beton kontakt je premaz za ujedna\u010davanje betonskih povr\u0161ina. Zbog svojeg posebnog sastava, nakon nanosa i su\u0161enja mo\u017eete bezbri\u017eno urediti \u017eeljene povr\u0161ine bez straha od odvajanja materijala. Priprema i kori\u0161tenje Podloga mora biti \u010dista, suha, odma\u0161\u0107ena Premaz za betonske povr\u0161ine se nanosi \u010detkom, valjkom ili \u0161pricanjem nerazrije\u0111en na betonsku povr\u0161inu Beton mora biti star najmanje [&hellip;]<\/p>","protected":false},"featured_media":4018,"template":"","meta":[],"product_brand":[],"product_cat":[189,192],"product_tag":[],"class_list":{"0":"post-4017","1":"product","2":"type-product","3":"status-publish","4":"has-post-thumbnail","6":"product_cat-fasadni-program","7":"product_cat-impregnacije-za-fasade","9":"first","10":"instock","11":"shipping-taxable","12":"purchasable","13":"product-type-simple"},"acf":[],"_links":{"self":[{"href":"http:\/\/consortium.ascentia.top\/sl\/wp-json\/wp\/v2\/product\/4017","targetHints":{"allow":["GET"]}}],"collection":[{"href":"http:\/\/consortium.ascentia.top\/sl\/wp-json\/wp\/v2\/product"}],"about":[{"href":"http:\/\/consortium.ascentia.top\/sl\/wp-json\/wp\/v2\/types\/product"}],"wp:featuredmedia":[{"embeddable":true,"href":"http:\/\/consortium.ascentia.top\/sl\/wp-json\/wp\/v2\/media\/4018"}],"wp:attachment":[{"href":"http:\/\/consortium.ascentia.top\/sl\/wp-json\/wp\/v2\/media?parent=4017"}],"wp:term":[{"taxonomy":"product_brand","embeddable":true,"href":"http:\/\/consortium.ascentia.top\/sl\/wp-json\/wp\/v2\/product_brand?post=4017"},{"taxonomy":"product_cat","embeddable":true,"href":"http:\/\/consortium.ascentia.top\/sl\/wp-json\/wp\/v2\/product_cat?post=4017"},{"taxonomy":"product_tag","embeddable":true,"href":"http:\/\/consortium.ascentia.top\/sl\/wp-json\/wp\/v2\/product_tag?post=4017"}],"curies":[{"name":"wp","href":"https:\/\/api.w.org\/{rel}","templated":true}]}}