{"id":4012,"date":"2024-02-21T13:04:17","date_gmt":"2024-02-21T13:04:17","guid":{"rendered":"https:\/\/consortium.ascentia.top\/?post_type=product&#038;p=4012"},"modified":"2025-05-12T11:09:16","modified_gmt":"2025-05-12T11:09:16","slug":"baumit-duocontact-25-kg","status":"publish","type":"product","link":"http:\/\/consortium.ascentia.top\/sl\/trgovina\/fasadni-program\/ljepila-za-fasadu\/baumit-duocontact-25-kg\/","title":{"rendered":"Baumit DuoContact 25 kg"},"content":{"rendered":"<div class=\"col-lg-12 product-info\">\n<div class=\"inner\"><strong>Fasadno lepilo in armirni omet<\/strong><\/div>\n<div class=\"inner\">\n<p>Lepilo za lepljenje in armiranje fasadnih izolacijskih plo\u0161\u010d. Namenjeno za uporabo zunaj Baumit fasadnih sistemov.<\/p>\n<ul class=\"highlights highlights-with-h2\">\n<li>ekonomi\u010dno<\/li>\n<li>enostavno<\/li>\n<li>za notranja in zunanja dela<\/li>\n<\/ul>\n<\/div>\n<\/div>\n<div class=\"col-lg-12 product-detail-container experts-advice\">Baumit DuoContact stresite v \u010disto vodo (pribli\u017eno 5\u20136 l vode\/vre\u010da), zme\u0161ajte s po\u010dasnim me\u0161alnikom ali v preto\u010dni me\u0161alnici z dodajanjem enake koli\u010dine vode; pustite stati pribli\u017eno 5 minut in ponovno preme\u0161ajte.<\/div>\n<div class=\"col-lg-12 product-detail-container experts-advice\">\u010cas obdelave: pribli\u017eno 1,5 ure.<\/div>","protected":false},"excerpt":{"rendered":"<p>Fasadno ljepilo i mort za armiranje Mort za lijepljenje i armiranje fasadnih izolacijskih plo\u010da. Za primjenu izvan Baumit fasadnih sustava. ekonomi\u010dno jednostavno za unutarnje i vanjske radove Baumit DuoContact usipati u \u010distu vodu (oko 5-6 l vode\/vre\u0107a), izmije\u0161ati sporom mije\u0161alicom ili u proto\u010dnoj mije\u0161alici uz dodavanje iste koli\u010dine vode; ostaviti da miruje oko 5 minuta [&hellip;]<\/p>","protected":false},"featured_media":4013,"template":"","meta":[],"product_brand":[],"product_cat":[189,194],"product_tag":[],"class_list":{"0":"post-4012","1":"product","2":"type-product","3":"status-publish","4":"has-post-thumbnail","6":"product_cat-fasadni-program","7":"product_cat-ljepila-za-fasadu","8":"product_shipping_class-bez-besplatne-dostave","10":"first","11":"instock","12":"shipping-taxable","13":"purchasable","14":"product-type-simple"},"acf":[],"_links":{"self":[{"href":"http:\/\/consortium.ascentia.top\/sl\/wp-json\/wp\/v2\/product\/4012","targetHints":{"allow":["GET"]}}],"collection":[{"href":"http:\/\/consortium.ascentia.top\/sl\/wp-json\/wp\/v2\/product"}],"about":[{"href":"http:\/\/consortium.ascentia.top\/sl\/wp-json\/wp\/v2\/types\/product"}],"wp:featuredmedia":[{"embeddable":true,"href":"http:\/\/consortium.ascentia.top\/sl\/wp-json\/wp\/v2\/media\/4013"}],"wp:attachment":[{"href":"http:\/\/consortium.ascentia.top\/sl\/wp-json\/wp\/v2\/media?parent=4012"}],"wp:term":[{"taxonomy":"product_brand","embeddable":true,"href":"http:\/\/consortium.ascentia.top\/sl\/wp-json\/wp\/v2\/product_brand?post=4012"},{"taxonomy":"product_cat","embeddable":true,"href":"http:\/\/consortium.ascentia.top\/sl\/wp-json\/wp\/v2\/product_cat?post=4012"},{"taxonomy":"product_tag","embeddable":true,"href":"http:\/\/consortium.ascentia.top\/sl\/wp-json\/wp\/v2\/product_tag?post=4012"}],"curies":[{"name":"wp","href":"https:\/\/api.w.org\/{rel}","templated":true}]}}