{"id":3998,"date":"2024-02-21T12:49:00","date_gmt":"2024-02-21T12:49:00","guid":{"rendered":"https:\/\/consortium.ascentia.top\/?post_type=product&#038;p=3998"},"modified":"2025-05-07T14:01:44","modified_gmt":"2025-05-07T14:01:44","slug":"trend","status":"publish","type":"product","link":"http:\/\/consortium.ascentia.top\/sl\/trgovina\/fasadni-program\/zavrsne-dekorativne-zbuke\/trend\/","title":{"rendered":"Trend"},"content":{"rendered":"<p><strong>Ekonomski akrilni zaklju\u010dni dekorativni omet z izjemno obdelovalnostjo, najpogosteje uporabljen na fasadah z EPS plo\u0161\u010dami.<\/strong><\/p>\n<p>\u2713 ekonomi\u010dna izbira<br \/>\n\u2713 dobra obdelovalnost<br \/>\n\u2713 mehanska odpornost in elasti\u010dnost<br \/>\n\u2713 paroprepusten<\/p>","protected":false},"excerpt":{"rendered":"<p>Ekonomi\u010dna akrilna zavr\u0161na dekorativna \u017ebuka izuzetne obradivosti, najvi\u0161e kori\u0161tena na fasadama s EPS plo\u010dama. \u2713 ekonomi\u010dan izbor \u2713 dobra obradivost \u2713 mehani\u010dka otpornost i elasti\u010dnost \u2713 paropropusna<\/p>","protected":false},"featured_media":3999,"template":"","meta":[],"product_brand":[],"product_cat":[189,193],"product_tag":[],"class_list":{"0":"post-3998","1":"product","2":"type-product","3":"status-publish","4":"has-post-thumbnail","6":"product_cat-fasadni-program","7":"product_cat-zavrsne-dekorativne-zbuke","9":"first","10":"instock","11":"shipping-taxable","12":"purchasable","13":"product-type-variable","14":"wvs-archive-product-wrapper"},"acf":[],"_links":{"self":[{"href":"http:\/\/consortium.ascentia.top\/sl\/wp-json\/wp\/v2\/product\/3998","targetHints":{"allow":["GET"]}}],"collection":[{"href":"http:\/\/consortium.ascentia.top\/sl\/wp-json\/wp\/v2\/product"}],"about":[{"href":"http:\/\/consortium.ascentia.top\/sl\/wp-json\/wp\/v2\/types\/product"}],"wp:featuredmedia":[{"embeddable":true,"href":"http:\/\/consortium.ascentia.top\/sl\/wp-json\/wp\/v2\/media\/3999"}],"wp:attachment":[{"href":"http:\/\/consortium.ascentia.top\/sl\/wp-json\/wp\/v2\/media?parent=3998"}],"wp:term":[{"taxonomy":"product_brand","embeddable":true,"href":"http:\/\/consortium.ascentia.top\/sl\/wp-json\/wp\/v2\/product_brand?post=3998"},{"taxonomy":"product_cat","embeddable":true,"href":"http:\/\/consortium.ascentia.top\/sl\/wp-json\/wp\/v2\/product_cat?post=3998"},{"taxonomy":"product_tag","embeddable":true,"href":"http:\/\/consortium.ascentia.top\/sl\/wp-json\/wp\/v2\/product_tag?post=3998"}],"curies":[{"name":"wp","href":"https:\/\/api.w.org\/{rel}","templated":true}]}}