{"id":3992,"date":"2024-02-21T12:45:38","date_gmt":"2024-02-21T12:45:38","guid":{"rendered":"https:\/\/consortium.ascentia.top\/?post_type=product&#038;p=3992"},"modified":"2025-05-07T14:01:02","modified_gmt":"2025-05-07T14:01:02","slug":"akrilatna-zbuka-sima-25kg","status":"publish","type":"product","link":"http:\/\/consortium.ascentia.top\/sl\/trgovina\/fasadni-program\/zavrsne-dekorativne-zbuke\/akrilatna-zbuka-sima-25kg\/","title":{"rendered":"Akrilatni omet - SIMA 25 kg"},"content":{"rendered":"<p><strong>Akrilni zaklju\u010dni dekorativni omet z izjemno obdelovalnostjo, najpogostej\u0161a izbira v SIMATERM fasadnem sistemu z EPS plo\u0161\u010dami.<\/strong><\/p>\n<p>\u2713 ETAG 004<br \/>\n\u2713 nadpovpre\u010dna izdatnost<br \/>\n\u2713 visoka mehanska odpornost in elasti\u010dnost<br \/>\n\u2713 vodoodbojen in paroprepusten<\/p>","protected":false},"excerpt":{"rendered":"<p>Akrilna zavr\u0161na dekorativna \u017ebuka izuzetne obradivosti i naj\u010de\u0161\u0107i odabir u SIMATERM fasadnom sustavu s EPS plo\u010dama. \u2713 ETAG 004 \u2713 iznadprosje\u010dna izda\u0161nost \u2713 visoka mehani\u010dka otpornost i elasti\u010dnost \u2713 vodoodbojna i paropropusna<\/p>","protected":false},"featured_media":3993,"template":"","meta":[],"product_brand":[],"product_cat":[189,193],"product_tag":[],"class_list":{"0":"post-3992","1":"product","2":"type-product","3":"status-publish","4":"has-post-thumbnail","6":"product_cat-fasadni-program","7":"product_cat-zavrsne-dekorativne-zbuke","9":"first","10":"instock","11":"shipping-taxable","12":"purchasable","13":"product-type-variable","14":"wvs-archive-product-wrapper"},"acf":[],"_links":{"self":[{"href":"http:\/\/consortium.ascentia.top\/sl\/wp-json\/wp\/v2\/product\/3992","targetHints":{"allow":["GET"]}}],"collection":[{"href":"http:\/\/consortium.ascentia.top\/sl\/wp-json\/wp\/v2\/product"}],"about":[{"href":"http:\/\/consortium.ascentia.top\/sl\/wp-json\/wp\/v2\/types\/product"}],"wp:featuredmedia":[{"embeddable":true,"href":"http:\/\/consortium.ascentia.top\/sl\/wp-json\/wp\/v2\/media\/3993"}],"wp:attachment":[{"href":"http:\/\/consortium.ascentia.top\/sl\/wp-json\/wp\/v2\/media?parent=3992"}],"wp:term":[{"taxonomy":"product_brand","embeddable":true,"href":"http:\/\/consortium.ascentia.top\/sl\/wp-json\/wp\/v2\/product_brand?post=3992"},{"taxonomy":"product_cat","embeddable":true,"href":"http:\/\/consortium.ascentia.top\/sl\/wp-json\/wp\/v2\/product_cat?post=3992"},{"taxonomy":"product_tag","embeddable":true,"href":"http:\/\/consortium.ascentia.top\/sl\/wp-json\/wp\/v2\/product_tag?post=3992"}],"curies":[{"name":"wp","href":"https:\/\/api.w.org\/{rel}","templated":true}]}}