{"id":3985,"date":"2024-02-21T12:33:20","date_gmt":"2024-02-21T12:33:20","guid":{"rendered":"https:\/\/consortium.ascentia.top\/?post_type=product&#038;p=3985"},"modified":"2025-05-16T07:18:34","modified_gmt":"2025-05-16T07:18:34","slug":"sima-unigrund","status":"publish","type":"product","link":"http:\/\/consortium.ascentia.top\/sl\/trgovina\/fasadni-program\/impregnacije-za-fasade\/sima-unigrund\/","title":{"rendered":"Sima Unigrund"},"content":{"rendered":"<p><strong>Univerzalni temeljni premaz za impregniranje unutarnjih i vanjskih povr\u0161ina prije nano\u0161enja akrilatnih, mineralnih, silikatnih i silikonskih dekorativnih \u017ebuka.<\/strong><\/p>\n<p>\u2713 ETAG 004<br \/>\n\u2713 izbolj\u0161uje oprijem na podlago<br \/>\n\u2713 niansira se glede na zaklju\u010dni sloj<\/p>","protected":false},"excerpt":{"rendered":"<p>Univerzalni temeljni premaz za impregniranje unutarnjih i vanjskih povr\u0161ina prije nano\u0161enja akrilatnih, mineralnih, silikatnih i silikonskih dekorativnih \u017ebuka. \u2713 ETAG 004 \u2713 pobolj\u0161ava vezanje za podlogu \u2713 nijansira se prema zavr\u0161nom sloju<\/p>","protected":false},"featured_media":3986,"template":"","meta":[],"product_brand":[],"product_cat":[189,192],"product_tag":[],"class_list":{"0":"post-3985","1":"product","2":"type-product","3":"status-publish","4":"has-post-thumbnail","6":"product_cat-fasadni-program","7":"product_cat-impregnacije-za-fasade","9":"first","10":"instock","11":"shipping-taxable","12":"purchasable","13":"product-type-variable","14":"wvs-archive-product-wrapper"},"acf":[],"_links":{"self":[{"href":"http:\/\/consortium.ascentia.top\/sl\/wp-json\/wp\/v2\/product\/3985","targetHints":{"allow":["GET"]}}],"collection":[{"href":"http:\/\/consortium.ascentia.top\/sl\/wp-json\/wp\/v2\/product"}],"about":[{"href":"http:\/\/consortium.ascentia.top\/sl\/wp-json\/wp\/v2\/types\/product"}],"wp:featuredmedia":[{"embeddable":true,"href":"http:\/\/consortium.ascentia.top\/sl\/wp-json\/wp\/v2\/media\/3986"}],"wp:attachment":[{"href":"http:\/\/consortium.ascentia.top\/sl\/wp-json\/wp\/v2\/media?parent=3985"}],"wp:term":[{"taxonomy":"product_brand","embeddable":true,"href":"http:\/\/consortium.ascentia.top\/sl\/wp-json\/wp\/v2\/product_brand?post=3985"},{"taxonomy":"product_cat","embeddable":true,"href":"http:\/\/consortium.ascentia.top\/sl\/wp-json\/wp\/v2\/product_cat?post=3985"},{"taxonomy":"product_tag","embeddable":true,"href":"http:\/\/consortium.ascentia.top\/sl\/wp-json\/wp\/v2\/product_tag?post=3985"}],"curies":[{"name":"wp","href":"https:\/\/api.w.org\/{rel}","templated":true}]}}