{"id":3960,"date":"2024-02-21T12:12:13","date_gmt":"2024-02-21T12:12:13","guid":{"rendered":"https:\/\/consortium.ascentia.top\/?post_type=product&#038;p=3960"},"modified":"2025-05-07T14:01:12","modified_gmt":"2025-05-07T14:01:12","slug":"ekolin","status":"publish","type":"product","link":"http:\/\/consortium.ascentia.top\/sl\/trgovina\/fasadni-program\/boje-za-fasade-i-beton\/ekolin\/","title":{"rendered":"Ekolin"},"content":{"rendered":"<p><strong>Akrilna boja za betonske i ostale povr\u0161ine poput vapneno-cementnih i cementnih crjepova, fino o\u017ebukanih podzidova i slabo optere\u0107enih cementnih podova.<\/strong><\/p>\n<p>\u2713 dolgotrajna za\u0161\u010dita vertikalnih betonskih povr\u0161in<br \/>\n\u2713 odporna na vremenske vplive<br \/>\n\u2713 odporna na blage kisline in baze<br \/>\n\u2713 dolgotrajna obstojnost odtenkov<\/p>","protected":false},"excerpt":{"rendered":"<p>Akrilna boja za betonske i ostale povr\u0161ine poput vapneno-cementnih i cementnih crjepova, fino o\u017ebukanih podzidova i slabo optere\u0107enih cementnih podova. \u2713\u00a0dugotrajna za\u0161tita vertikalnih betonskih povr\u0161ina \u2713\u00a0otporna na atmosferske utjecaje \u2713\u00a0otporna na blage kiseline i lu\u017eine \u2713\u00a0dugotrajna postojanost nijansi<\/p>","protected":false},"featured_media":3964,"template":"","meta":[],"product_brand":[],"product_cat":[191,189],"product_tag":[],"class_list":{"0":"post-3960","1":"product","2":"type-product","3":"status-publish","4":"has-post-thumbnail","6":"product_cat-boje-za-fasade-i-beton","7":"product_cat-fasadni-program","9":"first","10":"instock","11":"shipping-taxable","12":"purchasable","13":"product-type-variable","14":"wvs-archive-product-wrapper"},"acf":[],"_links":{"self":[{"href":"http:\/\/consortium.ascentia.top\/sl\/wp-json\/wp\/v2\/product\/3960","targetHints":{"allow":["GET"]}}],"collection":[{"href":"http:\/\/consortium.ascentia.top\/sl\/wp-json\/wp\/v2\/product"}],"about":[{"href":"http:\/\/consortium.ascentia.top\/sl\/wp-json\/wp\/v2\/types\/product"}],"wp:featuredmedia":[{"embeddable":true,"href":"http:\/\/consortium.ascentia.top\/sl\/wp-json\/wp\/v2\/media\/3964"}],"wp:attachment":[{"href":"http:\/\/consortium.ascentia.top\/sl\/wp-json\/wp\/v2\/media?parent=3960"}],"wp:term":[{"taxonomy":"product_brand","embeddable":true,"href":"http:\/\/consortium.ascentia.top\/sl\/wp-json\/wp\/v2\/product_brand?post=3960"},{"taxonomy":"product_cat","embeddable":true,"href":"http:\/\/consortium.ascentia.top\/sl\/wp-json\/wp\/v2\/product_cat?post=3960"},{"taxonomy":"product_tag","embeddable":true,"href":"http:\/\/consortium.ascentia.top\/sl\/wp-json\/wp\/v2\/product_tag?post=3960"}],"curies":[{"name":"wp","href":"https:\/\/api.w.org\/{rel}","templated":true}]}}