{"id":3951,"date":"2024-02-21T12:05:27","date_gmt":"2024-02-21T12:05:27","guid":{"rendered":"https:\/\/consortium.ascentia.top\/?post_type=product&#038;p=3951"},"modified":"2025-05-16T06:18:05","modified_gmt":"2025-05-16T06:18:05","slug":"hit","status":"publish","type":"product","link":"http:\/\/consortium.ascentia.top\/sl\/trgovina\/fasadni-program\/boje-za-fasade-i-beton\/hit\/","title":{"rendered":"Hit"},"content":{"rendered":"<p><strong>HIT je ekonomi\u010dna akrilna fasadna barva visoke paropropustnosti, odporna na UV \u017earke in staranje.<\/strong><\/p>\n<p>\u2713 visoka pokritost<br \/>\n\u2713 dolgotrajna za\u0161\u010dita fasadnih povr\u0161in<br \/>\n\u2713 odporna na UV \u017earke in staranje<\/p>\n<p>Ima dobro pokritost in je primerna za zunanje povr\u0161ine, kot so ometi (apneno-cementni, na osnovi organskih veziv ali podalj\u0161ano oja\u010dani s cementom), betonske povr\u0161ine, fasadne opeke ali vlaknocementne plo\u0161\u010de.<\/p>","protected":false},"excerpt":{"rendered":"<p>HIT je ekonomi\u010dna akrilna fasadna boja visoke paropropusnosti, otporna na UV zrake i starenje. \u2713 visoka pokrivnost \u2713 dugotrajna za\u0161tita fasadnih povr\u0161ina \u2713 otporna na UV zrake i starenje Dobre je pokrivnosti i prikladna je za vanjske povr\u0161ine kao \u0161to su \u017ebuke (vapneno-cementne, na osnovi organskih veziva ili produ\u017ene oja\u010dane cementom), betonske povr\u0161ine, fasadne opeke [&hellip;]<\/p>","protected":false},"featured_media":3952,"template":"","meta":[],"product_brand":[],"product_cat":[191,189],"product_tag":[],"class_list":{"0":"post-3951","1":"product","2":"type-product","3":"status-publish","4":"has-post-thumbnail","6":"product_cat-boje-za-fasade-i-beton","7":"product_cat-fasadni-program","9":"first","10":"instock","11":"shipping-taxable","12":"purchasable","13":"product-type-variable","14":"wvs-archive-product-wrapper"},"acf":[],"_links":{"self":[{"href":"http:\/\/consortium.ascentia.top\/sl\/wp-json\/wp\/v2\/product\/3951","targetHints":{"allow":["GET"]}}],"collection":[{"href":"http:\/\/consortium.ascentia.top\/sl\/wp-json\/wp\/v2\/product"}],"about":[{"href":"http:\/\/consortium.ascentia.top\/sl\/wp-json\/wp\/v2\/types\/product"}],"wp:featuredmedia":[{"embeddable":true,"href":"http:\/\/consortium.ascentia.top\/sl\/wp-json\/wp\/v2\/media\/3952"}],"wp:attachment":[{"href":"http:\/\/consortium.ascentia.top\/sl\/wp-json\/wp\/v2\/media?parent=3951"}],"wp:term":[{"taxonomy":"product_brand","embeddable":true,"href":"http:\/\/consortium.ascentia.top\/sl\/wp-json\/wp\/v2\/product_brand?post=3951"},{"taxonomy":"product_cat","embeddable":true,"href":"http:\/\/consortium.ascentia.top\/sl\/wp-json\/wp\/v2\/product_cat?post=3951"},{"taxonomy":"product_tag","embeddable":true,"href":"http:\/\/consortium.ascentia.top\/sl\/wp-json\/wp\/v2\/product_tag?post=3951"}],"curies":[{"name":"wp","href":"https:\/\/api.w.org\/{rel}","templated":true}]}}