{"id":3918,"date":"2024-02-19T13:41:39","date_gmt":"2024-02-19T13:41:39","guid":{"rendered":"https:\/\/consortium.ascentia.top\/?post_type=product&#038;p=3918"},"modified":"2025-05-16T07:16:50","modified_gmt":"2025-05-16T07:16:50","slug":"baumit-hobbybeton","status":"publish","type":"product","link":"http:\/\/consortium.ascentia.top\/sl\/trgovina\/prasina\/beton-i-estrih\/baumit-hobbybeton\/","title":{"rendered":"Baumit HobbyBeton"},"content":{"rendered":"<div class=\"col-lg-12 product-info\">\n<div class=\"inner\">\n<p class=\"introtext\">Tovarni\u0161ko pripravljen suhi beton, razreda C25\/30, za vse vrste betoniranja v hi\u0161i in na vrtu. Granulacija 4 mm.<\/p>\n<ul class=\"highlights highlights-with-h2\">\n<li>univerzalno uporaben<\/li>\n<li>za vse betonerske delo v hi\u0161i in okolici<\/li>\n<li>primeren za notranje in zunanje povr\u0161ine<\/li>\n<\/ul>\n<\/div>\n<\/div>\n<div class=\"col-lg-12 product-detail-container experts-advice\">\n<p class=\"bodytext body-text-overwrite-for-mobil\">Baumit HobbyBeton me\u0161ajte v prostopadajo\u010dem ali tla\u010dnem me\u0161alniku. \u010cas me\u0161anja 3-5 minut. Sve\u017ei beton po me\u0161anju \u010dim hitreje vgradite. Izogibajte se vi\u0161in padca nad en meter.<\/p>\n<\/div>","protected":false},"excerpt":{"rendered":"<p>Tvorni\u010dki pripremljen suhi beton, klase C25\/30, za sve vrste betoniranja u ku\u0107i i vrtu. Granulacija 4 mm. univerzalno primjenjiv za sve radove betoniranja na ku\u0107i i oku\u0107nici za primjenu na unutarnjim i vanjskim povr\u0161inama Baumit HobbyBeton mije\u0161ati mije\u0161alicom sa slobodnim padom ili tla\u010dnom mije\u0161alicom. Trajanje mije\u0161anja 3-5min. Svje\u017ei beton nakon mije\u0161anja \u0161to je mogu\u0107e br\u017ee [&hellip;]<\/p>","protected":false},"featured_media":3919,"template":"","meta":[],"product_brand":[],"product_cat":[212,209],"product_tag":[],"class_list":{"0":"post-3918","1":"product","2":"type-product","3":"status-publish","4":"has-post-thumbnail","6":"product_cat-beton-i-estrih","7":"product_cat-prasina","8":"product_shipping_class-bez-besplatne-dostave","10":"first","11":"instock","12":"shipping-taxable","13":"purchasable","14":"product-type-variable","15":"wvs-archive-product-wrapper"},"acf":[],"_links":{"self":[{"href":"http:\/\/consortium.ascentia.top\/sl\/wp-json\/wp\/v2\/product\/3918","targetHints":{"allow":["GET"]}}],"collection":[{"href":"http:\/\/consortium.ascentia.top\/sl\/wp-json\/wp\/v2\/product"}],"about":[{"href":"http:\/\/consortium.ascentia.top\/sl\/wp-json\/wp\/v2\/types\/product"}],"wp:featuredmedia":[{"embeddable":true,"href":"http:\/\/consortium.ascentia.top\/sl\/wp-json\/wp\/v2\/media\/3919"}],"wp:attachment":[{"href":"http:\/\/consortium.ascentia.top\/sl\/wp-json\/wp\/v2\/media?parent=3918"}],"wp:term":[{"taxonomy":"product_brand","embeddable":true,"href":"http:\/\/consortium.ascentia.top\/sl\/wp-json\/wp\/v2\/product_brand?post=3918"},{"taxonomy":"product_cat","embeddable":true,"href":"http:\/\/consortium.ascentia.top\/sl\/wp-json\/wp\/v2\/product_cat?post=3918"},{"taxonomy":"product_tag","embeddable":true,"href":"http:\/\/consortium.ascentia.top\/sl\/wp-json\/wp\/v2\/product_tag?post=3918"}],"curies":[{"name":"wp","href":"https:\/\/api.w.org\/{rel}","templated":true}]}}