{"id":3906,"date":"2024-02-19T13:25:59","date_gmt":"2024-02-19T13:25:59","guid":{"rendered":"https:\/\/consortium.ascentia.top\/?post_type=product&#038;p=3906"},"modified":"2025-05-16T07:17:25","modified_gmt":"2025-05-16T07:17:25","slug":"baumit-mpi-25","status":"publish","type":"product","link":"http:\/\/consortium.ascentia.top\/sl\/trgovina\/prasina\/zbuke\/baumit-mpi-25\/","title":{"rendered":"Baumit MPI 25"},"content":{"rendered":"<div class=\"col-lg-12 product-info\">\n<div class=\"inner\">\n<p class=\"introtext\">Apneno-cementni strojni omet za zaribavanje, za vse notranje prostore, vklju\u010dno s t. i. \"mokrih prostori\". Granulacija 1 mm.<\/p>\n<ul class=\"highlights highlights-with-h2\">\n<li>Zaribana povr\u0161ina<\/li>\n<li>Strojno obdeljiv<\/li>\n<li>Primeren tudi za mokre prostore<\/li>\n<\/ul>\n<\/div>\n<\/div>\n<div class=\"col-lg-12 product-detail-container experts-advice\">\n<p class=\"bodytext body-text-overwrite-for-mobil\">Baumit MPI 25 se lahko obdeluje z obi\u010dajnimi ometovalnimi stroji (npr. PFT G4, S48, S58, M3 ali podobnimi stroji za ometavanje). V stroju za ometavanje pred za\u010detkom dela ne sme biti ostankov materiala, ki vsebujejo mavec.<\/p>\n<\/div>","protected":false},"excerpt":{"rendered":"<p>Vapneno-cementna strojna \u017ebuka za zaribavanje, za sve unutarnje prostore, uklju\u010duju\u0107i i tzv. \u201cmokre \u010dvorove\u201d. Granulacija 1 mm. zaribana povr\u0161ina strojno obradiva prikladna i za mokre \u010dvorove Baumit MPI 25 se mo\u017ee obraditi uobi\u010dajenim strojevima za \u017ebukanje (npr. PFT G4, S48, S58, M3 ili sli\u010dnim strojevima za \u017ebukanje). U stroju za \u017ebukanje ne smiju se prije [&hellip;]<\/p>","protected":false},"featured_media":3907,"template":"","meta":[],"product_brand":[],"product_cat":[209,210],"product_tag":[],"class_list":{"0":"post-3906","1":"product","2":"type-product","3":"status-publish","4":"has-post-thumbnail","6":"product_cat-prasina","7":"product_cat-zbuke","8":"product_shipping_class-bez-besplatne-dostave","10":"first","11":"instock","12":"shipping-taxable","13":"purchasable","14":"product-type-simple"},"acf":[],"_links":{"self":[{"href":"http:\/\/consortium.ascentia.top\/sl\/wp-json\/wp\/v2\/product\/3906","targetHints":{"allow":["GET"]}}],"collection":[{"href":"http:\/\/consortium.ascentia.top\/sl\/wp-json\/wp\/v2\/product"}],"about":[{"href":"http:\/\/consortium.ascentia.top\/sl\/wp-json\/wp\/v2\/types\/product"}],"wp:featuredmedia":[{"embeddable":true,"href":"http:\/\/consortium.ascentia.top\/sl\/wp-json\/wp\/v2\/media\/3907"}],"wp:attachment":[{"href":"http:\/\/consortium.ascentia.top\/sl\/wp-json\/wp\/v2\/media?parent=3906"}],"wp:term":[{"taxonomy":"product_brand","embeddable":true,"href":"http:\/\/consortium.ascentia.top\/sl\/wp-json\/wp\/v2\/product_brand?post=3906"},{"taxonomy":"product_cat","embeddable":true,"href":"http:\/\/consortium.ascentia.top\/sl\/wp-json\/wp\/v2\/product_cat?post=3906"},{"taxonomy":"product_tag","embeddable":true,"href":"http:\/\/consortium.ascentia.top\/sl\/wp-json\/wp\/v2\/product_tag?post=3906"}],"curies":[{"name":"wp","href":"https:\/\/api.w.org\/{rel}","templated":true}]}}