{"id":3881,"date":"2024-02-19T12:38:13","date_gmt":"2024-02-19T12:38:13","guid":{"rendered":"https:\/\/consortium.ascentia.top\/?post_type=product&#038;p=3881"},"modified":"2025-05-07T14:01:32","modified_gmt":"2025-05-07T14:01:32","slug":"rukavica-pinto-poliamid-siva","status":"publish","type":"product","link":"http:\/\/consortium.ascentia.top\/sl\/trgovina\/zastitna-oprema\/radne-rukavice\/rukavica-pinto-poliamid-siva\/","title":{"rendered":"Rokavica Pinto-Poliamid-Siva"},"content":{"rendered":"<p>Protech rukavica slu\u017ei za za\u0161titu od mehani\u010dkih rizika s povr\u0161inskim u\u010dinkom.<\/p>\n<p>Dosta su lagane, budu\u0107i da posjeduju platnenu nadlanicu, pa su stoga odli\u010dan izbor u svakodnevnim aktivnostima, a i onim malo zahtjevnijim.<\/p>\n<p>Rukavice su namjenjene upotrebi prilikom izvo\u0111enja finih gra\u0111evinskih radova, \u010di\u0161\u0107enja, kre\u010denja, u autoindustriji, transportovanju i skladi\u0161tenju, stolarstvu, vrtlarstvu i sl.<\/p>","protected":false},"excerpt":{"rendered":"<p>Protech rukavica slu\u017ei za za\u0161titu od mehani\u010dkih rizika s povr\u0161inskim u\u010dinkom. Dosta su lagane, budu\u0107i da posjeduju platnenu nadlanicu, pa su stoga odli\u010dan izbor u svakodnevnim aktivnostima, a i onim malo zahtjevnijim. Rukavice su namjenjene upotrebi prilikom izvo\u0111enja finih gra\u0111evinskih radova, \u010di\u0161\u0107enja, kre\u010denja, u autoindustriji, transportovanju i skladi\u0161tenju, stolarstvu, vrtlarstvu i sl.<\/p>","protected":false},"featured_media":3882,"template":"","meta":[],"product_brand":[],"product_cat":[253,251],"product_tag":[],"class_list":{"0":"post-3881","1":"product","2":"type-product","3":"status-publish","4":"has-post-thumbnail","6":"product_cat-radne-rukavice","7":"product_cat-zastitna-oprema","9":"first","10":"instock","11":"shipping-taxable","12":"purchasable","13":"product-type-variable","14":"wvs-archive-product-wrapper"},"acf":[],"_links":{"self":[{"href":"http:\/\/consortium.ascentia.top\/sl\/wp-json\/wp\/v2\/product\/3881","targetHints":{"allow":["GET"]}}],"collection":[{"href":"http:\/\/consortium.ascentia.top\/sl\/wp-json\/wp\/v2\/product"}],"about":[{"href":"http:\/\/consortium.ascentia.top\/sl\/wp-json\/wp\/v2\/types\/product"}],"wp:featuredmedia":[{"embeddable":true,"href":"http:\/\/consortium.ascentia.top\/sl\/wp-json\/wp\/v2\/media\/3882"}],"wp:attachment":[{"href":"http:\/\/consortium.ascentia.top\/sl\/wp-json\/wp\/v2\/media?parent=3881"}],"wp:term":[{"taxonomy":"product_brand","embeddable":true,"href":"http:\/\/consortium.ascentia.top\/sl\/wp-json\/wp\/v2\/product_brand?post=3881"},{"taxonomy":"product_cat","embeddable":true,"href":"http:\/\/consortium.ascentia.top\/sl\/wp-json\/wp\/v2\/product_cat?post=3881"},{"taxonomy":"product_tag","embeddable":true,"href":"http:\/\/consortium.ascentia.top\/sl\/wp-json\/wp\/v2\/product_tag?post=3881"}],"curies":[{"name":"wp","href":"https:\/\/api.w.org\/{rel}","templated":true}]}}