{"id":3871,"date":"2024-02-19T12:33:06","date_gmt":"2024-02-19T12:33:06","guid":{"rendered":"https:\/\/consortium.ascentia.top\/?post_type=product&#038;p=3871"},"modified":"2025-05-07T14:01:32","modified_gmt":"2025-05-07T14:01:32","slug":"rukavice-g-rex-p07","status":"publish","type":"product","link":"http:\/\/consortium.ascentia.top\/sl\/trgovina\/zastitna-oprema\/radne-rukavice\/rukavice-g-rex-p07\/","title":{"rendered":"Rokavice G-REX P07"},"content":{"rendered":"<ul>\n<li>Lagana i izdr\u017eljiva rukavica otporna na rezove.<\/li>\n<li>Izra\u0111ena od najlona i UHMWPE vlakana, osigurava sigurnost i udobnost pri kori\u0161tenju.<\/li>\n<li>Oja\u010dana izme\u0111u palca i ka\u017eiprsta, \u0161to produ\u017euje vijek trajanja rukavice i pobolj\u0161ava ergonomiju pobolj\u0161avaju\u0107i prianjanje.<\/li>\n<\/ul>","protected":false},"excerpt":{"rendered":"<p>Lagana i izdr\u017eljiva rukavica otporna na rezove. Izra\u0111ena od najlona i UHMWPE vlakana, osigurava sigurnost i udobnost pri kori\u0161tenju. Oja\u010dana izme\u0111u palca i ka\u017eiprsta, \u0161to produ\u017euje vijek trajanja rukavice i pobolj\u0161ava ergonomiju pobolj\u0161avaju\u0107i prianjanje.<\/p>","protected":false},"featured_media":3873,"template":"","meta":[],"product_brand":[],"product_cat":[253,251],"product_tag":[],"class_list":{"0":"post-3871","1":"product","2":"type-product","3":"status-publish","4":"has-post-thumbnail","6":"product_cat-radne-rukavice","7":"product_cat-zastitna-oprema","9":"first","10":"instock","11":"shipping-taxable","12":"purchasable","13":"product-type-variable","14":"wvs-archive-product-wrapper"},"acf":[],"_links":{"self":[{"href":"http:\/\/consortium.ascentia.top\/sl\/wp-json\/wp\/v2\/product\/3871","targetHints":{"allow":["GET"]}}],"collection":[{"href":"http:\/\/consortium.ascentia.top\/sl\/wp-json\/wp\/v2\/product"}],"about":[{"href":"http:\/\/consortium.ascentia.top\/sl\/wp-json\/wp\/v2\/types\/product"}],"wp:featuredmedia":[{"embeddable":true,"href":"http:\/\/consortium.ascentia.top\/sl\/wp-json\/wp\/v2\/media\/3873"}],"wp:attachment":[{"href":"http:\/\/consortium.ascentia.top\/sl\/wp-json\/wp\/v2\/media?parent=3871"}],"wp:term":[{"taxonomy":"product_brand","embeddable":true,"href":"http:\/\/consortium.ascentia.top\/sl\/wp-json\/wp\/v2\/product_brand?post=3871"},{"taxonomy":"product_cat","embeddable":true,"href":"http:\/\/consortium.ascentia.top\/sl\/wp-json\/wp\/v2\/product_cat?post=3871"},{"taxonomy":"product_tag","embeddable":true,"href":"http:\/\/consortium.ascentia.top\/sl\/wp-json\/wp\/v2\/product_tag?post=3871"}],"curies":[{"name":"wp","href":"https:\/\/api.w.org\/{rel}","templated":true}]}}