{"id":3865,"date":"2024-02-19T12:28:28","date_gmt":"2024-02-19T12:28:28","guid":{"rendered":"https:\/\/consortium.ascentia.top\/?post_type=product&#038;p=3865"},"modified":"2025-05-07T14:01:32","modified_gmt":"2025-05-07T14:01:32","slug":"rukavice-rs-citrin","status":"publish","type":"product","link":"http:\/\/consortium.ascentia.top\/sl\/trgovina\/zastitna-oprema\/radne-rukavice\/rukavice-rs-citrin\/","title":{"rendered":"Rokavice RS Citrin"},"content":{"rendered":"<p>Citrin \u2013 rokavice iz visokokakovostnega nitrila \u2013 odporne na ma\u0161\u010dobe, olja in vodo. Elasti\u010dna man\u0161eta, bomba\u017ena podloga.<\/p>","protected":false},"excerpt":{"rendered":"<p>Citrin \u2013 rokavice iz visokokakovostnega nitrila \u2013 odporne na ma\u0161\u010dobe, olja in vodo. Elasti\u010dna man\u0161eta, bomba\u017ena podloga.<\/p>","protected":false},"featured_media":3867,"template":"","meta":[],"product_brand":[],"product_cat":[253,251],"product_tag":[],"class_list":{"0":"post-3865","1":"product","2":"type-product","3":"status-publish","4":"has-post-thumbnail","6":"product_cat-radne-rukavice","7":"product_cat-zastitna-oprema","9":"first","10":"instock","11":"shipping-taxable","12":"purchasable","13":"product-type-variable","14":"wvs-archive-product-wrapper"},"acf":[],"_links":{"self":[{"href":"http:\/\/consortium.ascentia.top\/sl\/wp-json\/wp\/v2\/product\/3865","targetHints":{"allow":["GET"]}}],"collection":[{"href":"http:\/\/consortium.ascentia.top\/sl\/wp-json\/wp\/v2\/product"}],"about":[{"href":"http:\/\/consortium.ascentia.top\/sl\/wp-json\/wp\/v2\/types\/product"}],"wp:featuredmedia":[{"embeddable":true,"href":"http:\/\/consortium.ascentia.top\/sl\/wp-json\/wp\/v2\/media\/3867"}],"wp:attachment":[{"href":"http:\/\/consortium.ascentia.top\/sl\/wp-json\/wp\/v2\/media?parent=3865"}],"wp:term":[{"taxonomy":"product_brand","embeddable":true,"href":"http:\/\/consortium.ascentia.top\/sl\/wp-json\/wp\/v2\/product_brand?post=3865"},{"taxonomy":"product_cat","embeddable":true,"href":"http:\/\/consortium.ascentia.top\/sl\/wp-json\/wp\/v2\/product_cat?post=3865"},{"taxonomy":"product_tag","embeddable":true,"href":"http:\/\/consortium.ascentia.top\/sl\/wp-json\/wp\/v2\/product_tag?post=3865"}],"curies":[{"name":"wp","href":"https:\/\/api.w.org\/{rel}","templated":true}]}}