{"id":3850,"date":"2024-02-19T12:20:34","date_gmt":"2024-02-19T12:20:34","guid":{"rendered":"https:\/\/consortium.ascentia.top\/?post_type=product&#038;p=3850"},"modified":"2025-05-07T14:01:32","modified_gmt":"2025-05-07T14:01:32","slug":"rukavice-g-rex-f16","status":"publish","type":"product","link":"http:\/\/consortium.ascentia.top\/sl\/trgovina\/zastitna-oprema\/radne-rukavice\/rukavice-g-rex-f16\/","title":{"rendered":"Rokavice G-REX F16"},"content":{"rendered":"<p>Funkcionalne protiurezne delovne rokavice G-REX zagotavljajo visoko raven natan\u010dnosti in popolno prileganje dlani. Imajo visoko odpornost proti obrabi in odli\u010dno prezra\u010devanje zaradi posebne strukture prevleke, ki omogo\u010da dihanje. Primerne za suha, vla\u017ena in oljnata okolja. Dela: monta\u017ea, skladi\u0161\u010denje, vzdr\u017eevanje\u2026 EN 388 (4X43C)<\/p>","protected":false},"excerpt":{"rendered":"<p>Funkcionalne protiurezne delovne rokavice G-REX zagotavljajo visoko raven natan\u010dnosti in popolno prileganje dlani. Imajo visoko odpornost proti obrabi in odli\u010dno prezra\u010devanje zaradi posebne strukture prevleke, ki omogo\u010da dihanje. Primerne za suha, vla\u017ena in oljnata okolja. Dela: monta\u017ea, skladi\u0161\u010denje, vzdr\u017eevanje\u2026 EN 388 (4X43C)<\/p>","protected":false},"featured_media":3851,"template":"","meta":[],"product_brand":[],"product_cat":[253,251],"product_tag":[],"class_list":{"0":"post-3850","1":"product","2":"type-product","3":"status-publish","4":"has-post-thumbnail","6":"product_cat-radne-rukavice","7":"product_cat-zastitna-oprema","9":"first","10":"instock","11":"shipping-taxable","12":"purchasable","13":"product-type-variable","14":"wvs-archive-product-wrapper"},"acf":[],"_links":{"self":[{"href":"http:\/\/consortium.ascentia.top\/sl\/wp-json\/wp\/v2\/product\/3850","targetHints":{"allow":["GET"]}}],"collection":[{"href":"http:\/\/consortium.ascentia.top\/sl\/wp-json\/wp\/v2\/product"}],"about":[{"href":"http:\/\/consortium.ascentia.top\/sl\/wp-json\/wp\/v2\/types\/product"}],"wp:featuredmedia":[{"embeddable":true,"href":"http:\/\/consortium.ascentia.top\/sl\/wp-json\/wp\/v2\/media\/3851"}],"wp:attachment":[{"href":"http:\/\/consortium.ascentia.top\/sl\/wp-json\/wp\/v2\/media?parent=3850"}],"wp:term":[{"taxonomy":"product_brand","embeddable":true,"href":"http:\/\/consortium.ascentia.top\/sl\/wp-json\/wp\/v2\/product_brand?post=3850"},{"taxonomy":"product_cat","embeddable":true,"href":"http:\/\/consortium.ascentia.top\/sl\/wp-json\/wp\/v2\/product_cat?post=3850"},{"taxonomy":"product_tag","embeddable":true,"href":"http:\/\/consortium.ascentia.top\/sl\/wp-json\/wp\/v2\/product_tag?post=3850"}],"curies":[{"name":"wp","href":"https:\/\/api.w.org\/{rel}","templated":true}]}}