{"id":3847,"date":"2024-02-19T12:18:27","date_gmt":"2024-02-19T12:18:27","guid":{"rendered":"https:\/\/consortium.ascentia.top\/?post_type=product&#038;p=3847"},"modified":"2025-05-07T14:01:32","modified_gmt":"2025-05-07T14:01:32","slug":"rukavice-g-rex-f09","status":"publish","type":"product","link":"http:\/\/consortium.ascentia.top\/sl\/trgovina\/zastitna-oprema\/radne-rukavice\/rukavice-g-rex-f09\/","title":{"rendered":"Rokavice G-REX F09"},"content":{"rendered":"<p>Vrhunske delovne rokavice G-REX prevle\u010dene z nitrilom zagotavljajo visoko odpornost proti obrabi in odli\u010dno prezra\u010devanje zaradi posebne strukture prevleke, ki omogo\u010da dihanje. Brez toksi\u010dnih sestavin, vlo\u017eek zagotavlja popolno udobje in varnost uporabe. Primerne za suho in vla\u017eno okolje. Dela: monta\u017ea, in\u0161talacije, skladi\u0161\u010denje, vzdr\u017eevanje\u2026 EN 388 (4121X)<\/p>","protected":false},"excerpt":{"rendered":"<p>Vrhunske delovne rokavice G-REX prevle\u010dene z nitrilom zagotavljajo visoko odpornost proti obrabi in odli\u010dno prezra\u010devanje zaradi posebne strukture prevleke, ki omogo\u010da dihanje. Brez toksi\u010dnih sestavin, vlo\u017eek zagotavlja popolno udobje in varnost uporabe. Primerne za suho in vla\u017eno okolje. Dela: monta\u017ea, in\u0161talacije, skladi\u0161\u010denje, vzdr\u017eevanje\u2026 EN 388 (4121X)<\/p>","protected":false},"featured_media":3848,"template":"","meta":[],"product_brand":[],"product_cat":[253,251],"product_tag":[],"class_list":{"0":"post-3847","1":"product","2":"type-product","3":"status-publish","4":"has-post-thumbnail","6":"product_cat-radne-rukavice","7":"product_cat-zastitna-oprema","9":"first","10":"instock","11":"shipping-taxable","12":"purchasable","13":"product-type-variable","14":"wvs-archive-product-wrapper"},"acf":[],"_links":{"self":[{"href":"http:\/\/consortium.ascentia.top\/sl\/wp-json\/wp\/v2\/product\/3847","targetHints":{"allow":["GET"]}}],"collection":[{"href":"http:\/\/consortium.ascentia.top\/sl\/wp-json\/wp\/v2\/product"}],"about":[{"href":"http:\/\/consortium.ascentia.top\/sl\/wp-json\/wp\/v2\/types\/product"}],"wp:featuredmedia":[{"embeddable":true,"href":"http:\/\/consortium.ascentia.top\/sl\/wp-json\/wp\/v2\/media\/3848"}],"wp:attachment":[{"href":"http:\/\/consortium.ascentia.top\/sl\/wp-json\/wp\/v2\/media?parent=3847"}],"wp:term":[{"taxonomy":"product_brand","embeddable":true,"href":"http:\/\/consortium.ascentia.top\/sl\/wp-json\/wp\/v2\/product_brand?post=3847"},{"taxonomy":"product_cat","embeddable":true,"href":"http:\/\/consortium.ascentia.top\/sl\/wp-json\/wp\/v2\/product_cat?post=3847"},{"taxonomy":"product_tag","embeddable":true,"href":"http:\/\/consortium.ascentia.top\/sl\/wp-json\/wp\/v2\/product_tag?post=3847"}],"curies":[{"name":"wp","href":"https:\/\/api.w.org\/{rel}","templated":true}]}}