{"id":3845,"date":"2024-02-19T12:14:45","date_gmt":"2024-02-19T12:14:45","guid":{"rendered":"https:\/\/consortium.ascentia.top\/?post_type=product&#038;p=3845"},"modified":"2025-05-07T13:59:06","modified_gmt":"2025-05-07T13:59:06","slug":"maska-za-varenje-p608","status":"publish","type":"product","link":"http:\/\/consortium.ascentia.top\/sl\/trgovina\/zastitna-oprema\/zastita-glave\/maska-za-varenje-p608\/","title":{"rendered":"Maska za varjenje P608"},"content":{"rendered":"<p>Maska za varjenje Praktik P608 je visokokakovostna za\u0161\u010ditna oprema, ki zagotavlja odli\u010dno za\u0161\u010dito med varjenjem. Ta maska ima samodejno zatemnitveno le\u010do, ki se takoj prilagodi svetlobi in zmanj\u0161a utrujenost o\u010di. Maska P608 je udobna za no\u0161enje zaradi lahke konstrukcije in nastavljivih trakov za pritrditev. Z to masko bo varjenje varno, u\u010dinkovito in udobno.<\/p>","protected":false},"excerpt":{"rendered":"<p>Maska za varjenje Praktik P608 je visokokakovostna za\u0161\u010ditna oprema, ki zagotavlja odli\u010dno za\u0161\u010dito med varjenjem. Ta maska ima samodejno zatemnitveno le\u010do, ki se takoj prilagodi svetlobi in zmanj\u0161a utrujenost o\u010di. Maska P608 je udobna za no\u0161enje zaradi lahke konstrukcije in nastavljivih trakov za pritrditev. Z to masko bo varjenje varno, u\u010dinkovito in udobno.<\/p>","protected":false},"featured_media":3846,"template":"","meta":[],"product_brand":[],"product_cat":[252,251],"product_tag":[],"class_list":{"0":"post-3845","1":"product","2":"type-product","3":"status-publish","4":"has-post-thumbnail","6":"product_cat-zastita-glave","7":"product_cat-zastitna-oprema","9":"first","10":"instock","11":"shipping-taxable","12":"purchasable","13":"product-type-simple"},"acf":[],"_links":{"self":[{"href":"http:\/\/consortium.ascentia.top\/sl\/wp-json\/wp\/v2\/product\/3845","targetHints":{"allow":["GET"]}}],"collection":[{"href":"http:\/\/consortium.ascentia.top\/sl\/wp-json\/wp\/v2\/product"}],"about":[{"href":"http:\/\/consortium.ascentia.top\/sl\/wp-json\/wp\/v2\/types\/product"}],"wp:featuredmedia":[{"embeddable":true,"href":"http:\/\/consortium.ascentia.top\/sl\/wp-json\/wp\/v2\/media\/3846"}],"wp:attachment":[{"href":"http:\/\/consortium.ascentia.top\/sl\/wp-json\/wp\/v2\/media?parent=3845"}],"wp:term":[{"taxonomy":"product_brand","embeddable":true,"href":"http:\/\/consortium.ascentia.top\/sl\/wp-json\/wp\/v2\/product_brand?post=3845"},{"taxonomy":"product_cat","embeddable":true,"href":"http:\/\/consortium.ascentia.top\/sl\/wp-json\/wp\/v2\/product_cat?post=3845"},{"taxonomy":"product_tag","embeddable":true,"href":"http:\/\/consortium.ascentia.top\/sl\/wp-json\/wp\/v2\/product_tag?post=3845"}],"curies":[{"name":"wp","href":"https:\/\/api.w.org\/{rel}","templated":true}]}}