{"id":3832,"date":"2024-02-19T11:54:23","date_gmt":"2024-02-19T11:54:23","guid":{"rendered":"https:\/\/consortium.ascentia.top\/?post_type=product&#038;p=3832"},"modified":"2025-05-07T13:57:35","modified_gmt":"2025-05-07T13:57:35","slug":"3m-maska-respirator-l","status":"publish","type":"product","link":"http:\/\/consortium.ascentia.top\/sl\/trgovina\/zastitna-oprema\/zastita-glave\/3m-maska-respirator-l\/","title":{"rendered":"3M maska respirator (L)"},"content":{"rendered":"<ul>\n<li>3M polumaske serije 6000 su ekonomi\u010dan izbor.<\/li>\n<li>Odlikuje ih jednostavno odr\u017eavanje i mala te\u017eina, jednostavno namje\u0161tanje filtera.<\/li>\n<li>Lagani, elasti\u010dni materijal za postizanje udobnosti u dugim periodima rada.<\/li>\n<li>Ultra mala te\u017eina od svega 82g.<\/li>\n<\/ul>\n<p>U paketu se nalazi:<\/p>\n<ul>\n<li>polumaska serije 3M 6300<\/li>\n<\/ul>","protected":false},"excerpt":{"rendered":"<p>3M polumaske serije 6000 su ekonomi\u010dan izbor. Odlikuje ih jednostavno odr\u017eavanje i mala te\u017eina, jednostavno namje\u0161tanje filtera. Lagani, elasti\u010dni materijal za postizanje udobnosti u dugim periodima rada. Ultra mala te\u017eina od svega 82g. U paketu se nalazi: polumaska serije 3M 6300<\/p>","protected":false},"featured_media":3833,"template":"","meta":[],"product_brand":[],"product_cat":[252,251],"product_tag":[],"class_list":{"0":"post-3832","1":"product","2":"type-product","3":"status-publish","4":"has-post-thumbnail","6":"product_cat-zastita-glave","7":"product_cat-zastitna-oprema","9":"first","10":"instock","11":"shipping-taxable","12":"purchasable","13":"product-type-simple"},"acf":[],"_links":{"self":[{"href":"http:\/\/consortium.ascentia.top\/sl\/wp-json\/wp\/v2\/product\/3832","targetHints":{"allow":["GET"]}}],"collection":[{"href":"http:\/\/consortium.ascentia.top\/sl\/wp-json\/wp\/v2\/product"}],"about":[{"href":"http:\/\/consortium.ascentia.top\/sl\/wp-json\/wp\/v2\/types\/product"}],"wp:featuredmedia":[{"embeddable":true,"href":"http:\/\/consortium.ascentia.top\/sl\/wp-json\/wp\/v2\/media\/3833"}],"wp:attachment":[{"href":"http:\/\/consortium.ascentia.top\/sl\/wp-json\/wp\/v2\/media?parent=3832"}],"wp:term":[{"taxonomy":"product_brand","embeddable":true,"href":"http:\/\/consortium.ascentia.top\/sl\/wp-json\/wp\/v2\/product_brand?post=3832"},{"taxonomy":"product_cat","embeddable":true,"href":"http:\/\/consortium.ascentia.top\/sl\/wp-json\/wp\/v2\/product_cat?post=3832"},{"taxonomy":"product_tag","embeddable":true,"href":"http:\/\/consortium.ascentia.top\/sl\/wp-json\/wp\/v2\/product_tag?post=3832"}],"curies":[{"name":"wp","href":"https:\/\/api.w.org\/{rel}","templated":true}]}}