{"id":3790,"date":"2024-02-15T14:00:51","date_gmt":"2024-02-15T14:00:51","guid":{"rendered":"https:\/\/consortium.ascentia.top\/?post_type=product&#038;p=3790"},"modified":"2025-05-07T14:01:20","modified_gmt":"2025-05-07T14:01:20","slug":"matica-din-1587-zn","status":"publish","type":"product","link":"http:\/\/consortium.ascentia.top\/sl\/trgovina\/vijcana-roba-i-okovi\/matice\/matica-din-1587-zn\/","title":{"rendered":"Matica DIN 1587 Zn"},"content":{"rendered":"<li>Slijepa matica, poznata i pod nazivom \u0161e\u0161ir matica, ukrasna matica, imaju glavu s pri\u010dvr\u0161\u0107enim kupolama koja \u0161titi vijke i \u0161titi navoje od p\u0161te\u0107enja, \u0161to omogu\u0107uje ponovnu upotrebu nakon odr\u017eavanja.\u00a0<\/li>\n<li>\u0160iroko se koristi za ukra\u0161avanje stepenica, nosa\u010da, vijaka za pro\u0161irenje, dje\u010dijih igra\u010daka, namje\u0161taja itd. <\/li>\n<li>Estetska sofisticiranost, mo\u017ee imati dobru ulogu u ukra\u0161avanju,\u00a0a i sprje\u010davaju se ogrebotine i ozljede pri kontaktu s golim navojem navojem, pogotovo kod djece.<\/li>","protected":false},"excerpt":{"rendered":"<p>Slijepa matica, poznata i pod nazivom \u0161e\u0161ir matica, ukrasna matica, imaju glavu s pri\u010dvr\u0161\u0107enim kupolama koja \u0161titi vijke i \u0161titi navoje od p\u0161te\u0107enja, \u0161to omogu\u0107uje ponovnu upotrebu nakon odr\u017eavanja.\u00a0 \u0160iroko se koristi za ukra\u0161avanje stepenica, nosa\u010da, vijaka za pro\u0161irenje, dje\u010dijih igra\u010daka, namje\u0161taja itd. Estetska sofisticiranost, mo\u017ee imati dobru ulogu u ukra\u0161avanju,\u00a0a i sprje\u010davaju se ogrebotine [&hellip;]<\/p>","protected":false},"featured_media":3791,"template":"","meta":[],"product_brand":[],"product_cat":[268,254],"product_tag":[],"class_list":{"0":"post-3790","1":"product","2":"type-product","3":"status-publish","4":"has-post-thumbnail","6":"product_cat-matice","7":"product_cat-vijcana-roba-i-okovi","9":"first","10":"instock","11":"shipping-taxable","12":"purchasable","13":"product-type-variable","14":"wvs-archive-product-wrapper"},"acf":[],"_links":{"self":[{"href":"http:\/\/consortium.ascentia.top\/sl\/wp-json\/wp\/v2\/product\/3790","targetHints":{"allow":["GET"]}}],"collection":[{"href":"http:\/\/consortium.ascentia.top\/sl\/wp-json\/wp\/v2\/product"}],"about":[{"href":"http:\/\/consortium.ascentia.top\/sl\/wp-json\/wp\/v2\/types\/product"}],"wp:featuredmedia":[{"embeddable":true,"href":"http:\/\/consortium.ascentia.top\/sl\/wp-json\/wp\/v2\/media\/3791"}],"wp:attachment":[{"href":"http:\/\/consortium.ascentia.top\/sl\/wp-json\/wp\/v2\/media?parent=3790"}],"wp:term":[{"taxonomy":"product_brand","embeddable":true,"href":"http:\/\/consortium.ascentia.top\/sl\/wp-json\/wp\/v2\/product_brand?post=3790"},{"taxonomy":"product_cat","embeddable":true,"href":"http:\/\/consortium.ascentia.top\/sl\/wp-json\/wp\/v2\/product_cat?post=3790"},{"taxonomy":"product_tag","embeddable":true,"href":"http:\/\/consortium.ascentia.top\/sl\/wp-json\/wp\/v2\/product_tag?post=3790"}],"curies":[{"name":"wp","href":"https:\/\/api.w.org\/{rel}","templated":true}]}}