{"id":3757,"date":"2024-02-15T13:37:51","date_gmt":"2024-02-15T13:37:51","guid":{"rendered":"https:\/\/consortium.ascentia.top\/?post_type=product&#038;p=3757"},"modified":"2025-05-07T14:01:47","modified_gmt":"2025-05-07T14:01:47","slug":"vijak-temelj-div-6272-zn","status":"publish","type":"product","link":"http:\/\/consortium.ascentia.top\/sl\/trgovina\/vijcana-roba-i-okovi\/sidreni-vijci\/vijak-temelj-div-6272-zn\/","title":{"rendered":"Vijak temelj DIV 6272 ZN"},"content":{"rendered":"<li>Sidrni jekleni vijak za pritrjevanje za te\u017eke pogoje, za pritrjevanje na trdne nosilce, vlo\u017eek v beton itd.<\/li>\n<li>CE certificirana opcija 7, za uporabo v betonu brez razpok.<\/li>","protected":false},"excerpt":{"rendered":"<p>Sidreni \u010deli\u010dni vijak za u\u010dvr\u0161\u0107ivanje za te\u0161ke uvjete, za u\u010dvr\u0161\u0107ivanje na \u010dvrste nosa\u010de, tipla u beton i sl.. CE certificirana opcija 7, za uporabu u betonu bez pukotina.<\/p>","protected":false},"featured_media":3758,"template":"","meta":[],"product_brand":[],"product_cat":[267,254],"product_tag":[],"class_list":{"0":"post-3757","1":"product","2":"type-product","3":"status-publish","4":"has-post-thumbnail","6":"product_cat-sidreni-vijci","7":"product_cat-vijcana-roba-i-okovi","9":"first","10":"instock","11":"shipping-taxable","12":"purchasable","13":"product-type-variable","14":"wvs-archive-product-wrapper"},"acf":[],"_links":{"self":[{"href":"http:\/\/consortium.ascentia.top\/sl\/wp-json\/wp\/v2\/product\/3757","targetHints":{"allow":["GET"]}}],"collection":[{"href":"http:\/\/consortium.ascentia.top\/sl\/wp-json\/wp\/v2\/product"}],"about":[{"href":"http:\/\/consortium.ascentia.top\/sl\/wp-json\/wp\/v2\/types\/product"}],"wp:featuredmedia":[{"embeddable":true,"href":"http:\/\/consortium.ascentia.top\/sl\/wp-json\/wp\/v2\/media\/3758"}],"wp:attachment":[{"href":"http:\/\/consortium.ascentia.top\/sl\/wp-json\/wp\/v2\/media?parent=3757"}],"wp:term":[{"taxonomy":"product_brand","embeddable":true,"href":"http:\/\/consortium.ascentia.top\/sl\/wp-json\/wp\/v2\/product_brand?post=3757"},{"taxonomy":"product_cat","embeddable":true,"href":"http:\/\/consortium.ascentia.top\/sl\/wp-json\/wp\/v2\/product_cat?post=3757"},{"taxonomy":"product_tag","embeddable":true,"href":"http:\/\/consortium.ascentia.top\/sl\/wp-json\/wp\/v2\/product_tag?post=3757"}],"curies":[{"name":"wp","href":"https:\/\/api.w.org\/{rel}","templated":true}]}}