{"id":3698,"date":"2024-02-15T13:04:14","date_gmt":"2024-02-15T13:04:14","guid":{"rendered":"https:\/\/consortium.ascentia.top\/?post_type=product&#038;p=3698"},"modified":"2025-05-07T14:01:46","modified_gmt":"2025-05-07T14:01:46","slug":"vijak-din-7504-n","status":"publish","type":"product","link":"http:\/\/consortium.ascentia.top\/sl\/trgovina\/vijcana-roba-i-okovi\/samobuseci-vijci\/vijak-din-7504-n\/","title":{"rendered":"Vijak DIN 7504 N"},"content":{"rendered":"<li>Samourezuju\u0107i vijak za lim sa cilindri\u010dnom glavom i kri\u017enim urezom<\/li>","protected":false},"excerpt":{"rendered":"<p>Samourezuju\u0107i vijak za lim sa cilindri\u010dnom glavom i kri\u017enim urezom<\/p>","protected":false},"featured_media":3699,"template":"","meta":[],"product_brand":[],"product_cat":[260,254],"product_tag":[],"class_list":{"0":"post-3698","1":"product","2":"type-product","3":"status-publish","4":"has-post-thumbnail","6":"product_cat-samobuseci-vijci","7":"product_cat-vijcana-roba-i-okovi","9":"first","10":"instock","11":"shipping-taxable","12":"purchasable","13":"product-type-variable","14":"wvs-archive-product-wrapper"},"acf":[],"_links":{"self":[{"href":"http:\/\/consortium.ascentia.top\/sl\/wp-json\/wp\/v2\/product\/3698","targetHints":{"allow":["GET"]}}],"collection":[{"href":"http:\/\/consortium.ascentia.top\/sl\/wp-json\/wp\/v2\/product"}],"about":[{"href":"http:\/\/consortium.ascentia.top\/sl\/wp-json\/wp\/v2\/types\/product"}],"wp:featuredmedia":[{"embeddable":true,"href":"http:\/\/consortium.ascentia.top\/sl\/wp-json\/wp\/v2\/media\/3699"}],"wp:attachment":[{"href":"http:\/\/consortium.ascentia.top\/sl\/wp-json\/wp\/v2\/media?parent=3698"}],"wp:term":[{"taxonomy":"product_brand","embeddable":true,"href":"http:\/\/consortium.ascentia.top\/sl\/wp-json\/wp\/v2\/product_brand?post=3698"},{"taxonomy":"product_cat","embeddable":true,"href":"http:\/\/consortium.ascentia.top\/sl\/wp-json\/wp\/v2\/product_cat?post=3698"},{"taxonomy":"product_tag","embeddable":true,"href":"http:\/\/consortium.ascentia.top\/sl\/wp-json\/wp\/v2\/product_tag?post=3698"}],"curies":[{"name":"wp","href":"https:\/\/api.w.org\/{rel}","templated":true}]}}