{"id":3497,"date":"2024-02-15T12:22:49","date_gmt":"2024-02-15T12:22:49","guid":{"rendered":"https:\/\/consortium.ascentia.top\/?post_type=product&#038;p=3497"},"modified":"2025-05-07T14:01:46","modified_gmt":"2025-05-07T14:01:46","slug":"vijak-din-7981-zn","status":"publish","type":"product","link":"http:\/\/consortium.ascentia.top\/sl\/trgovina\/vijcana-roba-i-okovi\/vijci-za-lim\/vijak-din-7981-zn\/","title":{"rendered":"Vijak DIN 7981 ZN"},"content":{"rendered":"<li>Vijak za plo\u010devino s pogreznjeno in cilindri\u010dno glavo ter kri\u017enim utorom.<\/li>","protected":false},"excerpt":{"rendered":"<p>Vijak za plo\u010devino s pogreznjeno in cilindri\u010dno glavo ter kri\u017enim utorom.<\/p>","protected":false},"featured_media":3509,"template":"","meta":[],"product_brand":[],"product_cat":[254,255],"product_tag":[],"class_list":{"0":"post-3497","1":"product","2":"type-product","3":"status-publish","4":"has-post-thumbnail","6":"product_cat-vijcana-roba-i-okovi","7":"product_cat-vijci-za-lim","9":"first","10":"instock","11":"shipping-taxable","12":"purchasable","13":"product-type-variable","14":"wvs-archive-product-wrapper"},"acf":[],"_links":{"self":[{"href":"http:\/\/consortium.ascentia.top\/sl\/wp-json\/wp\/v2\/product\/3497","targetHints":{"allow":["GET"]}}],"collection":[{"href":"http:\/\/consortium.ascentia.top\/sl\/wp-json\/wp\/v2\/product"}],"about":[{"href":"http:\/\/consortium.ascentia.top\/sl\/wp-json\/wp\/v2\/types\/product"}],"wp:featuredmedia":[{"embeddable":true,"href":"http:\/\/consortium.ascentia.top\/sl\/wp-json\/wp\/v2\/media\/3509"}],"wp:attachment":[{"href":"http:\/\/consortium.ascentia.top\/sl\/wp-json\/wp\/v2\/media?parent=3497"}],"wp:term":[{"taxonomy":"product_brand","embeddable":true,"href":"http:\/\/consortium.ascentia.top\/sl\/wp-json\/wp\/v2\/product_brand?post=3497"},{"taxonomy":"product_cat","embeddable":true,"href":"http:\/\/consortium.ascentia.top\/sl\/wp-json\/wp\/v2\/product_cat?post=3497"},{"taxonomy":"product_tag","embeddable":true,"href":"http:\/\/consortium.ascentia.top\/sl\/wp-json\/wp\/v2\/product_tag?post=3497"}],"curies":[{"name":"wp","href":"https:\/\/api.w.org\/{rel}","templated":true}]}}