{"id":3488,"date":"2024-02-15T12:05:56","date_gmt":"2024-02-15T12:05:56","guid":{"rendered":"https:\/\/consortium.ascentia.top\/?post_type=product&#038;p=3488"},"modified":"2025-05-07T13:58:56","modified_gmt":"2025-05-07T13:58:56","slug":"knauf-vijak-s-tiplom-k-6-35","status":"publish","type":"product","link":"http:\/\/consortium.ascentia.top\/sl\/trgovina\/suha-gradnja\/ostali-pribor-za-suhu-gradnju\/knauf-vijak-s-tiplom-k-6-35\/","title":{"rendered":"Knauf vijak s tiplom \"K\" 6\/35"},"content":{"rendered":"<p><strong>Plasti\u010dna tipla z vijakom za Knauf gipsane plo\u0161\u010de.<\/strong><\/p>","protected":false},"excerpt":{"rendered":"<p>Plasti\u010dna tipla z vijakom za Knauf gipsane plo\u0161\u010de.<\/p>","protected":false},"featured_media":3461,"template":"","meta":[],"product_brand":[],"product_cat":[185,184],"product_tag":[],"class_list":{"0":"post-3488","1":"product","2":"type-product","3":"status-publish","4":"has-post-thumbnail","6":"product_cat-ostali-pribor-za-suhu-gradnju","7":"product_cat-suha-gradnja","9":"first","10":"instock","11":"shipping-taxable","12":"purchasable","13":"product-type-simple"},"acf":[],"_links":{"self":[{"href":"http:\/\/consortium.ascentia.top\/sl\/wp-json\/wp\/v2\/product\/3488","targetHints":{"allow":["GET"]}}],"collection":[{"href":"http:\/\/consortium.ascentia.top\/sl\/wp-json\/wp\/v2\/product"}],"about":[{"href":"http:\/\/consortium.ascentia.top\/sl\/wp-json\/wp\/v2\/types\/product"}],"wp:featuredmedia":[{"embeddable":true,"href":"http:\/\/consortium.ascentia.top\/sl\/wp-json\/wp\/v2\/media\/3461"}],"wp:attachment":[{"href":"http:\/\/consortium.ascentia.top\/sl\/wp-json\/wp\/v2\/media?parent=3488"}],"wp:term":[{"taxonomy":"product_brand","embeddable":true,"href":"http:\/\/consortium.ascentia.top\/sl\/wp-json\/wp\/v2\/product_brand?post=3488"},{"taxonomy":"product_cat","embeddable":true,"href":"http:\/\/consortium.ascentia.top\/sl\/wp-json\/wp\/v2\/product_cat?post=3488"},{"taxonomy":"product_tag","embeddable":true,"href":"http:\/\/consortium.ascentia.top\/sl\/wp-json\/wp\/v2\/product_tag?post=3488"}],"curies":[{"name":"wp","href":"https:\/\/api.w.org\/{rel}","templated":true}]}}