{"id":3477,"date":"2024-02-15T12:03:28","date_gmt":"2024-02-15T12:03:28","guid":{"rendered":"https:\/\/consortium.ascentia.top\/?post_type=product&#038;p=3477"},"modified":"2025-05-07T14:01:48","modified_gmt":"2025-05-07T14:01:48","slug":"knauf-zica-s-usicom","status":"publish","type":"product","link":"http:\/\/consortium.ascentia.top\/sl\/trgovina\/suha-gradnja\/ostali-pribor-za-suhu-gradnju\/knauf-zica-s-usicom\/","title":{"rendered":"Knauf \u017eica z u\u0161ico"},"content":{"rendered":"<p><strong>\u017dica za obe\u0161anje spu\u0161\u010dene stropne konstrukcije.<\/strong><\/p>\n<p>\u017dica z u\u0161esom za ekonomi\u010dno obe\u0161anje vise\u010dih obremenitev do 0,25 kN.<\/p>","protected":false},"excerpt":{"rendered":"<p>\u017dica za vje\u0161anje spu\u0161tenog stropa \u017dica s u\u0161icom za ekonomi\u010dno vje\u0161anje ovje\u0161enih tereta i do 0,25 kN.<\/p>","protected":false},"featured_media":3463,"template":"","meta":[],"product_brand":[],"product_cat":[185,184],"product_tag":[],"class_list":{"0":"post-3477","1":"product","2":"type-product","3":"status-publish","4":"has-post-thumbnail","6":"product_cat-ostali-pribor-za-suhu-gradnju","7":"product_cat-suha-gradnja","9":"first","10":"instock","11":"shipping-taxable","12":"purchasable","13":"product-type-variable","14":"wvs-archive-product-wrapper"},"acf":[],"_links":{"self":[{"href":"http:\/\/consortium.ascentia.top\/sl\/wp-json\/wp\/v2\/product\/3477","targetHints":{"allow":["GET"]}}],"collection":[{"href":"http:\/\/consortium.ascentia.top\/sl\/wp-json\/wp\/v2\/product"}],"about":[{"href":"http:\/\/consortium.ascentia.top\/sl\/wp-json\/wp\/v2\/types\/product"}],"wp:featuredmedia":[{"embeddable":true,"href":"http:\/\/consortium.ascentia.top\/sl\/wp-json\/wp\/v2\/media\/3463"}],"wp:attachment":[{"href":"http:\/\/consortium.ascentia.top\/sl\/wp-json\/wp\/v2\/media?parent=3477"}],"wp:term":[{"taxonomy":"product_brand","embeddable":true,"href":"http:\/\/consortium.ascentia.top\/sl\/wp-json\/wp\/v2\/product_brand?post=3477"},{"taxonomy":"product_cat","embeddable":true,"href":"http:\/\/consortium.ascentia.top\/sl\/wp-json\/wp\/v2\/product_cat?post=3477"},{"taxonomy":"product_tag","embeddable":true,"href":"http:\/\/consortium.ascentia.top\/sl\/wp-json\/wp\/v2\/product_tag?post=3477"}],"curies":[{"name":"wp","href":"https:\/\/api.w.org\/{rel}","templated":true}]}}