{"id":3472,"date":"2024-02-15T11:58:01","date_gmt":"2024-02-15T11:58:01","guid":{"rendered":"https:\/\/consortium.ascentia.top\/?post_type=product&#038;p=3472"},"modified":"2025-05-07T14:01:17","modified_gmt":"2025-05-07T14:01:17","slug":"knauf-samourezni-vijak-tb","status":"publish","type":"product","link":"http:\/\/consortium.ascentia.top\/sl\/trgovina\/suha-gradnja\/ostali-pribor-za-suhu-gradnju\/knauf-samourezni-vijak-tb\/","title":{"rendered":"Knauf samorezni vijak TB"},"content":{"rendered":"<p><strong>Vijaki za debelino plo\u010devine od 0,88 mm dalje.<\/strong><\/p>\n<p>Samorezni vijaki za pritrditev gipsanih plo\u0161\u010d na kovinsko konstrukcijo z nastavkom za privijanje.<\/p>","protected":false},"excerpt":{"rendered":"<p>Vijci za debljinu lima ve\u0107u do 0,88 mm Samourezni vijci za pri\u010dvr\u0161\u0107ivanje gipsanih plo\u010da na metalnu potkonstrukciju s nastavkom za uvrtanje.<\/p>","protected":false},"featured_media":3460,"template":"","meta":[],"product_brand":[],"product_cat":[185,184],"product_tag":[],"class_list":{"0":"post-3472","1":"product","2":"type-product","3":"status-publish","4":"has-post-thumbnail","6":"product_cat-ostali-pribor-za-suhu-gradnju","7":"product_cat-suha-gradnja","9":"first","10":"instock","11":"shipping-taxable","12":"purchasable","13":"product-type-variable","14":"wvs-archive-product-wrapper"},"acf":[],"_links":{"self":[{"href":"http:\/\/consortium.ascentia.top\/sl\/wp-json\/wp\/v2\/product\/3472","targetHints":{"allow":["GET"]}}],"collection":[{"href":"http:\/\/consortium.ascentia.top\/sl\/wp-json\/wp\/v2\/product"}],"about":[{"href":"http:\/\/consortium.ascentia.top\/sl\/wp-json\/wp\/v2\/types\/product"}],"wp:featuredmedia":[{"embeddable":true,"href":"http:\/\/consortium.ascentia.top\/sl\/wp-json\/wp\/v2\/media\/3460"}],"wp:attachment":[{"href":"http:\/\/consortium.ascentia.top\/sl\/wp-json\/wp\/v2\/media?parent=3472"}],"wp:term":[{"taxonomy":"product_brand","embeddable":true,"href":"http:\/\/consortium.ascentia.top\/sl\/wp-json\/wp\/v2\/product_brand?post=3472"},{"taxonomy":"product_cat","embeddable":true,"href":"http:\/\/consortium.ascentia.top\/sl\/wp-json\/wp\/v2\/product_cat?post=3472"},{"taxonomy":"product_tag","embeddable":true,"href":"http:\/\/consortium.ascentia.top\/sl\/wp-json\/wp\/v2\/product_tag?post=3472"}],"curies":[{"name":"wp","href":"https:\/\/api.w.org\/{rel}","templated":true}]}}