{"id":3456,"date":"2024-02-15T11:57:23","date_gmt":"2024-02-15T11:57:23","guid":{"rendered":"https:\/\/consortium.ascentia.top\/?post_type=product&#038;p=3456"},"modified":"2025-05-07T14:01:17","modified_gmt":"2025-05-07T14:01:17","slug":"knauf-samourezni-vijak-tn","status":"publish","type":"product","link":"http:\/\/consortium.ascentia.top\/sl\/trgovina\/suha-gradnja\/ostali-pribor-za-suhu-gradnju\/knauf-samourezni-vijak-tn\/","title":{"rendered":"Knauf samorezni vijak TN"},"content":{"rendered":"<p><strong>Vijak za pritrditev Knauf gipsanih plo\u0161\u010d na kovinsko konstrukcijo do debeline plo\u010devine 0,75 mm.<\/strong><\/p>\n<p>Samorezni vijak iz jekla, ki je idealen za kovinske konstrukcije.<\/p>","protected":false},"excerpt":{"rendered":"<p>Vijak za pri\u010dvr\u0161\u0107ivanje Knauf gipsanih plo\u010da za metalnu potkonstrukciju do debljine lima 0,75 mm Samourezni vijak od \u010delika koji je idealan za metalne potkonstrukcije.<\/p>","protected":false},"featured_media":3457,"template":"","meta":[],"product_brand":[],"product_cat":[185,184],"product_tag":[],"class_list":{"0":"post-3456","1":"product","2":"type-product","3":"status-publish","4":"has-post-thumbnail","6":"product_cat-ostali-pribor-za-suhu-gradnju","7":"product_cat-suha-gradnja","9":"first","10":"instock","11":"shipping-taxable","12":"purchasable","13":"product-type-variable","14":"wvs-archive-product-wrapper"},"acf":[],"_links":{"self":[{"href":"http:\/\/consortium.ascentia.top\/sl\/wp-json\/wp\/v2\/product\/3456","targetHints":{"allow":["GET"]}}],"collection":[{"href":"http:\/\/consortium.ascentia.top\/sl\/wp-json\/wp\/v2\/product"}],"about":[{"href":"http:\/\/consortium.ascentia.top\/sl\/wp-json\/wp\/v2\/types\/product"}],"wp:featuredmedia":[{"embeddable":true,"href":"http:\/\/consortium.ascentia.top\/sl\/wp-json\/wp\/v2\/media\/3457"}],"wp:attachment":[{"href":"http:\/\/consortium.ascentia.top\/sl\/wp-json\/wp\/v2\/media?parent=3456"}],"wp:term":[{"taxonomy":"product_brand","embeddable":true,"href":"http:\/\/consortium.ascentia.top\/sl\/wp-json\/wp\/v2\/product_brand?post=3456"},{"taxonomy":"product_cat","embeddable":true,"href":"http:\/\/consortium.ascentia.top\/sl\/wp-json\/wp\/v2\/product_cat?post=3456"},{"taxonomy":"product_tag","embeddable":true,"href":"http:\/\/consortium.ascentia.top\/sl\/wp-json\/wp\/v2\/product_tag?post=3456"}],"curies":[{"name":"wp","href":"https:\/\/api.w.org\/{rel}","templated":true}]}}