{"id":3267,"date":"2023-02-21T15:14:51","date_gmt":"2023-02-21T15:14:51","guid":{"rendered":"https:\/\/consortium.ascentia.top\/?post_type=product&#038;p=3267"},"modified":"2025-05-07T13:59:46","modified_gmt":"2025-05-07T13:59:46","slug":"sadolin-yacht-0-75-l","status":"publish","type":"product","link":"http:\/\/consortium.ascentia.top\/sl\/trgovina\/boje-i-lakovi\/premazi-za-brodove\/sadolin-yacht-0-75-l\/","title":{"rendered":"Sadolin Yacht 0.75 L"},"content":{"rendered":"<p><strong>Sadolin Yacht je brezbarvni lak za les.<\/strong><\/p>\n<ul>\n<li>Primeren je za vse lesene povr\u0161ine, izpostavljene pove\u010dani obrabi in vplivu vode, npr. lesene stopnice, delovne plo\u0161\u010de, vrata, \u010dolne in plutovino.<\/li>\n<li>Vsebuje poliuretane, ki mu zagotavljajo visoko odpornost na vremenske vplive, UV \u017earke in agresivne vplive morske klime, z dolgoro\u010dnim u\u010dinkom, kar podalj\u0161a interval obnove.<\/li>\n<li>Za zunanjo uporabo.<\/li>\n<li>Povr\u0161ina mora biti trdna, \u010dista in suha. Izdelek nanesite s \u010dopi\u010dem ali valj\u010dkom.<\/li>\n<li>Nana\u0161a se na su\u0161en in odma\u0161\u010den les.<\/li>\n<\/ul>\n<p><strong>Lastnosti:<\/strong><\/p>\n<p style=\"padding-left: 40px;\"><strong>\u2713<\/strong> Idealna viskoznost<br \/>\n<strong>\u2713<\/strong> La\u017eje nana\u0161anje<br \/>\n<strong>\u2713<\/strong> Ne kaplja, ne razliva se<br \/>\n<strong>\u2713<\/strong> Poraba pribli\u017eno 10 m\u00b2\/l.<\/p>\n<p><strong>Kakovost:<\/strong><\/p>\n<ul>\n<li>Vsebuje urethane, ki premazu zagotavljajo veliko vzdr\u017eljivost.<\/li>\n<\/ul>\n<p><strong>Fleksibilna formula<\/strong><\/p>\n<ul>\n<li>Premaz je odporen in ne poka pod vplivom temperaturnih sprememb.<\/li>\n<li>Vodoodpornost<\/li>\n<li>Visokokakovostna formulacija laka zagotavlja odli\u010dno vodoodpornost.<\/li>\n<\/ul>\n<p><strong>Enostavno \u010di\u0161\u010denje oziroma vzdr\u017eevanje.<\/strong><\/p>\n<ul>\n<li>\u010cisti se z mehko, vla\u017eno krpo.<\/li>\n<li>S suho krpo podrgnite do naravnega sijaja.<\/li>\n<\/ul>\n<p><strong>Odpornost na kemijske vplive<\/strong><\/p>\n<ul>\n<li>Odporen je na delovanje mo\u010dnih \u010distilnih sredstev, ki se uporabljajo v gospodinjstvih, ter na alkohol in sinteti\u010dna razred\u010dila.<\/li>\n<li>UV filter<\/li>\n<li>\u0160\u010diti pred vplivi son\u010dne svetlobe.<\/li>\n<\/ul>\n<p>Pred uporabo natan\u010dno preberite tehni\u010dni in varnostno-tehni\u010dni list.<\/p>","protected":false},"excerpt":{"rendered":"<p>Sadolin Yacht je bezbojni lak za drvo. Prikladan je za sve drvene povr\u0161ine izlo\u017eene poja\u010danom habanju i utjecaju vode, npr. drvene stube, radne plohe, vrata, \u010damce i pluto. Sadr\u017ei poliuretane koji mu daju visoku izdr\u017eljivost na vremenske utjecaje, UV zrake i agresivno djelovanje morske klime, s dugotrajnim u\u010dinkom, \u0161to produ\u017eava interval obnove. Za vanjsku je [&hellip;]<\/p>","protected":false},"featured_media":3268,"template":"","meta":[],"product_brand":[],"product_cat":[169,174],"product_tag":[],"class_list":{"0":"post-3267","1":"product","2":"type-product","3":"status-publish","4":"has-post-thumbnail","6":"product_cat-boje-i-lakovi","7":"product_cat-premazi-za-brodove","9":"first","10":"instock","11":"shipping-taxable","12":"purchasable","13":"product-type-simple"},"acf":[],"_links":{"self":[{"href":"http:\/\/consortium.ascentia.top\/sl\/wp-json\/wp\/v2\/product\/3267","targetHints":{"allow":["GET"]}}],"collection":[{"href":"http:\/\/consortium.ascentia.top\/sl\/wp-json\/wp\/v2\/product"}],"about":[{"href":"http:\/\/consortium.ascentia.top\/sl\/wp-json\/wp\/v2\/types\/product"}],"wp:featuredmedia":[{"embeddable":true,"href":"http:\/\/consortium.ascentia.top\/sl\/wp-json\/wp\/v2\/media\/3268"}],"wp:attachment":[{"href":"http:\/\/consortium.ascentia.top\/sl\/wp-json\/wp\/v2\/media?parent=3267"}],"wp:term":[{"taxonomy":"product_brand","embeddable":true,"href":"http:\/\/consortium.ascentia.top\/sl\/wp-json\/wp\/v2\/product_brand?post=3267"},{"taxonomy":"product_cat","embeddable":true,"href":"http:\/\/consortium.ascentia.top\/sl\/wp-json\/wp\/v2\/product_cat?post=3267"},{"taxonomy":"product_tag","embeddable":true,"href":"http:\/\/consortium.ascentia.top\/sl\/wp-json\/wp\/v2\/product_tag?post=3267"}],"curies":[{"name":"wp","href":"https:\/\/api.w.org\/{rel}","templated":true}]}}