{"id":3259,"date":"2023-02-21T15:13:49","date_gmt":"2023-02-21T15:13:49","guid":{"rendered":"https:\/\/consortium.ascentia.top\/?post_type=product&#038;p=3259"},"modified":"2025-05-24T08:01:22","modified_gmt":"2025-05-24T08:01:22","slug":"sadolin-terrace","status":"publish","type":"product","link":"http:\/\/consortium.ascentia.top\/sl\/trgovina\/boje-i-lakovi\/lazurni-premazi-i-zastite-za-drvo\/sadolin-terrace\/","title":{"rendered":"Sadolin Terrace"},"content":{"rendered":"<p><strong>Sadolin Terrace je lazura za zunanja lesena tla. <\/strong><\/p>\n<ul>\n<li>Za posebno za\u0161\u010dito lesene poti in ustvarjanje nedrse\u010de povr\u0161ine.<\/li>\n<li>Vodoodporna, \u0161\u010diti les pred UV-sevanjem.<\/li>\n<li>Drugi sloj svilnatega premaza ustvari protizdrsno povr\u0161ino.<\/li>\n<li>Za zunanjo uporabo.<\/li>\n<\/ul>","protected":false},"excerpt":{"rendered":"<p>Sadolin Terrace je lazura za zunanje lesene talne obloge. Ponuja posebno za\u0161\u010dito lesenih poti in ustvarja protizdrsno povr\u0161ino. Vodoodporna je in \u0161\u010diti les pred UV sevanjem. Drugi sloj svilnate prevleke ustvari protizdrsno povr\u0161ino. Za zunanjo uporabo.<\/p>","protected":false},"featured_media":3260,"template":"","meta":[],"product_brand":[],"product_cat":[169,172],"product_tag":[],"class_list":{"0":"post-3259","1":"product","2":"type-product","3":"status-publish","4":"has-post-thumbnail","6":"product_cat-boje-i-lakovi","7":"product_cat-lazurni-premazi-i-zastite-za-drvo","9":"first","10":"instock","11":"shipping-taxable","12":"purchasable","13":"product-type-variable","14":"wvs-archive-product-wrapper"},"acf":[],"_links":{"self":[{"href":"http:\/\/consortium.ascentia.top\/sl\/wp-json\/wp\/v2\/product\/3259","targetHints":{"allow":["GET"]}}],"collection":[{"href":"http:\/\/consortium.ascentia.top\/sl\/wp-json\/wp\/v2\/product"}],"about":[{"href":"http:\/\/consortium.ascentia.top\/sl\/wp-json\/wp\/v2\/types\/product"}],"wp:featuredmedia":[{"embeddable":true,"href":"http:\/\/consortium.ascentia.top\/sl\/wp-json\/wp\/v2\/media\/3260"}],"wp:attachment":[{"href":"http:\/\/consortium.ascentia.top\/sl\/wp-json\/wp\/v2\/media?parent=3259"}],"wp:term":[{"taxonomy":"product_brand","embeddable":true,"href":"http:\/\/consortium.ascentia.top\/sl\/wp-json\/wp\/v2\/product_brand?post=3259"},{"taxonomy":"product_cat","embeddable":true,"href":"http:\/\/consortium.ascentia.top\/sl\/wp-json\/wp\/v2\/product_cat?post=3259"},{"taxonomy":"product_tag","embeddable":true,"href":"http:\/\/consortium.ascentia.top\/sl\/wp-json\/wp\/v2\/product_tag?post=3259"}],"curies":[{"name":"wp","href":"https:\/\/api.w.org\/{rel}","templated":true}]}}