{"id":3257,"date":"2023-02-21T15:12:29","date_gmt":"2023-02-21T15:12:29","guid":{"rendered":"https:\/\/consortium.ascentia.top\/?post_type=product&#038;p=3257"},"modified":"2025-05-07T14:01:33","modified_gmt":"2025-05-07T14:01:33","slug":"sadolin-superdec","status":"publish","type":"product","link":"http:\/\/consortium.ascentia.top\/sl\/trgovina\/boje-i-lakovi\/lazurni-premazi-i-zastite-za-drvo\/sadolin-superdec\/","title":{"rendered":"Sadolin Superdec"},"content":{"rendered":"<p><strong>Sadolin Superdec je prekrivna barva za les, ki poudarja naravno strukturo lesa in temelji na vodni osnovi.<\/strong><\/p>\n<ul>\n<li>Ima veliko prekrivno mo\u010d, idealen je za obnovo obstoje\u010de barve ali barvanje v popolnoma novo barvo.<\/li>\n<li>Omogo\u010da dolgotrajno za\u0161\u010dito lesa pred vremenskimi vplivi in se enostavno nana\u0161a.<\/li>\n<li>Uporablja se na lesenih fasadah, vrtnih hi\u0161icah, vratih in drugih lesenih povr\u0161inah.<\/li>\n<\/ul>\n<p>Nanos: Pred uporabo in med uporabo temeljito preme\u0161ajte ter nana\u0161ajte v smeri strukture lesa.<\/p>","protected":false},"excerpt":{"rendered":"<p>Sadolin Superdec pokrivna je boja za drvo koja nagla\u0161ava prirodnu strukturu drva i na bazi je vode. Ima veliku pokrivnu mo\u0107, idealan je za obnavljanje postoje\u0107e boje ili bojanje u potpuno novu boju. Omogu\u0107uje dugotrajnu za\u0161titu drva od vremenskih utjecaja te se lagano premazuje. Primjenjuje se na drvenim fasadama, vrtnim ku\u0107icama, vratima i ostalim drvenim [&hellip;]<\/p>","protected":false},"featured_media":3258,"template":"","meta":[],"product_brand":[],"product_cat":[169,172],"product_tag":[],"class_list":{"0":"post-3257","1":"product","2":"type-product","3":"status-publish","4":"has-post-thumbnail","6":"product_cat-boje-i-lakovi","7":"product_cat-lazurni-premazi-i-zastite-za-drvo","9":"first","10":"instock","11":"shipping-taxable","12":"purchasable","13":"product-type-variable","14":"wvs-archive-product-wrapper"},"acf":[],"_links":{"self":[{"href":"http:\/\/consortium.ascentia.top\/sl\/wp-json\/wp\/v2\/product\/3257","targetHints":{"allow":["GET"]}}],"collection":[{"href":"http:\/\/consortium.ascentia.top\/sl\/wp-json\/wp\/v2\/product"}],"about":[{"href":"http:\/\/consortium.ascentia.top\/sl\/wp-json\/wp\/v2\/types\/product"}],"wp:featuredmedia":[{"embeddable":true,"href":"http:\/\/consortium.ascentia.top\/sl\/wp-json\/wp\/v2\/media\/3258"}],"wp:attachment":[{"href":"http:\/\/consortium.ascentia.top\/sl\/wp-json\/wp\/v2\/media?parent=3257"}],"wp:term":[{"taxonomy":"product_brand","embeddable":true,"href":"http:\/\/consortium.ascentia.top\/sl\/wp-json\/wp\/v2\/product_brand?post=3257"},{"taxonomy":"product_cat","embeddable":true,"href":"http:\/\/consortium.ascentia.top\/sl\/wp-json\/wp\/v2\/product_cat?post=3257"},{"taxonomy":"product_tag","embeddable":true,"href":"http:\/\/consortium.ascentia.top\/sl\/wp-json\/wp\/v2\/product_tag?post=3257"}],"curies":[{"name":"wp","href":"https:\/\/api.w.org\/{rel}","templated":true}]}}