{"id":3189,"date":"2023-02-21T15:08:27","date_gmt":"2023-02-21T15:08:27","guid":{"rendered":"https:\/\/consortium.ascentia.top\/?post_type=product&#038;p=3189"},"modified":"2025-05-16T10:46:16","modified_gmt":"2025-05-16T10:46:16","slug":"sadolin-classic","status":"publish","type":"product","link":"http:\/\/consortium.ascentia.top\/sl\/trgovina\/boje-i-lakovi\/lazurni-premazi-i-zastite-za-drvo\/sadolin-classic\/","title":{"rendered":"Sadolin Classic"},"content":{"rendered":"<p><strong>Sadolin Classic je odli\u010dno impregnacijsko-dekorativno sredstvo za les, ki ohranja naravni videz lesa in ga hkrati pobarva v privla\u010dno barvo. <\/strong><\/p>\n<p>Izdelek prav tako zagotavlja dolgotrajno za\u0161\u010dito lesa pred vlago, plesnijo in glivami.<\/p>\n<ul>\n<li>Dobra sposobnost prodiranja v leseno podlago omogo\u010da za\u0161\u010dito in ohranjanje njenega naravnega videza.<\/li>\n<li>Por lesa ostanejo odprte, kar omogo\u010da dihanje lesa.<\/li>\n<li>Izdelek se posebej priporo\u010da za barvanje velikih povr\u0161in in za neobdelan (ni pa izklju\u010deno tudi obdelan) les, prav tako pa se priporo\u010da za barvanje palub lesenih \u010dolnov, lesenih ograj in otro\u0161kih igri\u0161\u010d.<\/li>\n<\/ul>","protected":false},"excerpt":{"rendered":"<p>Sadolin Classic je izvrsno\u00a0impregnacijsko-dekorativno sredstvo za drvo, koje \u010duva prirodni izgled drveta i istodobno ga oboji atraktivnom bojom. Tako\u0111er proizvod jam\u010di dugogodi\u0161nju za\u0161titu drveta od vlage, plavila i gljivica. Dobra sposobnost prodiranja\u00a0u drvenu podlogu omogu\u0107ava za\u0161titu i \u010duvanje njezinog prirodnog izgleda. Pore drveta ostaju otvorene, \u0161to mu omogu\u0107uje disanje. Proizvod se osobito preporu\u010duje za bojanje [&hellip;]<\/p>","protected":false},"featured_media":3190,"template":"","meta":[],"product_brand":[],"product_cat":[169,172],"product_tag":[],"class_list":{"0":"post-3189","1":"product","2":"type-product","3":"status-publish","4":"has-post-thumbnail","6":"product_cat-boje-i-lakovi","7":"product_cat-lazurni-premazi-i-zastite-za-drvo","9":"first","10":"instock","11":"shipping-taxable","12":"purchasable","13":"product-type-variable","14":"wvs-archive-product-wrapper"},"acf":[],"_links":{"self":[{"href":"http:\/\/consortium.ascentia.top\/sl\/wp-json\/wp\/v2\/product\/3189","targetHints":{"allow":["GET"]}}],"collection":[{"href":"http:\/\/consortium.ascentia.top\/sl\/wp-json\/wp\/v2\/product"}],"about":[{"href":"http:\/\/consortium.ascentia.top\/sl\/wp-json\/wp\/v2\/types\/product"}],"wp:featuredmedia":[{"embeddable":true,"href":"http:\/\/consortium.ascentia.top\/sl\/wp-json\/wp\/v2\/media\/3190"}],"wp:attachment":[{"href":"http:\/\/consortium.ascentia.top\/sl\/wp-json\/wp\/v2\/media?parent=3189"}],"wp:term":[{"taxonomy":"product_brand","embeddable":true,"href":"http:\/\/consortium.ascentia.top\/sl\/wp-json\/wp\/v2\/product_brand?post=3189"},{"taxonomy":"product_cat","embeddable":true,"href":"http:\/\/consortium.ascentia.top\/sl\/wp-json\/wp\/v2\/product_cat?post=3189"},{"taxonomy":"product_tag","embeddable":true,"href":"http:\/\/consortium.ascentia.top\/sl\/wp-json\/wp\/v2\/product_tag?post=3189"}],"curies":[{"name":"wp","href":"https:\/\/api.w.org\/{rel}","templated":true}]}}