{"id":3121,"date":"2023-01-05T14:06:33","date_gmt":"2023-01-05T14:06:33","guid":{"rendered":"https:\/\/consortium.ascentia.top\/?post_type=product&#038;p=3121"},"modified":"2025-05-07T14:01:44","modified_gmt":"2025-05-07T14:01:44","slug":"v33-kupaonica","status":"publish","type":"product","link":"http:\/\/consortium.ascentia.top\/sl\/trgovina\/dekorativni-program\/dekorativne-boje-za-zidove-i-dodaci\/v33-kupaonica\/","title":{"rendered":"V33 Kopalnica"},"content":{"rendered":"<p><strong>V33 RENOVATION PERFECTION\u00ae KOPALNICA<\/strong><\/p>\n<p><strong>\u00a0<\/strong><\/p>\n<p>V33 Renovation Perfection Kopalnica je visokokakovostna barva za enostavno in hitro obnovo kerami\u010dnih kopalni\u0161kih plo\u0161\u010dic brez potrebe po predhodnem nanosu temeljnega premaza ali bru\u0161enju, primerna tudi za uporabo v tu\u0161 kabini. Idealna je tudi za prenovo kopalni\u0161kega pohi\u0161tva z barvanjem. Tehnologija AQUARESIST ustvarja vodoodporno bariero, ki \u0161\u010diti povr\u0161ino pred ponavljajo\u010dim stikom z vodo.<\/p>\n<p><strong>\u00a0<\/strong>ODTENKI: BELA, BOMBA\u017d, SVETLO SIVA, PLEMENITO SIVA, ANTRACIT, CIMET, PUDER ROZA, OCEANSKO MODRA.<\/p>\n<p>Teoreti\u010dna poraba:<\/p>\n<ul>\n<li>Pakiranje 2 litra = \u00b124 m\u00b2 (za 1 sloj) = \u00b112 m\u00b2 (za 2 sloja).<\/li>\n<li>Pakiranje 0,75 litra = \u00b19 m\u00b2 (za 1 sloj) = \u00b14,5 m\u00b2 (za 2 sloja).<\/li>\n<\/ul>\n<p>OPIS: Notranja barva za trajno obnovo mo\u010dno obremenjenih povr\u0161in in materialov v kopalnici. Visoka odpornost na gospodinjska \u010distila, kozmetiko, vodo, vlago ter na hitre in pogoste temperaturne spremembe vode (od 10 \u00b0C do 40 \u00b0C), s katerimi pride v stik.<\/p>\n<p>PODRO\u010cJE UPORABE: neposreden nanos brez predhodnega temeljnika na:<\/p>\n<ul>\n<li>Kopalni\u0161ko pohi\u0161tvo (surov, lakiran ali barvan les, laminat, iveral, melamin, PVC, nerjave\u010de jeklo, kovine);<\/li>\n<li>Stenske plo\u0161\u010dice v kopalnici in tu\u0161 kabini (keramika, dekorativne letve, steklene opeke).<\/li>\n<\/ul>\n<p>Barva ni primerna za uporabo kot tesnilo ali hidroizolacija, prav tako ni primerna za sanitarne elemente (umivalniki, kadi, WC \u0161koljke ipd.) ali tla.<\/p>\n<p>PRIPRAVA: priprava povr\u0161ine je NUJNA. Povr\u0161ina mora biti \u010dista, razma\u0161\u010dena, suha in nelepljiva. Temeljito \u010di\u0161\u010denje povr\u0161ine je KLJU\u010cNO. Povr\u0161ine najprej temeljito o\u010distite z alkalnim \u010distilom za gospodinjstvo (npr. Kristalna soda za pranje), pri \u010demer posebno pazite na temeljito \u010di\u0161\u010denje fug med plo\u0161\u010dicami. Pred barvanjem odstranite silikonske tesnilne mase (po barvanju jih ponovno zatesnite z<\/p>\n<p>nevtralnim sanitarnim silikonom). Nato nadaljujte s pripravo glede na vrsto podlage:<\/p>\n<ul>\n<li>Neporozne podlage (zidne plo\u0161\u010dice, nerjave\u010de jeklo, steklo, laminat, iveral): o\u010distite, razmastite, sperite z vodo in pustite, da se popolnoma posu\u0161ijo.<\/li>\n<li>Porozne podlage (les, MDF): rahlo obrusite in odstranite prah. Surov hrast in kostanj prema\u017eite s temeljnim premazom za blokiranje taninov.<\/li>\n<li>Barvane ali lakirane povr\u0161ine: o\u010distite, temeljito sperite, posu\u0161ite, nato<\/li>\n<\/ul>\n<p>rahlo pobrusite z brusnim papirjem (240) in odstranite prah.<\/p>\n<p>NANOS: barvo nanesite z valj\u010dkom Flok (za ravne povr\u0161ine) in \u010dopi\u010dem s \u0161iljastim vrhom (za fuge, vogale in neravnine) pri temperaturi med 12 in 25 \u00b0C, pri \u010demer se izogibajte prepihu. Izpraznite kapsulo Additiv System (nahaja se pod pokrovom embala\u017ee) v barvo. Barvo me\u0161ajte 5 minut, kro\u017eno z lopatico okoli dna posode, da se dobro preme\u0161a. Barvo nana\u0161ajte na posamezne manj\u0161e povr\u0161ine. Nana\u0161ajte jo z valj\u010dkom v kri\u017enih potezah, pri \u010demer naj bo zadnji poteg vedno v isti smeri. Pustite, da se su\u0161i 8 ur, nato na enak na\u010din nanesite drugi sloj.<\/p>\n<p>Na vodoravnih povr\u0161inah barvo zaklju\u010dite z <strong>V33 Lak za delovne plo\u0161\u010de<\/strong>. Po\u010dakajte 48 ur su\u0161enja pred prvim tu\u0161iranjem. Po dodajanju vsebine kapsule Additiv System v barvo jo morate uporabiti v 10 dneh, da ohranite optimalen oprijem in u\u010dinek barve. Za\u0161\u010ditni trak odstranite takoj po nanosu barve.<\/p>\n<p>OPOMBE V33:<\/p>\n<ul>\n<li>Za vzdr\u017eevanje in \u010di\u0161\u010denje pobarvanih povr\u0161in uporabljajte neagresivno \u010distilo in neabrazivno gobico.<\/li>\n<li>Barva dose\u017ee svoje polne lastnosti odpornosti in oprijema po 20 dneh od nanosa. Ne\u017eno<\/li>\n<\/ul>\n<p>ravnajte s povr\u0161ino, pri \u010demer se prvih 20 dni po barvanju izogibajte udarcem, abraziji, made\u017eem ali \u010di\u0161\u010denju.<\/p>\n<ul>\n<li>Pri nekaterih odtenkih barve, ki so v kontrastu z odtenkom podlage, bo morda potrebno nanesti dodaten sloj barve.<\/li>\n<\/ul>\n<p>Proizvajalec: ''V33'', Rue de la Croix Bernard - BP 1, F-39210 Domblans, EU - Francija, www.v33.fr, Dr\u017eava porekla: EU \u2013 Francija.<\/p>\n<p>Povezava na video uporabe:<\/p>\n<p><a href=\"https:\/\/youtu.be\/8ObMlzNCOAg\">https:\/\/youtu.be\/8ObMlzNCOAg<\/a><\/p>\n<p>&nbsp;<\/p>\n<p>&nbsp;<\/p>","protected":false},"excerpt":{"rendered":"<p>V33 RENOVATION PERFECTION\u00ae KUPAONICA \u00a0 V33 Renovation Perfection Kupaonica je visokokvalitetna boja za jednostavnu i brzu obnovu zidnih kupaonskih kerami\u010dkih plo\u010dica bez prethodnog nano\u0161enja temeljnog premaza ili njihovog bru\u0161enja, tako\u0111er i za unutar tu\u0161 kabine. Idealna je i za renoviranje kupaonskog namje\u0161taja bojenjem. Tehnologija AQUARESIST stvara vodonepropusnu barijeru koja \u0161titi povr\u0161inu od ponavljaju\u0107eg kontakta s [&hellip;]<\/p>","protected":false},"featured_media":3122,"template":"","meta":[],"product_brand":[],"product_cat":[188,186],"product_tag":[],"class_list":{"0":"post-3121","1":"product","2":"type-product","3":"status-publish","4":"has-post-thumbnail","6":"product_cat-dekorativne-boje-za-zidove-i-dodaci","7":"product_cat-dekorativni-program","9":"first","10":"instock","11":"shipping-taxable","12":"purchasable","13":"product-type-variable","14":"wvs-archive-product-wrapper"},"acf":[],"_links":{"self":[{"href":"http:\/\/consortium.ascentia.top\/sl\/wp-json\/wp\/v2\/product\/3121","targetHints":{"allow":["GET"]}}],"collection":[{"href":"http:\/\/consortium.ascentia.top\/sl\/wp-json\/wp\/v2\/product"}],"about":[{"href":"http:\/\/consortium.ascentia.top\/sl\/wp-json\/wp\/v2\/types\/product"}],"wp:featuredmedia":[{"embeddable":true,"href":"http:\/\/consortium.ascentia.top\/sl\/wp-json\/wp\/v2\/media\/3122"}],"wp:attachment":[{"href":"http:\/\/consortium.ascentia.top\/sl\/wp-json\/wp\/v2\/media?parent=3121"}],"wp:term":[{"taxonomy":"product_brand","embeddable":true,"href":"http:\/\/consortium.ascentia.top\/sl\/wp-json\/wp\/v2\/product_brand?post=3121"},{"taxonomy":"product_cat","embeddable":true,"href":"http:\/\/consortium.ascentia.top\/sl\/wp-json\/wp\/v2\/product_cat?post=3121"},{"taxonomy":"product_tag","embeddable":true,"href":"http:\/\/consortium.ascentia.top\/sl\/wp-json\/wp\/v2\/product_tag?post=3121"}],"curies":[{"name":"wp","href":"https:\/\/api.w.org\/{rel}","templated":true}]}}