{"id":3067,"date":"2023-01-05T13:53:54","date_gmt":"2023-01-05T13:53:54","guid":{"rendered":"https:\/\/consortium.ascentia.top\/?post_type=product&#038;p=3067"},"modified":"2025-06-02T15:00:59","modified_gmt":"2025-06-02T15:00:59","slug":"v33-sanitarije","status":"publish","type":"product","link":"http:\/\/consortium.ascentia.top\/sl\/trgovina\/dekorativni-program\/dekorativne-boje-za-zidove-i-dodaci\/v33-sanitarije\/","title":{"rendered":"V33 Sanitarije"},"content":{"rendered":"<p><strong>V33 RENOVATION PERFECTION\u00ae KOPALNI\u0160KA SANITARIJA 1 L (2 x 0.5 L)<\/strong><\/p>\n<p>PORABA: 1 liter = \u00b16 m\u00b2 (za en sloj) = \u00b13 m\u00b2 (za dva sloja).<\/p>\n<p>ODTENEK: BELA.<\/p>\n<p>Pakiranje vsebuje komplet 2 lo\u010denih premazov (Barva 0.5 L + Za\u0161\u010ditni Lak 0.5 L).<\/p>\n<p>PODRO\u010cJE UPORABE: za barvanje kopalni\u0161ke sanitarne opreme brez predhodnega nanosa primerja, neposredno na: umivalnike, kadi, tu\u0161 kadi, bideje, WC \u0161koljke ipd., iz naslednjih materialov:<\/p>\n<ul>\n<li>Keramika, emajlirani porcelan<\/li>\n<li>Litina, emajlirano jeklo<\/li>\n<li>Akrilne smole.<\/li>\n<\/ul>\n<p>Sistem, ki temelji na tehnologiji HYDRO+, ustvarja vodoodporno povr\u0161ino tudi ob pogostem stiku z vodo in pri temperaturnih spremembah. Ima visoko odpornost proti gospodinjskim \u010distilom, kozmetiki, zobni pasti, vodi in vlagi.<\/p>\n<p>PRIPRAVA: Pred barvanjem odstranite silikonske tesnilne mase. Po barvanju ponovno zatesnite z nevtralnim sanitarnim silikonom. Podlaga mora biti \u010dista, suha, nelepljiva in nemastna. Povr\u0161ino temeljito o\u010distite z alkalnim \u010distilom (npr. Kristalna soda za pranje), jo zelo skrbno sperite z vodo in pustite, da se posu\u0161i.<\/p>\n<p>NANOS:<\/p>\n<ol>\n<li>NANOS BARVE<\/li>\n<\/ol>\n<p>Izpraznite kapsulo Additiv System (nahaja se pod pokrovom embala\u017ee) v barvo. Barvo me\u0161ajte 5 minut, kro\u017eno s lopatico okoli dna posode, da se dobro preme\u0161a. Odstranite pipe ali jih za\u0161\u010ditite z lepilnim trakom ter za\u0161\u010ditite vse robove in povr\u0161ine, ki jih ne \u017eelite barvati. Prvi sloj barve nanesite z valj\u010dkom Flok (manj\u0161im za zaobljene povr\u0161ine, ve\u010djim za ravne) in s \u010dopi\u010dem z zaobljenim koni\u010dastim vrhom (za vogale in neravne povr\u0161ine). Barvajte v trakovih po pribli\u017eno 15 cm, za\u010den\u0161i od spodaj navzgor. Pustite, da se su\u0161i 8 ur. Drugi sloj barve nanesite \u0161ele, ko se prvi sloj popolnoma posu\u0161i. Prvi sloj ne prekriva popolnoma, kon\u010dni rezultat je viden po drugem sloju. Drugi sloj nanesite na enak na\u010din in pustite, da se su\u0161i 8 ur pred nanosom za\u0161\u010ditnega laka.<\/p>\n<ol start=\"2\">\n<li>NANOS ZA\u0160\u010cITNEGA LAKA<\/li>\n<\/ol>\n<p>Izpraznite kapsulo Additiv System v za\u0161\u010ditni lak. Lak me\u0161ajte 5 minut, kro\u017eno s lopatico okoli dna posode, da se dobro preme\u0161a. Za\u0161\u010ditni lak nanesite z valj\u010dkom Flok (manj\u0161im za zaobljene povr\u0161ine, ve\u010djim za ravne) in s \u010dopi\u010dem z zaobljenim koni\u010dastim vrhom (za vogale in neravne povr\u0161ine). Valj\u010dek premikajte v kri\u017enih potezah, zadnji poteg vedno v isti smeri. Pustite, da se su\u0161i 8 ur, nato nanesite drugi sloj laka na enak na\u010din.<\/p>\n<p>Po barvanju takoj odstranite za\u0161\u010ditni trak. Pred ponovno uporabo sanitarne opreme (pranje, kopanje ipd.) pustite, da se premaz popolnoma posu\u0161i in utrdi najmanj 7 dni.<\/p>\n<p>Po dodajanju kapsule Additiv System morate premaz uporabiti v 10 dneh za optimalno oprijemljivost in odpornost.<\/p>\n<p>\u010ci\u0161\u010denje orodja: orodje o\u010distite z vodo in milnico takoj po barvanju, preden se izdelek posu\u0161i.<\/p>\n<p>OPOMBE V33:<\/p>\n<ul>\n<li>Polna u\u010dinkovitost izdelka (trdota, odpornost in oprijemljivost) je dose\u017eena po 20 dneh od nanosa. Prvih 20 dni ravnajte s pobarvanimi povr\u0161inami previdno, izogibajte se udarcem, praskam, made\u017eem ali \u010di\u0161\u010denju.<\/li>\n<li>Za \u010di\u0161\u010denje pobarvanih povr\u0161in uporabljajte neagresivna \u010distila in neabrazivne gobice.<\/li>\n<\/ul>\n<p>Proizvajalec: V33, Domblans, EU - Francija, Dr\u017eava porekla: EU - Francija.<\/p>\n<p>Povezava na video uporabe:<\/p>\n<p><a href=\"https:\/\/youtu.be\/iXp7WyWdpPc\">https:\/\/youtu.be\/iXp7WyWdpPc<\/a><\/p>\n<p>&nbsp;<\/p>\n<p>&nbsp;<\/p>","protected":false},"excerpt":{"rendered":"<p>V33 RENOVATION PERFECTION\u00ae KUPAONSKE SANITARIJE 1 L (2 x 0.5 L) POTRO\u0160NJA: 1 Lit = \u00b16 m2 (za po 1 sloj) = \u00b13 m2 (za po 2 sloja). NIJANSA: BIJELA. Pakiranje sadr\u017ei set 2 zasebna premaza (Boja 0.5 L+ Za\u0161titni Lak 0.5 L) PODRU\u010cJE PRIMJENE: za bojenje kupaonske sanitarne opreme, bez prethodnog nano\u0161enja prajmera, direktno [&hellip;]<\/p>","protected":false},"featured_media":3068,"template":"","meta":[],"product_brand":[],"product_cat":[188,186],"product_tag":[],"class_list":{"0":"post-3067","1":"product","2":"type-product","3":"status-publish","4":"has-post-thumbnail","6":"product_cat-dekorativne-boje-za-zidove-i-dodaci","7":"product_cat-dekorativni-program","9":"first","10":"instock","11":"shipping-taxable","12":"purchasable","13":"product-type-simple"},"acf":[],"_links":{"self":[{"href":"http:\/\/consortium.ascentia.top\/sl\/wp-json\/wp\/v2\/product\/3067","targetHints":{"allow":["GET"]}}],"collection":[{"href":"http:\/\/consortium.ascentia.top\/sl\/wp-json\/wp\/v2\/product"}],"about":[{"href":"http:\/\/consortium.ascentia.top\/sl\/wp-json\/wp\/v2\/types\/product"}],"wp:featuredmedia":[{"embeddable":true,"href":"http:\/\/consortium.ascentia.top\/sl\/wp-json\/wp\/v2\/media\/3068"}],"wp:attachment":[{"href":"http:\/\/consortium.ascentia.top\/sl\/wp-json\/wp\/v2\/media?parent=3067"}],"wp:term":[{"taxonomy":"product_brand","embeddable":true,"href":"http:\/\/consortium.ascentia.top\/sl\/wp-json\/wp\/v2\/product_brand?post=3067"},{"taxonomy":"product_cat","embeddable":true,"href":"http:\/\/consortium.ascentia.top\/sl\/wp-json\/wp\/v2\/product_cat?post=3067"},{"taxonomy":"product_tag","embeddable":true,"href":"http:\/\/consortium.ascentia.top\/sl\/wp-json\/wp\/v2\/product_tag?post=3067"}],"curies":[{"name":"wp","href":"https:\/\/api.w.org\/{rel}","templated":true}]}}