{"id":3065,"date":"2023-01-05T13:52:01","date_gmt":"2023-01-05T13:52:01","guid":{"rendered":"https:\/\/consortium.ascentia.top\/?post_type=product&#038;p=3065"},"modified":"2025-05-07T14:00:22","modified_gmt":"2025-05-07T14:00:22","slug":"v33-lak-za-radne-ploce","status":"publish","type":"product","link":"http:\/\/consortium.ascentia.top\/sl\/trgovina\/dekorativni-program\/dekorativne-boje-za-namjestaj\/v33-lak-za-radne-ploce\/","title":{"rendered":"V33 Lak za delovne plo\u0161\u010de"},"content":{"rendered":"<p><strong>V33 LAK ZA DELOVNE PLO\u0160\u010cE 0,5 L <\/strong><\/p>\n<p>Poraba: 0,5 L = \u00b15 m\u00b2 (za 1 sloj) = \u00b12,5 m\u00b2 (za 2 sloja).<\/p>\n<p>Odtenek: BREZBARVEN. Sijaj: SATEN.<\/p>\n<p>Za\u0161\u010ditni zaklju\u010dni premaz za kuhinjske in splo\u0161no delovne plo\u0161\u010de ter mize iz surovega, predhodno pobarvanega ali lakiranega lesa (vse evropske in eksoti\u010dne vrste lesa), laminata, iverala in melamina.<\/p>\n<p>LASTNOSTI:<\/p>\n<ul>\n<li>Visoka odpornost na toploto (do 100 \u00b0C), made\u017ee in ma\u0161\u010dobo.<\/li>\n<li>Zahvaljujo\u010d komponenti Additiv System je dodatno odporen proti praskam (aditiv pove\u010da trdnost premaza za 20 %).<\/li>\n<li>Kemi\u010dno inerten: odobren za za\u010dasen stik s hrano (v skladu z EU normo ENV 1186, deli 1, 2 in 3; \u010das stika s hrano do 2 uri za kisle, mastne in izdelke na osnovi alkohola).<\/li>\n<li>Enostaven nanos \u2013 ustvari gladek premaz.<\/li>\n<li>Enostavno vzdr\u017eevanje \u2013 odporen na pogosto pranje.<\/li>\n<\/ul>\n<p>PRIPRAVA podlage je KLJU\u010cNI korak pred nanosom laka. Priprava glede na vrsto podlage:<\/p>\n<ul>\n<li>Surov les: Povr\u0161ino obrusite z brusnim papirjem granulacije 240 in odstranite prah.<\/li>\n<li>Laminirane, lakirane ali barvane povr\u0161ine: Razmastite, sperite z vodo in pustite, da se posu\u0161i. Nato povr\u0161ino rahlo obrusite z brusnim papirjem granulacije 240 in odstranite prah.<\/li>\n<\/ul>\n<p>Me\u0161anje laka z Aditivom mora se obaviti pred nanosom laka:<\/p>\n<ol>\n<li>Izpraznite vsebino kapsule Additiv (nahaja se pod pokrovom embala\u017ee) v lak.<\/li>\n<li>Dobro me\u0161ajte 2 minuti, dokler ne dose\u017eete enakomerne konsistence in videza laka, nato pustite, da odstoji 5 minut.<\/li>\n<\/ol>\n<p>Odstranite stara silikonska tesnila pred nanosom laka. Po lakiranju zatesnite z nevtralnim sanitarnim silikonom.<\/p>\n<p>Po dodajanju Aditiva morate lak uporabiti v 10 dneh, saj u\u010dinkovitost Aditiva, ki pove\u010duje trdnost laka, ostane aktivna 10 dni, nato izgubi lastnosti. Lastnosti samega laka ostanejo nespremenjene.<\/p>\n<p>NANO\u0160ENJE: Temperatura okolja in podlage za nanos mora biti med 12 \u00b0C in 25 \u00b0C. Izogibajte se prepihu. Za\u0161\u010ditite vse robove povr\u0161in, ki jih ne \u017eelite lakirati, z za\u0161\u010ditnim trakom.<\/p>\n<ol>\n<li>Prvi sloj enakomerno nanesite s \u010dopi\u010dem ali valj\u010dkom za lakiranje Flok, pri lesu v smeri vlaken. Pustite, da se su\u0161i 4 ure.<\/li>\n<li>Rahlo obrusite povr\u0161ino suhega prvega sloja z brusnim papirjem granulacije 240, odstranite prah in nanesite drugi sloj na enak na\u010din kot prvega. Pustite da se su\u0161i 24 ur.<\/li>\n<\/ol>\n<p>Za\u0161\u010ditni trak odstranite takoj po nanosu laka. \u010ci\u0161\u010denje orodja: orodje o\u010distite z mla\u010dno vodo in milnico takoj po lakiranju.<\/p>\n<p>OPOMBE V33:<\/p>\n<ul>\n<li>Premaz dose\u017ee svoje polne lastnosti odpornosti in oprijema po 20 dneh od nanosa. Prvih 20 dni ravnajte s povr\u0161ino previdno - brez udarcev, prask, made\u017eev ali \u010di\u0161\u010denja.<\/li>\n<li>Za vzdr\u017eevanje in \u010di\u0161\u010denje lakiranih povr\u0161in uporabljajte neagresivna \u010distila in neabrazivne gobice.<\/li>\n<li>Ni primeren za tla in pomivalnike.<\/li>\n<\/ul>\n<p>Proizvajalec: \"V33\", Domblans, Francija, www.v33.fr.<\/p>\n<p>Dr\u017eava porekla: EU - Francija<\/p>\n<p>Povezava na video uporabe:<\/p>\n<p><a href=\"https:\/\/youtu.be\/TmVhEkCQlq4\">https:\/\/youtu.be\/TmVhEkCQlq4<\/a><\/p>","protected":false},"excerpt":{"rendered":"<p>V33 LAK ZA RADNE PLO\u010cE 0.5 Lit. Potro\u0161nja: 0.5 Lit = \u00b15 m2 (za 1 sloj) = \u00b12.5 m2 (za 2 sloja). Nijansa: BEZBOJAN. Odsjaj: SATEN. Za\u0161titni zavr\u0161ni premaz za kuhinjske i op\u0107enito radne plo\u010de i stolove od sirovog ili prethodno obojenog ili lakiranog drveta (sve europske i egzoti\u010dne vrste drveta), laminata, iverala, melamina. SVOJSTVA: [&hellip;]<\/p>","protected":false},"featured_media":3066,"template":"","meta":[],"product_brand":[],"product_cat":[291,186],"product_tag":[],"class_list":{"0":"post-3065","1":"product","2":"type-product","3":"status-publish","4":"has-post-thumbnail","6":"product_cat-dekorativne-boje-za-namjestaj","7":"product_cat-dekorativni-program","9":"first","10":"instock","11":"shipping-taxable","12":"purchasable","13":"product-type-simple"},"acf":[],"_links":{"self":[{"href":"http:\/\/consortium.ascentia.top\/sl\/wp-json\/wp\/v2\/product\/3065","targetHints":{"allow":["GET"]}}],"collection":[{"href":"http:\/\/consortium.ascentia.top\/sl\/wp-json\/wp\/v2\/product"}],"about":[{"href":"http:\/\/consortium.ascentia.top\/sl\/wp-json\/wp\/v2\/types\/product"}],"wp:featuredmedia":[{"embeddable":true,"href":"http:\/\/consortium.ascentia.top\/sl\/wp-json\/wp\/v2\/media\/3066"}],"wp:attachment":[{"href":"http:\/\/consortium.ascentia.top\/sl\/wp-json\/wp\/v2\/media?parent=3065"}],"wp:term":[{"taxonomy":"product_brand","embeddable":true,"href":"http:\/\/consortium.ascentia.top\/sl\/wp-json\/wp\/v2\/product_brand?post=3065"},{"taxonomy":"product_cat","embeddable":true,"href":"http:\/\/consortium.ascentia.top\/sl\/wp-json\/wp\/v2\/product_cat?post=3065"},{"taxonomy":"product_tag","embeddable":true,"href":"http:\/\/consortium.ascentia.top\/sl\/wp-json\/wp\/v2\/product_tag?post=3065"}],"curies":[{"name":"wp","href":"https:\/\/api.w.org\/{rel}","templated":true}]}}