{"id":2943,"date":"2022-12-04T17:52:52","date_gmt":"2022-12-04T17:52:52","guid":{"rendered":"https:\/\/consortium.ascentia.top\/?post_type=product&#038;p=2943"},"modified":"2025-05-07T14:01:38","modified_gmt":"2025-05-07T14:01:38","slug":"san-marco-marcopolo","status":"publish","type":"product","link":"http:\/\/consortium.ascentia.top\/sl\/trgovina\/dekorativni-program\/dekorativne-boje-za-zidove-i-dodaci\/san-marco-marcopolo\/","title":{"rendered":"San Marco Marcopolo"},"content":{"rendered":"<p><strong>MARCOPOLO je dekorativna barva za notranje prostore, ki omogo\u010da ustvarjanje svetlih povr\u0161in z teksturiranim u\u010dinkom grobega metala. <\/strong><\/p>\n<p>Idealna je za dekoracijo sten in stropov, MARCOPOLO se lahko nanese na nove ali stare omete ter betonske, mav\u010dne ali mav\u010dne povr\u0161ine.<\/p>\n<p>Njegova formula, obogatena s posebnimi perlastimi pigmenti, daje povr\u0161inam grob, a hkrati posebej sijo\u010d videz, z barvnimi u\u010dinki, ki se spreminjajo glede na kot odseva svetlobe.<\/p>\n<p>MARCOPOLO je idealen zaklju\u010dni sloj za usklajevanje prostora s starinskim stilskim pohi\u0161tvom ali za prilagoditev modernega visokotehnolo\u0161kega oblikovanja.<\/p>\n<p>MARCOPOLO je dekorativna barva na vodni osnovi, pripravljena za uporabo, ki se enostavno nanese s \u010dopi\u010dem, medtem ko kon\u010dna obdelava s gobico ustvarja razli\u010dne vizualne u\u010dinke, odvisno od domi\u0161ljije in tehnike dekoraterja.<\/p>\n<p>MARCOPOLO zdru\u017euje visoko dekorativno vrednost z izjemno obstojnostjo.<\/p>\n<p>Na voljo je v \u0161irokem razponu barvne palete. Ko je delo kon\u010dano, izdelek razred\u010dite z vodo ali o\u010distite orodje.<br \/>\nProizvod kreiran s pozornostjo na ekolo\u0161ko trajnost. \u010ce je prisotna plesen, pred barvanjem o\u010distite povr\u0161ine s sredstvom COMBAT 222.<br \/>\nZa optimalne rezultate na zidovih priporo\u010damo nana\u0161anje DECORFOND-a kot podlage, ki izena\u010di povr\u0161ine in izbolj\u0161a vpijanje dekorativnega premaza.<\/p>\n<p>\u010ce je podlaga neenakomerna, obdelajte luknje in vdolbine s pasto TAMSTUCCO. Popravite vse polnila ali razpadajo\u010de stene z uporabo ATOMO.<\/p>\n<ul>\n<li data-start=\"101\" data-end=\"130\"><strong data-start=\"103\" data-end=\"111\">Orodje<\/strong>: \u010copi\u010d ali goba<\/li>\n<li data-start=\"131\" data-end=\"165\"><strong data-start=\"133\" data-end=\"146\">Poraba<\/strong>: 4-6 m\u00b2\/l na sloj<\/li>\n<li data-start=\"166\" data-end=\"187\"><strong data-start=\"168\" data-end=\"184\">\u0160tevilo slojev<\/strong>: 1<\/li>\n<li data-start=\"188\" data-end=\"355\"><strong data-start=\"190\" data-end=\"207\">Red\u010denje<\/strong>:\n<ul data-start=\"212\" data-end=\"355\">\n<li data-start=\"212\" data-end=\"280\">Za \u010dopi\u010d: pripravljeno za uporabo, lahko se razred\u010di do 5% maksimalno.<\/li>\n<li data-start=\"283\" data-end=\"355\">Za gobo: pripravljeno za uporabo, lahko se razred\u010di do 5% maksimalno.<\/li>\n<\/ul>\n<\/li>\n<li data-start=\"356\" data-end=\"395\"><strong data-start=\"358\" data-end=\"371\">Marcromie<\/strong>: Sistem za nijansiranje<\/li>\n<li data-start=\"396\" data-end=\"432\"><strong data-start=\"398\" data-end=\"428\">Kakovost notranjega zraka<\/strong>: A+<\/li>\n<\/ul>\n<p><strong><em>Teksture in toni, prikazani v digitalni obliki, so indikativni, saj se lahko zaznava barv na video prikazu razlikuje od izvirne barve.<\/em><\/strong><br \/>\n<strong><em>Zaradi tega priporo\u010damo, da izbrano teksturo izberete v vzor\u010dni karti v najbli\u017eji prodajalni izdelkov San Marco.\u00a0<\/em><\/strong><\/p>","protected":false},"excerpt":{"rendered":"<p>MARCOPOLO je dekorativna boja za unutarnje prostore koja vam omogu\u0107uje stvaranje svijetlih povr\u0161ina s teksturiranim efektom sirovog metala. Idealan za ukra\u0161avanje zidova i stropova, MARCOPOLO se mo\u017ee nanositi na nove ili stare \u017ebuke i betonske, gipsane ili gipsane povr\u0161ine. Njegova formulacija, oboga\u0107ena posebni sedefasti pigmenti, daje povr\u0161inama grub, ali posebno briljantan izgled, s efektima boje [&hellip;]<\/p>","protected":false},"featured_media":2944,"template":"","meta":[],"product_brand":[],"product_cat":[188,186,279],"product_tag":[],"class_list":{"0":"post-2943","1":"product","2":"type-product","3":"status-publish","4":"has-post-thumbnail","6":"product_cat-dekorativne-boje-za-zidove-i-dodaci","7":"product_cat-dekorativni-program","8":"product_cat-sm-kalkulacije","10":"first","11":"instock","12":"shipping-taxable","13":"purchasable","14":"product-type-variable","15":"wvs-archive-product-wrapper"},"acf":[],"_links":{"self":[{"href":"http:\/\/consortium.ascentia.top\/sl\/wp-json\/wp\/v2\/product\/2943","targetHints":{"allow":["GET"]}}],"collection":[{"href":"http:\/\/consortium.ascentia.top\/sl\/wp-json\/wp\/v2\/product"}],"about":[{"href":"http:\/\/consortium.ascentia.top\/sl\/wp-json\/wp\/v2\/types\/product"}],"wp:featuredmedia":[{"embeddable":true,"href":"http:\/\/consortium.ascentia.top\/sl\/wp-json\/wp\/v2\/media\/2944"}],"wp:attachment":[{"href":"http:\/\/consortium.ascentia.top\/sl\/wp-json\/wp\/v2\/media?parent=2943"}],"wp:term":[{"taxonomy":"product_brand","embeddable":true,"href":"http:\/\/consortium.ascentia.top\/sl\/wp-json\/wp\/v2\/product_brand?post=2943"},{"taxonomy":"product_cat","embeddable":true,"href":"http:\/\/consortium.ascentia.top\/sl\/wp-json\/wp\/v2\/product_cat?post=2943"},{"taxonomy":"product_tag","embeddable":true,"href":"http:\/\/consortium.ascentia.top\/sl\/wp-json\/wp\/v2\/product_tag?post=2943"}],"curies":[{"name":"wp","href":"https:\/\/api.w.org\/{rel}","templated":true}]}}