{"id":2939,"date":"2022-12-04T17:48:05","date_gmt":"2022-12-04T17:48:05","guid":{"rendered":"https:\/\/consortium.ascentia.top\/?post_type=product&#038;p=2939"},"modified":"2025-05-07T14:01:37","modified_gmt":"2025-05-07T14:01:37","slug":"san-marco-fontego","status":"publish","type":"product","link":"http:\/\/consortium.ascentia.top\/sl\/trgovina\/dekorativni-program\/dekorativne-boje-za-zidove-i-dodaci\/san-marco-fontego\/","title":{"rendered":"San Marco Fontego"},"content":{"rendered":"<p><strong>FONTEGO je dekorativna zaklju\u010dna obloga za notranje prostore, ki zagotavlja prefinjeno dekoracijo z mat in \u017eametnim u\u010dinkom. <\/strong><\/p>\n<p>Njegova mehka in \u017eivahna tekstura \u010drpa navdih iz krajev, kjer so se razli\u010dne kulture sre\u010devale in izmenjevale dragocene dobrine, v renesan\u010dni Benetkah, ki so bile neko\u010d sredi\u0161\u010de sveta; danes nam omogo\u010da ponovno ustvarjanje elegantnih, vedno o\u010darljivih sodobnih ambientov.<\/p>\n<p>FONTEGO je pripravljen za uporabo in zelo enostaven za nana\u0161anje. Nana\u0161a se s \u010dopi\u010dem na neenakomeren na\u010din na nove in stare omete, beton, mav\u010dne povr\u0161ine in mav\u010dne plo\u0161\u010de.<\/p>\n<p>Preden se izdelek popolnoma posu\u0161i, lahko ustvarite sen\u010denja, ki ustvarjajo prefinjene in privla\u010dne u\u010dinke, tako da uporabite vla\u017eno gobo ali drugo krta\u010do.<\/p>\n<p>Na voljo v razli\u010dnih barvnih paletah v svetlih in intenzivnih odtenkih.<\/p>\n<p>Ko je delo kon\u010dano, o\u010distite orodje z vodo.<\/p>\n<p>Za odpravo zidne plesni, pred barvanjem o\u010distite povr\u0161ine s sredstvom COMBAT 222.<br \/>\nZa optimalne rezultate na zidovih priporo\u010damo nana\u0161anje DECORFOND-a kot podlage, ki izena\u010di povr\u0161ine in izbolj\u0161a vpijanje dekorativnega premaza.<\/p>\n<p>\u010ce je podlaga nepravilna, obdelajte luknje in vdolbine s TAMSTUCCO PASTO.<\/p>\n<ul>\n<li data-start=\"101\" data-end=\"130\"><strong data-start=\"103\" data-end=\"111\">Orodje<\/strong>: \u010copi\u010d ali goba<\/li>\n<li data-start=\"131\" data-end=\"165\"><strong data-start=\"133\" data-end=\"146\">Poraba<\/strong>: 4-6 m\u00b2\/l na sloj<\/li>\n<li data-start=\"166\" data-end=\"187\"><strong data-start=\"168\" data-end=\"184\">\u0160tevilo slojev<\/strong>: 1<\/li>\n<li data-start=\"188\" data-end=\"355\"><strong data-start=\"190\" data-end=\"207\">Red\u010denje<\/strong>:\n<ul data-start=\"212\" data-end=\"355\">\n<li data-start=\"212\" data-end=\"280\">Za \u010dopi\u010d: pripravljeno za uporabo, lahko se razred\u010di do 5% maksimalno.<\/li>\n<li data-start=\"283\" data-end=\"355\">Za gobo: pripravljeno za uporabo, lahko se razred\u010di do 5% maksimalno.<\/li>\n<\/ul>\n<\/li>\n<li data-start=\"356\" data-end=\"395\"><strong data-start=\"358\" data-end=\"371\">Marcromie<\/strong>: Sistem za nijansiranje<\/li>\n<li data-start=\"396\" data-end=\"432\"><strong data-start=\"398\" data-end=\"428\">Kakovost notranjega zraka<\/strong>: A+<\/li>\n<\/ul>\n<p><strong><em>Teksture in toni, prikazani v digitalni obliki, so indikativni, saj se lahko zaznava barv na video prikazu razlikuje od izvirne barve.<\/em><\/strong><br \/>\n<strong><em>Zaradi tega priporo\u010damo, da izbrano teksturo izberete v vzor\u010dni karti v najbli\u017eji prodajalni izdelkov San Marco.\u00a0<\/em><\/strong><\/p>","protected":false},"excerpt":{"rendered":"<p>FONTEGO je dekorativna zavr\u0161na obrada za interijere koja daje profinjenu dekoraciju s mat i bar\u0161unastim efektom. Njegova meka i \u017eivahna tekstura crpi inspiraciju iz mjesta gdje su se razli\u010dite kulture susretale i razmjenjivale dragocjena dobra, u renesansnoj Veneciji koja je nekada bila centar svijeta; danas nam omogu\u0107uje ponovno stvaranje elegantnih, uvijek \u0161armantnih suvremenih postavki. Spreman [&hellip;]<\/p>","protected":false},"featured_media":2940,"template":"","meta":[],"product_brand":[],"product_cat":[188,186,279],"product_tag":[],"class_list":{"0":"post-2939","1":"product","2":"type-product","3":"status-publish","4":"has-post-thumbnail","6":"product_cat-dekorativne-boje-za-zidove-i-dodaci","7":"product_cat-dekorativni-program","8":"product_cat-sm-kalkulacije","10":"first","11":"instock","12":"shipping-taxable","13":"purchasable","14":"product-type-variable","15":"wvs-archive-product-wrapper"},"acf":[],"_links":{"self":[{"href":"http:\/\/consortium.ascentia.top\/sl\/wp-json\/wp\/v2\/product\/2939","targetHints":{"allow":["GET"]}}],"collection":[{"href":"http:\/\/consortium.ascentia.top\/sl\/wp-json\/wp\/v2\/product"}],"about":[{"href":"http:\/\/consortium.ascentia.top\/sl\/wp-json\/wp\/v2\/types\/product"}],"wp:featuredmedia":[{"embeddable":true,"href":"http:\/\/consortium.ascentia.top\/sl\/wp-json\/wp\/v2\/media\/2940"}],"wp:attachment":[{"href":"http:\/\/consortium.ascentia.top\/sl\/wp-json\/wp\/v2\/media?parent=2939"}],"wp:term":[{"taxonomy":"product_brand","embeddable":true,"href":"http:\/\/consortium.ascentia.top\/sl\/wp-json\/wp\/v2\/product_brand?post=2939"},{"taxonomy":"product_cat","embeddable":true,"href":"http:\/\/consortium.ascentia.top\/sl\/wp-json\/wp\/v2\/product_cat?post=2939"},{"taxonomy":"product_tag","embeddable":true,"href":"http:\/\/consortium.ascentia.top\/sl\/wp-json\/wp\/v2\/product_tag?post=2939"}],"curies":[{"name":"wp","href":"https:\/\/api.w.org\/{rel}","templated":true}]}}