{"id":2935,"date":"2022-12-04T17:45:58","date_gmt":"2022-12-04T17:45:58","guid":{"rendered":"https:\/\/consortium.ascentia.top\/?post_type=product&#038;p=2935"},"modified":"2025-05-07T14:01:36","modified_gmt":"2025-05-07T14:01:36","slug":"san-marco-cadoro-velvet","status":"publish","type":"product","link":"http:\/\/consortium.ascentia.top\/sl\/trgovina\/dekorativni-program\/dekorativne-boje-za-zidove-i-dodaci\/san-marco-cadoro-velvet\/","title":{"rendered":"San Marco Cadoro Velvet"},"content":{"rendered":"<p><strong>CADORO VELVET je dekorativna barva za kon\u010dno obdelavo sten z u\u010dinkom \u017eameta, primerna za poustvarjanje prefinjenih notranjih prostorov. <\/strong><\/p>\n<p>Nje\u017eni odsevi, ki jih ustvarjajo mikroble\u0161\u010dice z u\u010dinkom preliva, ter mehko in \u017eametno sen\u010denje, ki ga omogo\u010da CADORO VELVET, so idealni za okrasitev in izbolj\u0161anje klasi\u010dnih ter modernih stilskih kontekstov.<\/p>\n<p>Idealen za okrasitev sten in stropov, CADORO VELVET se lahko nana\u0161a na nove ali stare omete ter betonske, mav\u010dne ali mav\u010dne plo\u0161\u010de, zagotavljajo\u010d prijeten, gladek in svilnat videz ter mehak ob\u010dutek na dotik.<\/p>\n<p>CADORO VELVET je dekorativna zaklju\u010dna obloga na vodni osnovi, pripravljena za uporabo.<\/p>\n<p>Lahko se nana\u0161a s \u010dopi\u010dem in lopatico, da se dose\u017eejo razli\u010dni estetski u\u010dinki in mehka sen\u010denja, ki izpolnjujejo vse stilisti\u010dne zahteve.<\/p>\n<p>Dostopen v \u0161irokem razponu barvne palete, od svetlih in \u017eivahnih tonov do toplej\u0161ih, ki spominjajo na zemeljske odtenke in poudarjajo nianse izdelka.<\/p>\n<p>Ko je delo kon\u010dano, uporabite vodo za \u010di\u0161\u010denje orodja.<br \/>\nProizvod kreiran s pozornostjo na ekolo\u0161ko trajnost. \u010ce je prisotna plesen, pred barvanjem o\u010distite povr\u0161ine s sredstvom COMBAT 222.<br \/>\nZa optimalne rezultate na zidovih priporo\u010damo nana\u0161anje DECORFOND-a kot podlage, ki izena\u010di povr\u0161ine in izbolj\u0161a vpijanje dekorativnega premaza.<\/p>\n<p>\u010ce je podlaga nepravilna, obdelajte luknje in vdolbine s TAMSTUCCO PASTO.<\/p>\n<p>Popravite vse izpolnitve ali stene, ki se tro\u0161ijo, s pomo\u010djo ATOMO-a.<\/p>\n<div class=\"col-md-6 col-lg-4 feature\">\n<p class=\"description\"><strong>Na\u010din nana\u0161anja:\u00a0<\/strong><br \/>\n\u010dopi\u010dem, gladilko ali plasti\u010dno lopatico.<\/p>\n<\/div>\n<div class=\"col-md-6 col-lg-4 feature\">\n<p class=\"description\"><strong>Prekrivnost na 1L \/ priporo\u010deno \u0161tevilo slojev:<\/strong><br \/>\n3\u20135 m\u00b2\/l v 2 slojih<\/p>\n<\/div>\n<div class=\"col-md-6 col-lg-4 feature\">\n<p class=\"description\"><strong><span class=\"label\">Sloji:<\/span><\/strong><br \/>\n2<\/p>\n<p><strong><em>Teksture in toni, prikazani v digitalni obliki, so indikativni, saj se lahko zaznava barv na video prikazu razlikuje od izvirne barve.<\/em><\/strong><br \/>\n<strong><em>Zaradi tega priporo\u010damo, da izbrano teksturo izberete v vzor\u010dni karti v najbli\u017eji prodajalni izdelkov San Marco.\u00a0<\/em><\/strong><\/p>\n<\/div>","protected":false},"excerpt":{"rendered":"<p>CADORO VELVET je dekorativna boja za zavr\u0161nu obradu zidova s efektom bar\u0161una, prikladna za ponovno stvaranje profinjenih interijera. Nje\u017ene refleksije koje daju mikrobrijanti koji se prelijevaju i meko i bar\u0161unasto sjen\u010danje koje CADORO VELVET omogu\u0107uje stvaranje, idealni su za ukra\u0161avanje i pobolj\u0161anje konteksta klasi\u010dnog i modernog stila. Idealan za ukra\u0161avanje zidova i stropova, CADORO VELVET [&hellip;]<\/p>","protected":false},"featured_media":2936,"template":"","meta":[],"product_brand":[],"product_cat":[188,186,279],"product_tag":[],"class_list":{"0":"post-2935","1":"product","2":"type-product","3":"status-publish","4":"has-post-thumbnail","6":"product_cat-dekorativne-boje-za-zidove-i-dodaci","7":"product_cat-dekorativni-program","8":"product_cat-sm-kalkulacije","10":"first","11":"instock","12":"shipping-taxable","13":"purchasable","14":"product-type-variable","15":"wvs-archive-product-wrapper"},"acf":[],"_links":{"self":[{"href":"http:\/\/consortium.ascentia.top\/sl\/wp-json\/wp\/v2\/product\/2935","targetHints":{"allow":["GET"]}}],"collection":[{"href":"http:\/\/consortium.ascentia.top\/sl\/wp-json\/wp\/v2\/product"}],"about":[{"href":"http:\/\/consortium.ascentia.top\/sl\/wp-json\/wp\/v2\/types\/product"}],"wp:featuredmedia":[{"embeddable":true,"href":"http:\/\/consortium.ascentia.top\/sl\/wp-json\/wp\/v2\/media\/2936"}],"wp:attachment":[{"href":"http:\/\/consortium.ascentia.top\/sl\/wp-json\/wp\/v2\/media?parent=2935"}],"wp:term":[{"taxonomy":"product_brand","embeddable":true,"href":"http:\/\/consortium.ascentia.top\/sl\/wp-json\/wp\/v2\/product_brand?post=2935"},{"taxonomy":"product_cat","embeddable":true,"href":"http:\/\/consortium.ascentia.top\/sl\/wp-json\/wp\/v2\/product_cat?post=2935"},{"taxonomy":"product_tag","embeddable":true,"href":"http:\/\/consortium.ascentia.top\/sl\/wp-json\/wp\/v2\/product_tag?post=2935"}],"curies":[{"name":"wp","href":"https:\/\/api.w.org\/{rel}","templated":true}]}}