{"id":2922,"date":"2022-12-04T17:44:28","date_gmt":"2022-12-04T17:44:28","guid":{"rendered":"https:\/\/consortium.ascentia.top\/?post_type=product&#038;p=2922"},"modified":"2025-05-07T14:01:34","modified_gmt":"2025-05-07T14:01:34","slug":"san-marco-cadoro-2","status":"publish","type":"product","link":"http:\/\/consortium.ascentia.top\/sl\/trgovina\/dekorativni-program\/dekorativne-boje-za-zidove-i-dodaci\/san-marco-cadoro-2\/","title":{"rendered":"San Marco Cadoro"},"content":{"rendered":"<p><strong>CADORO je dekorativna barva za kon\u010dno obdelavo sten z u\u010dinkom preliva, primerna za poustvarjanje prefinjenih notranjih prostorov.<\/strong><\/p>\n<p>\u0160tevilne svetle\u010de nianse in prelivi, ki jih omogo\u010da CADORO, so odli\u010dni za polep\u0161anje in izbolj\u0161anje klasi\u010dnih ter modernih kontekstov.<\/p>\n<p>Idealen za okrasitev sten in stropov, CADORO se lahko nana\u0161a na nove ali stare omete ter betonske, mav\u010dne ali mav\u010dne plo\u0161\u010de, zagotavljajo\u010d prijeten, gladek in svilnat videz ter mehak ob\u010dutek na dotik.<\/p>\n<p>CADORO je dekorativni zaklju\u010dni sloj na vodni osnovi, pripravljen za uporabo, ki ga je mogo\u010de nana\u0161ati s \u010dopi\u010dem ali lopatico.<\/p>\n<p>Na voljo v \u0161iroki paleti barv. Po kon\u010danem delu o\u010distite orodje z vodo.<br \/>\nProizvod ustvarjen s pozornostjo na ekolo\u0161ko trajnost.<\/p>\n<p>Za odpravo zidne plesni, pred barvanjem o\u010distite povr\u0161ine s sredstvom COMBAT 222.<br \/>\nZa optimalne rezultate na zidovih priporo\u010damo nana\u0161anje DECORFOND-a kot podlage, ki izena\u010di povr\u0161ine in izbolj\u0161a vpijanje dekorativnega premaza.<\/p>\n<p>\u010ce je podlaga nepravilna, obdelajte luknje in vdolbine s TAMSTUCCO PASTO.<\/p>\n<p>Popravite vse izpolnitve ali stene, ki se tro\u0161ijo, s pomo\u010djo ATOMO-a.<\/p>\n<div class=\"col-md-6 col-lg-4 feature\">\n<p class=\"description\"><strong>Na\u010din nana\u0161anja:\u00a0<\/strong><br \/>\n\u010dopi\u010dem, gladilko ali plasti\u010dno lopatico.<\/p>\n<\/div>\n<div class=\"col-md-6 col-lg-4 feature\">\n<p class=\"description\"><strong>Prekrivnost na 1L \/ priporo\u010deno \u0161tevilo slojev:<\/strong><br \/>\n4\u20136 m\u00b2\/l v 2 slojih<\/p>\n<\/div>\n<div class=\"col-md-6 col-lg-4 feature\">\n<p class=\"description\"><strong><span class=\"label\">Sloji:<\/span><\/strong><br \/>\n2<\/p>\n<p><strong><em>Teksture in toni, prikazani v digitalni obliki, so indikativni, saj se lahko zaznava barv na video prikazu razlikuje od izvirne barve.<\/em><\/strong><br \/>\n<strong><em>Zaradi tega priporo\u010damo, da izbrano teksturo izberete v vzor\u010dni karti v najbli\u017eji prodajalni izdelkov San Marco.\u00a0<\/em><\/strong><\/p>\n<\/div>","protected":false},"excerpt":{"rendered":"<p>CADORO je dekorativna boja za zavr\u0161nu obradu zidova s \u200b\u200befektom prelijevanja, prikladna za ponovno stvaranje profinjenih interijera. Mnoge svjetle\u0107e nijanse i \u0161arenice koje CADORO omogu\u0107uje da dobijete izvrsne su za uljep\u0161avanje i pobolj\u0161anje klasi\u010dnih i modernih konteksta. Idealan za ukra\u0161avanje zidova i stropova, CADORO se mo\u017ee nanositi na nove ili stare \u017ebuke i betonske, gipsane [&hellip;]<\/p>","protected":false},"featured_media":2923,"template":"","meta":[],"product_brand":[],"product_cat":[188,186,279],"product_tag":[],"class_list":{"0":"post-2922","1":"product","2":"type-product","3":"status-publish","4":"has-post-thumbnail","6":"product_cat-dekorativne-boje-za-zidove-i-dodaci","7":"product_cat-dekorativni-program","8":"product_cat-sm-kalkulacije","10":"first","11":"instock","12":"shipping-taxable","13":"purchasable","14":"product-type-variable","15":"wvs-archive-product-wrapper"},"acf":[],"_links":{"self":[{"href":"http:\/\/consortium.ascentia.top\/sl\/wp-json\/wp\/v2\/product\/2922","targetHints":{"allow":["GET"]}}],"collection":[{"href":"http:\/\/consortium.ascentia.top\/sl\/wp-json\/wp\/v2\/product"}],"about":[{"href":"http:\/\/consortium.ascentia.top\/sl\/wp-json\/wp\/v2\/types\/product"}],"wp:featuredmedia":[{"embeddable":true,"href":"http:\/\/consortium.ascentia.top\/sl\/wp-json\/wp\/v2\/media\/2923"}],"wp:attachment":[{"href":"http:\/\/consortium.ascentia.top\/sl\/wp-json\/wp\/v2\/media?parent=2922"}],"wp:term":[{"taxonomy":"product_brand","embeddable":true,"href":"http:\/\/consortium.ascentia.top\/sl\/wp-json\/wp\/v2\/product_brand?post=2922"},{"taxonomy":"product_cat","embeddable":true,"href":"http:\/\/consortium.ascentia.top\/sl\/wp-json\/wp\/v2\/product_cat?post=2922"},{"taxonomy":"product_tag","embeddable":true,"href":"http:\/\/consortium.ascentia.top\/sl\/wp-json\/wp\/v2\/product_tag?post=2922"}],"curies":[{"name":"wp","href":"https:\/\/api.w.org\/{rel}","templated":true}]}}