{"id":2896,"date":"2022-11-23T12:35:33","date_gmt":"2022-11-23T12:35:33","guid":{"rendered":"https:\/\/consortium.ascentia.top\/?post_type=product&#038;p=2896"},"modified":"2025-05-07T13:58:09","modified_gmt":"2025-05-07T13:58:09","slug":"co-me-zlica-zidarska-zaobljena-180-mm","status":"publish","type":"product","link":"http:\/\/consortium.ascentia.top\/sl\/trgovina\/alati\/dekorativni-alati-come-i-boldrini\/co-me-zlica-zidarska-zaobljena-180-mm\/","title":{"rendered":"CO.ME Zaobljena zidarska \u017elica 180 mm"},"content":{"rendered":"<li>Talijanska zaobljena zidarska \u017elica od nehr\u0111aju\u0107eg \u010delika<\/li>\n<li>Rukohvat od energetske gume sa \u0161titnikom<\/li>","protected":false},"excerpt":{"rendered":"<p>Talijanska zaobljena zidarska \u017elica od nehr\u0111aju\u0107eg \u010delika Rukohvat od energetske gume sa \u0161titnikom<\/p>","protected":false},"featured_media":9076,"template":"","meta":[],"product_brand":[],"product_cat":[222,293],"product_tag":[],"class_list":{"0":"post-2896","1":"product","2":"type-product","3":"status-publish","4":"has-post-thumbnail","6":"product_cat-alati","7":"product_cat-dekorativni-alati-come-i-boldrini","9":"first","10":"instock","11":"shipping-taxable","12":"purchasable","13":"product-type-simple"},"acf":[],"_links":{"self":[{"href":"http:\/\/consortium.ascentia.top\/sl\/wp-json\/wp\/v2\/product\/2896","targetHints":{"allow":["GET"]}}],"collection":[{"href":"http:\/\/consortium.ascentia.top\/sl\/wp-json\/wp\/v2\/product"}],"about":[{"href":"http:\/\/consortium.ascentia.top\/sl\/wp-json\/wp\/v2\/types\/product"}],"wp:featuredmedia":[{"embeddable":true,"href":"http:\/\/consortium.ascentia.top\/sl\/wp-json\/wp\/v2\/media\/9076"}],"wp:attachment":[{"href":"http:\/\/consortium.ascentia.top\/sl\/wp-json\/wp\/v2\/media?parent=2896"}],"wp:term":[{"taxonomy":"product_brand","embeddable":true,"href":"http:\/\/consortium.ascentia.top\/sl\/wp-json\/wp\/v2\/product_brand?post=2896"},{"taxonomy":"product_cat","embeddable":true,"href":"http:\/\/consortium.ascentia.top\/sl\/wp-json\/wp\/v2\/product_cat?post=2896"},{"taxonomy":"product_tag","embeddable":true,"href":"http:\/\/consortium.ascentia.top\/sl\/wp-json\/wp\/v2\/product_tag?post=2896"}],"curies":[{"name":"wp","href":"https:\/\/api.w.org\/{rel}","templated":true}]}}