{"id":2860,"date":"2022-11-23T12:30:06","date_gmt":"2022-11-23T12:30:06","guid":{"rendered":"https:\/\/consortium.ascentia.top\/?post_type=product&#038;p=2860"},"modified":"2025-05-07T14:01:08","modified_gmt":"2025-05-07T14:01:08","slug":"co-me-lopatica-macji-jezik","status":"publish","type":"product","link":"http:\/\/consortium.ascentia.top\/sl\/trgovina\/alati\/dekorativni-alati-come-i-boldrini\/co-me-lopatica-macji-jezik\/","title":{"rendered":"CO.ME Lopatica Ma\u010dji jezik"},"content":{"rendered":"<ul>\n<li>Nehr\u0111aju\u0107i \u010delik<\/li>\n<li>Dr\u0161ka od energetske gume.<\/li>\n<\/ul>","protected":false},"excerpt":{"rendered":"<p>Nehr\u0111aju\u0107i \u010delik Dr\u0161ka od energetske gume.<\/p>","protected":false},"featured_media":9080,"template":"","meta":[],"product_brand":[],"product_cat":[222,293],"product_tag":[],"class_list":{"0":"post-2860","1":"product","2":"type-product","3":"status-publish","4":"has-post-thumbnail","6":"product_cat-alati","7":"product_cat-dekorativni-alati-come-i-boldrini","9":"first","10":"instock","11":"shipping-taxable","12":"purchasable","13":"product-type-variable","14":"wvs-archive-product-wrapper"},"acf":[],"_links":{"self":[{"href":"http:\/\/consortium.ascentia.top\/sl\/wp-json\/wp\/v2\/product\/2860","targetHints":{"allow":["GET"]}}],"collection":[{"href":"http:\/\/consortium.ascentia.top\/sl\/wp-json\/wp\/v2\/product"}],"about":[{"href":"http:\/\/consortium.ascentia.top\/sl\/wp-json\/wp\/v2\/types\/product"}],"wp:featuredmedia":[{"embeddable":true,"href":"http:\/\/consortium.ascentia.top\/sl\/wp-json\/wp\/v2\/media\/9080"}],"wp:attachment":[{"href":"http:\/\/consortium.ascentia.top\/sl\/wp-json\/wp\/v2\/media?parent=2860"}],"wp:term":[{"taxonomy":"product_brand","embeddable":true,"href":"http:\/\/consortium.ascentia.top\/sl\/wp-json\/wp\/v2\/product_brand?post=2860"},{"taxonomy":"product_cat","embeddable":true,"href":"http:\/\/consortium.ascentia.top\/sl\/wp-json\/wp\/v2\/product_cat?post=2860"},{"taxonomy":"product_tag","embeddable":true,"href":"http:\/\/consortium.ascentia.top\/sl\/wp-json\/wp\/v2\/product_tag?post=2860"}],"curies":[{"name":"wp","href":"https:\/\/api.w.org\/{rel}","templated":true}]}}