{"id":2842,"date":"2022-11-23T12:26:50","date_gmt":"2022-11-23T12:26:50","guid":{"rendered":"https:\/\/consortium.ascentia.top\/?post_type=product&#038;p=2842"},"modified":"2025-05-07T13:58:07","modified_gmt":"2025-05-07T13:58:07","slug":"co-me-gleter-venecijaner-trapezoidni-srednji-240-x-100-x-06","status":"publish","type":"product","link":"http:\/\/consortium.ascentia.top\/sl\/trgovina\/alati\/dekorativni-alati-come-i-boldrini\/co-me-gleter-venecijaner-trapezoidni-srednji-240-x-100-x-06\/","title":{"rendered":"CO.ME Venecijanska gladilka trapezna srednja 240 x 100 x 0,6"},"content":{"rendered":"<div class=\"docos-replyview-body docos-anchoredreplyview-body docos-replyview-body-emoji-reactable\" dir=\"ltr\">\n<ul>\n<li>Nehr\u0111aju\u0107i \u010delik<\/li>\n<\/ul>\n<\/div>\n<div class=\"docos-replyview-body docos-anchoredreplyview-body docos-replyview-body-emoji-reactable\" dir=\"ltr\">\n<ul>\n<li>Romboidna venecijanska lopatica zrcalno polirana<\/li>\n<\/ul>\n<\/div>\n<div class=\"docos-replyview-body docos-anchoredreplyview-body docos-replyview-body-emoji-reactable\" dir=\"ltr\">\n<ul>\n<li>Za mineralnu zavr\u0161nu obradu<\/li>\n<\/ul>\n<\/div>\n<div class=\"docos-replyview-body docos-anchoredreplyview-body docos-replyview-body-emoji-reactable\" dir=\"ltr\">\n<ul>\n<li>Ru\u010dka od energetske gume<\/li>\n<\/ul>\n<\/div>","protected":false},"excerpt":{"rendered":"<p>Nehr\u0111aju\u0107i \u010delik Romboidna venecijanska lopatica zrcalno polirana Za mineralnu zavr\u0161nu obradu Ru\u010dka od energetske gume<\/p>","protected":false},"featured_media":2843,"template":"","meta":[],"product_brand":[],"product_cat":[222,293],"product_tag":[],"class_list":{"0":"post-2842","1":"product","2":"type-product","3":"status-publish","4":"has-post-thumbnail","6":"product_cat-alati","7":"product_cat-dekorativni-alati-come-i-boldrini","9":"first","10":"instock","11":"shipping-taxable","12":"purchasable","13":"product-type-simple"},"acf":[],"_links":{"self":[{"href":"http:\/\/consortium.ascentia.top\/sl\/wp-json\/wp\/v2\/product\/2842","targetHints":{"allow":["GET"]}}],"collection":[{"href":"http:\/\/consortium.ascentia.top\/sl\/wp-json\/wp\/v2\/product"}],"about":[{"href":"http:\/\/consortium.ascentia.top\/sl\/wp-json\/wp\/v2\/types\/product"}],"wp:featuredmedia":[{"embeddable":true,"href":"http:\/\/consortium.ascentia.top\/sl\/wp-json\/wp\/v2\/media\/2843"}],"wp:attachment":[{"href":"http:\/\/consortium.ascentia.top\/sl\/wp-json\/wp\/v2\/media?parent=2842"}],"wp:term":[{"taxonomy":"product_brand","embeddable":true,"href":"http:\/\/consortium.ascentia.top\/sl\/wp-json\/wp\/v2\/product_brand?post=2842"},{"taxonomy":"product_cat","embeddable":true,"href":"http:\/\/consortium.ascentia.top\/sl\/wp-json\/wp\/v2\/product_cat?post=2842"},{"taxonomy":"product_tag","embeddable":true,"href":"http:\/\/consortium.ascentia.top\/sl\/wp-json\/wp\/v2\/product_tag?post=2842"}],"curies":[{"name":"wp","href":"https:\/\/api.w.org\/{rel}","templated":true}]}}