{"id":2840,"date":"2022-11-23T12:26:22","date_gmt":"2022-11-23T12:26:22","guid":{"rendered":"https:\/\/consortium.ascentia.top\/?post_type=product&#038;p=2840"},"modified":"2025-05-07T13:58:07","modified_gmt":"2025-05-07T13:58:07","slug":"co-me-gleter-venecijaner-superflex-trapezoidni-srednji-240-x-100-x-03","status":"publish","type":"product","link":"http:\/\/consortium.ascentia.top\/sl\/trgovina\/alati\/dekorativni-alati-come-i-boldrini\/co-me-gleter-venecijaner-superflex-trapezoidni-srednji-240-x-100-x-03\/","title":{"rendered":"CO.ME Venecijanska gladilka Superflex trapezna srednja 240 x 100 x 0,3"},"content":{"rendered":"<div class=\"docos-collapsible-replyview\">\n<div class=\"docos-replyview-static\">\n<div class=\"docos-replyview-body docos-anchoredreplyview-body docos-replyview-body-emoji-reactable\" dir=\"ltr\">Nerjave\u010de jeklo, romboidna bene\u0161ka gladilka, polirana do sijaja, za mineralne zaklju\u010dne sloje, z ergonomsko gumijasto ro\u010dico.<\/div>\n<\/div>\n<\/div>","protected":false},"excerpt":{"rendered":"<p>Nerjave\u010de jeklo, romboidna bene\u0161ka gladilka, polirana do sijaja, za mineralne zaklju\u010dne sloje, z ergonomsko gumijasto ro\u010dico.<\/p>","protected":false},"featured_media":2841,"template":"","meta":[],"product_brand":[],"product_cat":[222,293],"product_tag":[],"class_list":{"0":"post-2840","1":"product","2":"type-product","3":"status-publish","4":"has-post-thumbnail","6":"product_cat-alati","7":"product_cat-dekorativni-alati-come-i-boldrini","9":"first","10":"instock","11":"shipping-taxable","12":"purchasable","13":"product-type-simple"},"acf":[],"_links":{"self":[{"href":"http:\/\/consortium.ascentia.top\/sl\/wp-json\/wp\/v2\/product\/2840","targetHints":{"allow":["GET"]}}],"collection":[{"href":"http:\/\/consortium.ascentia.top\/sl\/wp-json\/wp\/v2\/product"}],"about":[{"href":"http:\/\/consortium.ascentia.top\/sl\/wp-json\/wp\/v2\/types\/product"}],"wp:featuredmedia":[{"embeddable":true,"href":"http:\/\/consortium.ascentia.top\/sl\/wp-json\/wp\/v2\/media\/2841"}],"wp:attachment":[{"href":"http:\/\/consortium.ascentia.top\/sl\/wp-json\/wp\/v2\/media?parent=2840"}],"wp:term":[{"taxonomy":"product_brand","embeddable":true,"href":"http:\/\/consortium.ascentia.top\/sl\/wp-json\/wp\/v2\/product_brand?post=2840"},{"taxonomy":"product_cat","embeddable":true,"href":"http:\/\/consortium.ascentia.top\/sl\/wp-json\/wp\/v2\/product_cat?post=2840"},{"taxonomy":"product_tag","embeddable":true,"href":"http:\/\/consortium.ascentia.top\/sl\/wp-json\/wp\/v2\/product_tag?post=2840"}],"curies":[{"name":"wp","href":"https:\/\/api.w.org\/{rel}","templated":true}]}}